{"id":2521,"date":"2023-06-30T14:39:33","date_gmt":"2023-06-30T14:39:33","guid":{"rendered":"http:\/\/uzl.drf.mybluehost.me\/la-vostra-guida-autorizzata\/"},"modified":"2023-08-10T12:56:53","modified_gmt":"2023-08-10T12:56:53","slug":"la-vostra-guida-autorizzata","status":"publish","type":"page","link":"https:\/\/wadirumquietvillage.com\/it\/la-vostra-guida-autorizzata\/","title":{"rendered":"La vostra guida autorizzata"},"content":{"rendered":"\n<p><\/p>\n\n<p><\/p>\n\n<h2 class=\"wp-block-heading has-text-align-center\">Informazioni su Saleem<\/h2>\n\n<div style=\"height:37px\" aria-hidden=\"true\" class=\"wp-block-spacer\"><\/div>\n\n<p>Saleem \u00e8 una guida del deserto di grande esperienza, in possesso della licenza dell&#8217;Autorit\u00e0 dell&#8217;Area Protetta del Wadi Rum. Essendo lui stesso un beduino, cresciuto nel deserto, ne conosce ogni centimetro.<\/p>\n\n<div style=\"height:42px\" aria-hidden=\"true\" class=\"wp-block-spacer\"><\/div>\n\n<blockquote class=\"wp-block-quote is-layout-flow wp-block-quote-is-layout-flow\">\n<p>Saleem ha il campo della sua famiglia, dove la sua famiglia viveva circa due decenni fa. A differenza dei numerosi campi turistici grandi e sviluppati che ospitano almeno un centinaio di persone ciascuno, tutti situati fuori dall&#8217;Area Protetta uno dopo l&#8217;altro, questo campo beduino si trova all&#8217;interno dei confini dell&#8217;Area Protetta, nel cuore del deserto, in un rifugio remoto di splendide formazioni rocciose di arenaria. Il campo di Saleh sar\u00e0 apprezzato soprattutto da chi desidera vivere in prima persona il vero mondo del deserto e da chi \u00e8 interessato a conoscere la vera vita e le tradizioni del popolo beduino. In questo luogo incantato, il silenzio acquister\u00e0 un nuovo significato per voi. Una notte sotto il cielo stellato del deserto sar\u00e0 senza dubbio la cura giusta per rilassare i nervi tesi.<\/p>\n\n\n\n<p><\/p>\n\n\n\n<div style=\"height:40px\" aria-hidden=\"true\" class=\"wp-block-spacer\"><\/div>\n<\/blockquote>\n\n<p>Se avete poco tempo a disposizione, potete scegliere una gita di due ore e vedere alcune delle attrazioni pi\u00f9 importanti, ma si consiglia di prevedere 4-5 ore per le varie gite. Naturalmente \u00e8 possibile organizzare anche escursioni di una giornata intera o di pi\u00f9 giorni. Vi verranno presentate le parti pi\u00f9 impressionanti del deserto, comprese le attrazioni storiche e culturali (ad esempio le incisioni rupestri di Nabateo, risalenti a duemila anni fa) e le bellezze naturali (torri e ponti di arenaria), ecc. Per cambiare, potete provare l&#8217;equitazione a dorso di cammello. Non perdete l&#8217;occasione di immergervi in un meraviglioso tramonto nel deserto. L&#8217;esperienza della notte nel deserto inizier\u00e0 con una cena tradizionale, seguita da canti e danze beduine. Passerete la notte in tende beduine o, in estate, sotto il cielo stellato.<\/p>\n\n<div style=\"height:49px\" aria-hidden=\"true\" class=\"wp-block-spacer\"><\/div>\n<div class=\"wp-block-image\">\n<figure class=\"aligncenter size-large is-resized\"><img fetchpriority=\"high\" decoding=\"async\" src=\"https:\/\/wadirumquietvillage.com\/wp-content\/uploads\/2023\/06\/brown-mountain-blue-sky-during-night-time-1-1024x307.jpg\" alt=\"\" class=\"wp-image-852\" width=\"1131\" height=\"339\" srcset=\"https:\/\/wadirumquietvillage.com\/wp-content\/uploads\/2023\/06\/brown-mountain-blue-sky-during-night-time-1-1024x307.jpg 1024w, https:\/\/wadirumquietvillage.com\/wp-content\/uploads\/2023\/06\/brown-mountain-blue-sky-during-night-time-1-300x90.jpg 300w, https:\/\/wadirumquietvillage.com\/wp-content\/uploads\/2023\/06\/brown-mountain-blue-sky-during-night-time-1-768x230.jpg 768w, https:\/\/wadirumquietvillage.com\/wp-content\/uploads\/2023\/06\/brown-mountain-blue-sky-during-night-time-1-700x210.jpg 700w, https:\/\/wadirumquietvillage.com\/wp-content\/uploads\/2023\/06\/brown-mountain-blue-sky-during-night-time-1.jpg 1292w\" sizes=\"(max-width: 1131px) 100vw, 1131px\" \/><\/figure>\n<\/div>\n<div style=\"height:100px\" aria-hidden=\"true\" class=\"wp-block-spacer\"><\/div>\n","protected":false},"excerpt":{"rendered":"<p>Informazioni su Saleem Saleem \u00e8 una guida del deserto di grande esperienza, in possesso della licenza dell&#8217;Autorit\u00e0 dell&#8217;Area Protetta del Wadi Rum. Essendo lui stesso un beduino, cresciuto nel deserto, ne conosce ogni centimetro. Se avete poco tempo a disposizione, potete scegliere una gita di&#8230;<\/p>\n","protected":false},"author":1,"featured_media":0,"parent":0,"menu_order":0,"comment_status":"closed","ping_status":"closed","template":"","meta":{"_sharing_image":[],"_sharing_image_fieldset":[],"footnotes":""},"class_list":["post-2521","page","type-page","status-publish","hentry"],"_links":{"self":[{"href":"https:\/\/wadirumquietvillage.com\/it\/wp-json\/wp\/v2\/pages\/2521","targetHints":{"allow":["GET"]}}],"collection":[{"href":"https:\/\/wadirumquietvillage.com\/it\/wp-json\/wp\/v2\/pages"}],"about":[{"href":"https:\/\/wadirumquietvillage.com\/it\/wp-json\/wp\/v2\/types\/page"}],"author":[{"embeddable":true,"href":"https:\/\/wadirumquietvillage.com\/it\/wp-json\/wp\/v2\/users\/1"}],"replies":[{"embeddable":true,"href":"https:\/\/wadirumquietvillage.com\/it\/wp-json\/wp\/v2\/comments?post=2521"}],"version-history":[{"count":1,"href":"https:\/\/wadirumquietvillage.com\/it\/wp-json\/wp\/v2\/pages\/2521\/revisions"}],"predecessor-version":[{"id":2525,"href":"https:\/\/wadirumquietvillage.com\/it\/wp-json\/wp\/v2\/pages\/2521\/revisions\/2525"}],"wp:attachment":[{"href":"https:\/\/wadirumquietvillage.com\/it\/wp-json\/wp\/v2\/media?parent=2521"}],"curies":[{"name":"wp","href":"https:\/\/api.w.org\/{rel}","templated":true}]}}