{"id":2504,"date":"2023-06-20T18:49:12","date_gmt":"2023-06-20T18:49:12","guid":{"rendered":"http:\/\/uzl.drf.mybluehost.me\/informativa-sulla-privacy\/"},"modified":"2023-08-10T14:24:21","modified_gmt":"2023-08-10T14:24:21","slug":"informativa-sulla-privacy","status":"publish","type":"page","link":"https:\/\/wadirumquietvillage.com\/it\/informativa-sulla-privacy\/","title":{"rendered":"Informativa sulla privacy"},"content":{"rendered":"\t\t<div data-elementor-type=\"wp-page\" data-elementor-id=\"2504\" class=\"elementor elementor-2504 elementor-3\">\n\t\t\t\t\t\t<section class=\"elementor-section elementor-top-section elementor-element elementor-element-2d827f44 elementor-section-boxed elementor-section-height-default elementor-section-height-default parallax_section_no qode_elementor_container_no\" data-id=\"2d827f44\" data-element_type=\"section\" data-e-type=\"section\">\n\t\t\t\t\t\t<div class=\"elementor-container elementor-column-gap-default\">\n\t\t\t\t\t<div class=\"elementor-column elementor-col-100 elementor-top-column elementor-element elementor-element-71da1e6a\" data-id=\"71da1e6a\" data-element_type=\"column\" data-e-type=\"column\">\n\t\t\t<div class=\"elementor-widget-wrap elementor-element-populated\">\n\t\t\t\t\t\t\t<\/div>\n\t\t<\/div>\n\t\t\t\t\t<\/div>\n\t\t<\/section>\n\t\t\t\t<section class=\"elementor-section elementor-top-section elementor-element elementor-element-0c87c72 elementor-section-full_width elementor-section-height-default elementor-section-height-default parallax_section_no qode_elementor_container_no\" data-id=\"0c87c72\" data-element_type=\"section\" data-e-type=\"section\">\n\t\t\t\t\t\t<div class=\"elementor-container elementor-column-gap-default\">\n\t\t\t\t\t<div class=\"elementor-column elementor-col-100 elementor-top-column elementor-element elementor-element-6966ca7\" data-id=\"6966ca7\" data-element_type=\"column\" data-e-type=\"column\">\n\t\t\t<div class=\"elementor-widget-wrap elementor-element-populated\">\n\t\t\t\t\t\t<div class=\"elementor-element elementor-element-18a244f elementor-widget elementor-widget-heading\" data-id=\"18a244f\" data-element_type=\"widget\" data-e-type=\"widget\" data-widget_type=\"heading.default\">\n\t\t\t\t<div class=\"elementor-widget-container\">\n\t\t\t\t\t<h2 class=\"elementor-heading-title elementor-size-default\">Aggiungete qui il testo dell'intestazione<\/h2>\t\t\t\t<\/div>\n\t\t\t\t<\/div>\n\t\t\t\t\t<\/div>\n\t\t<\/div>\n\t\t\t\t\t<\/div>\n\t\t<\/section>\n\t\t\t\t<section class=\"elementor-section elementor-top-section elementor-element elementor-element-7e1f688 elementor-section-boxed elementor-section-height-default elementor-section-height-default parallax_section_no qode_elementor_container_no\" data-id=\"7e1f688\" data-element_type=\"section\" data-e-type=\"section\">\n\t\t\t\t\t\t<div class=\"elementor-container elementor-column-gap-default\">\n\t\t\t\t\t<div class=\"elementor-column elementor-col-100 elementor-top-column elementor-element elementor-element-790b66e\" data-id=\"790b66e\" data-element_type=\"column\" data-e-type=\"column\">\n\t\t\t<div class=\"elementor-widget-wrap elementor-element-populated\">\n\t\t\t\t\t\t<div class=\"elementor-element elementor-element-115b73a elementor-hidden-desktop elementor-widget elementor-widget-spacer\" data-id=\"115b73a\" data-element_type=\"widget\" data-e-type=\"widget\" data-widget_type=\"spacer.default\">\n\t\t\t\t<div class=\"elementor-widget-container\">\n\t\t\t\t\t\t\t<div class=\"elementor-spacer\">\n\t\t\t<div class=\"elementor-spacer-inner\"><\/div>\n\t\t<\/div>\n\t\t\t\t\t\t<\/div>\n\t\t\t\t<\/div>\n\t\t\t\t\t<\/div>\n\t\t<\/div>\n\t\t\t\t\t<\/div>\n\t\t<\/section>\n\t\t\t\t<section class=\"elementor-section elementor-top-section elementor-element elementor-element-2ea7473 elementor-section-boxed elementor-section-height-default elementor-section-height-default parallax_section_no qode_elementor_container_no\" data-id=\"2ea7473\" data-element_type=\"section\" data-e-type=\"section\">\n\t\t\t\t\t\t<div class=\"elementor-container elementor-column-gap-default\">\n\t\t\t\t\t<div class=\"elementor-column elementor-col-100 elementor-top-column elementor-element elementor-element-2e70204\" data-id=\"2e70204\" data-element_type=\"column\" data-e-type=\"column\">\n\t\t\t<div class=\"elementor-widget-wrap elementor-element-populated\">\n\t\t\t\t\t\t<div class=\"elementor-element elementor-element-7159e74 elementor-widget elementor-widget-text-editor\" data-id=\"7159e74\" data-element_type=\"widget\" data-e-type=\"widget\" data-widget_type=\"text-editor.default\">\n\t\t\t\t<div class=\"elementor-widget-container\">\n\t\t\t\t\t\t\t\t\t<h2>Chi siamo<\/h2><p>Wadi Rum Quiet Village (&#8220;noi&#8221;, &#8220;ci&#8221; o &#8220;nostro&#8221;) gestisce il sito: https: <a href=\"https:\/\/wadirumquietvillage.com\">\/\/wadirumquietvillage.com<\/a>.<\/p><p>Questa pagina informa l&#8217;utente sulle nostre politiche relative alla raccolta, all&#8217;uso e alla divulgazione dei dati personali quando utilizza il nostro Servizio e sulle scelte che l&#8217;utente ha associato a tali dati.<\/p><p>Utilizziamo i vostri dati per fornire e migliorare il Servizio. Utilizzando il Servizio, l&#8217;utente accetta la raccolta e l&#8217;utilizzo delle informazioni in conformit\u00e0 con la presente politica. Se non diversamente definito nella presente Informativa sulla privacy, i termini utilizzati nella presente Informativa sulla privacy hanno lo stesso significato delle nostre <a href=\"https:\/\/wadirumquietvillage.camp\/terms-of-use\/\" target=\"_blank\" rel=\"noopener\">Condizioni d&#8217;uso<\/a>, accessibili dal sito <a href=\"https:\/\/wadirumquietvillage.camp\/terms-of-use\/\">https:\/\/wadirumquietvillage.camp\/terms-of-use\/<\/a>.<\/p><p>Raccogliamo diversi tipi di informazioni per vari scopi, al fine di fornire e migliorare il nostro servizio all&#8217;utente. Tipi di dati raccolti Dati personali Durante l&#8217;utilizzo del nostro Servizio, potremmo chiedervi di fornirci alcune informazioni di identificazione personale che possono essere utilizzate per contattarvi o identificarvi (&#8220;Dati personali&#8221;). Le informazioni di identificazione personale possono includere, ma non sono limitate a: Indirizzo e-mail Numero di telefono Cookie e dati di utilizzo<\/p><p>Durante l&#8217;utilizzo del nostro Servizio, potremmo chiedervi di fornirci alcune informazioni di identificazione personale che possono essere utilizzate per contattarvi o identificarvi (&#8220;Dati personali&#8221;). Le informazioni di identificazione personale possono includere, ma non sono limitate a: Indirizzo e-mail Numero di telefono Cookie e dati di utilizzo<\/p><h2>Biscotti<\/h2><p>Utilizziamo cookie e tecnologie di tracciamento simili per monitorare l&#8217;attivit\u00e0 sul nostro Servizio e conservare determinate informazioni. I cookie sono file contenenti una piccola quantit\u00e0 di dati che possono includere un identificatore unico anonimo.<\/p><p>I cookie vengono inviati al vostro browser da un sito web e memorizzati sul vostro dispositivo. Le tecnologie di tracciamento utilizzate sono anche beacon, tag e script per raccogliere e tracciare informazioni e per migliorare e analizzare il nostro Servizio.<\/p><p>\u00c8 possibile indicare al proprio browser di rifiutare tutti i cookie o di segnalare l&#8217;invio di un cookie. Tuttavia, se non accettate i cookie, potreste non essere in grado di utilizzare alcune parti del nostro Servizio.<\/p><p>Esempi di cookie che utilizziamo:<\/p><p>Cookie di sessione. Utilizziamo i cookie di sessione per gestire il nostro Servizio.<\/p><p>Cookie di preferenza. Utilizziamo i cookie di preferenza per ricordare le vostre preferenze e le varie impostazioni.<\/p><p>Cookie di sicurezza. Utilizziamo i cookie di sicurezza per scopi di sicurezza.<\/p><h2>Utilizzo dei dati<\/h2><p>Wadi Rum Quiet Village utilizza i dati raccolti per vari scopi: Fornire e mantenere il Servizio Comunicare all&#8217;utente le modifiche apportate al nostro Servizio Permettere all&#8217;utente di partecipare alle funzioni interattive del nostro Servizio quando sceglie di farlo Fornire assistenza e supporto al cliente Fornire analisi o informazioni preziose in modo da poter migliorare il Servizio Monitorare l&#8217;utilizzo del Servizio Individuare, prevenire e risolvere problemi tecnici<\/p><h2>\u00a0<\/h2><h2>Trasferimento dei dati<\/h2><p>Le vostre informazioni, compresi i Dati personali, possono essere trasferite a &#8211; e mantenute su &#8211; computer situati al di fuori del vostro stato, provincia, paese o altra giurisdizione governativa in cui le leggi sulla protezione dei dati possono differire da quelle della vostra giurisdizione. Se l&#8217;utente si trova al di fuori della Giordania e sceglie di fornirci informazioni, si prega di notare che i dati, compresi i dati personali, vengono trasferiti in Giordania e l\u00ec elaborati. Il consenso alla presente Informativa sulla privacy seguito dall&#8217;invio di tali informazioni rappresenta l&#8217;accettazione di tale trasferimento. Il Wadi Rum Quiet Village adotter\u00e0 tutte le misure ragionevolmente necessarie per garantire che i vostri dati siano trattati in modo sicuro e in conformit\u00e0 con la presente Informativa sulla privacy e nessun trasferimento dei vostri dati personali avverr\u00e0 a un&#8217;organizzazione o a un paese a meno che non vi siano controlli adeguati in atto, compresa la sicurezza dei vostri dati e delle altre informazioni personali. Divulgazione dei Dati Requisiti Legali Wadi Rum Quiet Village pu\u00f2 divulgare i tuoi Dati Personali nella convinzione in buona fede che tale azione sia necessaria per: adempiere a un obbligo legale proteggere e difendere i diritti o la propriet\u00e0 di Wadi Rum Quiet Village prevenire o indagare su possibili illeciti in relazione al Servizio proteggere la sicurezza personale degli utenti del Servizio o del pubblico proteggere da responsabilit\u00e0 legali<\/p><h2>\u00a0<\/h2><h2>Sicurezza dei dati<\/h2><p>La sicurezza dei vostri dati \u00e8 importante per noi, ma ricordate che nessun metodo di trasmissione su Internet o di archiviazione elettronica \u00e8 sicuro al 100%. Sebbene ci sforziamo di utilizzare mezzi commercialmente accettabili per proteggere i vostri Dati personali, non possiamo garantirne l&#8217;assoluta sicurezza. Fornitori di servizi Possiamo impiegare societ\u00e0 e individui terzi per facilitare il nostro Servizio (&#8220;Fornitori di servizi&#8221;), per fornire il Servizio per nostro conto, per eseguire servizi correlati al Servizio o per assisterci nell&#8217;analisi dell&#8217;utilizzo del nostro Servizio. Queste terze parti hanno accesso ai vostri dati personali solo per svolgere questi compiti per nostro conto e sono obbligate a non rivelarli o utilizzarli per qualsiasi altro scopo. Link ad altri siti Il nostro Servizio pu\u00f2 contenere link ad altri siti che non sono gestiti da noi. Se si clicca su un link di terzi, si viene indirizzati al sito di questi ultimi. Consigliamo vivamente di prendere visione dell&#8217;Informativa sulla privacy di ogni sito visitato. Non abbiamo alcun controllo e non ci assumiamo alcuna responsabilit\u00e0 per il contenuto, le politiche sulla privacy o le pratiche di siti o servizi di terzi. Privacy dei bambini Il nostro Servizio non si rivolge a persone di et\u00e0 inferiore ai 13 anni (&#8220;Bambini&#8221;). Non raccogliamo consapevolmente informazioni di identificazione personale da persone di et\u00e0 inferiore ai 13 anni. Se siete genitori o tutori e siete a conoscenza del fatto che i vostri figli ci hanno fornito dei dati personali, vi preghiamo di contattarci. Se ci rendiamo conto di aver raccolto dati personali di bambini senza aver verificato il consenso dei genitori, prendiamo provvedimenti per rimuovere tali informazioni dai nostri server.<\/p><h2>Modifiche alla presente informativa sulla privacy<\/h2><p>La nostra Informativa sulla privacy pu\u00f2 essere aggiornata di tanto in tanto. Vi informeremo di eventuali modifiche pubblicando la nuova Informativa sulla privacy su questa pagina. Vi informeremo via e-mail e\/o con un avviso ben visibile sul nostro Servizio, prima che la modifica diventi effettiva e aggiorneremo la &#8220;data di entrata in vigore&#8221; all&#8217;inizio della presente Informativa sulla privacy. Si consiglia di rivedere periodicamente la presente Informativa sulla privacy per eventuali modifiche. Le modifiche alla presente Informativa sulla privacy entrano in vigore nel momento in cui vengono pubblicate su questa pagina.<\/p>\t\t\t\t\t\t\t\t<\/div>\n\t\t\t\t<\/div>\n\t\t\t\t\t<\/div>\n\t\t<\/div>\n\t\t\t\t\t<\/div>\n\t\t<\/section>\n\t\t\t\t<\/div>\n\t\t","protected":false},"excerpt":{"rendered":"<p>Aggiungete qui il testo dell&#8217;intestazione Chi siamo Wadi Rum Quiet Village (&#8220;noi&#8221;, &#8220;ci&#8221; o &#8220;nostro&#8221;) gestisce il sito: https: \/\/wadirumquietvillage.com. Questa pagina informa l&#8217;utente sulle nostre politiche relative alla raccolta, all&#8217;uso e alla divulgazione dei dati personali quando utilizza il nostro Servizio e sulle scelte&#8230;<\/p>\n","protected":false},"author":1,"featured_media":0,"parent":0,"menu_order":0,"comment_status":"closed","ping_status":"closed","template":"","meta":{"_sharing_image":[],"_sharing_image_fieldset":[],"footnotes":""},"class_list":["post-2504","page","type-page","status-publish","hentry"],"_links":{"self":[{"href":"https:\/\/wadirumquietvillage.com\/it\/wp-json\/wp\/v2\/pages\/2504","targetHints":{"allow":["GET"]}}],"collection":[{"href":"https:\/\/wadirumquietvillage.com\/it\/wp-json\/wp\/v2\/pages"}],"about":[{"href":"https:\/\/wadirumquietvillage.com\/it\/wp-json\/wp\/v2\/types\/page"}],"author":[{"embeddable":true,"href":"https:\/\/wadirumquietvillage.com\/it\/wp-json\/wp\/v2\/users\/1"}],"replies":[{"embeddable":true,"href":"https:\/\/wadirumquietvillage.com\/it\/wp-json\/wp\/v2\/comments?post=2504"}],"version-history":[{"count":7,"href":"https:\/\/wadirumquietvillage.com\/it\/wp-json\/wp\/v2\/pages\/2504\/revisions"}],"predecessor-version":[{"id":3350,"href":"https:\/\/wadirumquietvillage.com\/it\/wp-json\/wp\/v2\/pages\/2504\/revisions\/3350"}],"wp:attachment":[{"href":"https:\/\/wadirumquietvillage.com\/it\/wp-json\/wp\/v2\/media?parent=2504"}],"curies":[{"name":"wp","href":"https:\/\/api.w.org\/{rel}","templated":true}]}}