{"id":2533,"date":"2023-06-30T14:39:33","date_gmt":"2023-06-30T14:39:33","guid":{"rendered":"http:\/\/uzl.drf.mybluehost.me\/votre-guide-agree\/"},"modified":"2023-08-10T12:56:53","modified_gmt":"2023-08-10T12:56:53","slug":"votre-guide-agree","status":"publish","type":"page","link":"https:\/\/wadirumquietvillage.com\/fr\/votre-guide-agree\/","title":{"rendered":"Votre guide agr\u00e9\u00e9"},"content":{"rendered":"\n<p><\/p>\n\n<p><\/p>\n\n<h2 class=\"wp-block-heading has-text-align-center\">\u00c0 propos de Saleem<\/h2>\n\n<div style=\"height:37px\" aria-hidden=\"true\" class=\"wp-block-spacer\"><\/div>\n\n<p>Saleem est un guide du d\u00e9sert tr\u00e8s exp\u00e9riment\u00e9 qui d\u00e9tient la licence de l&rsquo;Autorit\u00e9 de la zone prot\u00e9g\u00e9e de Wadi Rum. B\u00e9douin lui-m\u00eame, ayant grandi dans le d\u00e9sert, il en conna\u00eet les moindres recoins.<\/p>\n\n<div style=\"height:42px\" aria-hidden=\"true\" class=\"wp-block-spacer\"><\/div>\n\n<blockquote class=\"wp-block-quote is-layout-flow wp-block-quote-is-layout-flow\">\n<p>Saleem poss\u00e8de le camp de sa famille, o\u00f9 celle-ci vivait il y a une vingtaine d&rsquo;ann\u00e9es. Contrairement aux nombreux grands camps touristiques am\u00e9nag\u00e9s pouvant accueillir au moins une centaine de personnes chacun, tous situ\u00e9s l&rsquo;un apr\u00e8s l&rsquo;autre \u00e0 l&rsquo;ext\u00e9rieur de la zone prot\u00e9g\u00e9e, ce camp b\u00e9douin se trouve \u00e0 l&rsquo;int\u00e9rieur des limites de la zone prot\u00e9g\u00e9e, au c\u0153ur m\u00eame du d\u00e9sert, dans un abri isol\u00e9 de magnifiques formations rocheuses en gr\u00e8s. Le camp de Saleh sera tr\u00e8s appr\u00e9ci\u00e9 par ceux qui souhaitent vivre une exp\u00e9rience de premi\u00e8re main dans le vrai monde du d\u00e9sert et par ceux qui souhaitent avoir un aper\u00e7u de la vraie vie et des traditions du peuple b\u00e9douin. Dans ce site enchanteur, le silence prendra une nouvelle signification pour vous. Une nuit sous le ciel \u00e9toil\u00e9 du d\u00e9sert sera sans aucun doute le bon rem\u00e8de pour d\u00e9tendre les nerfs.<\/p>\n\n\n\n<p><\/p>\n\n\n\n<div style=\"height:40px\" aria-hidden=\"true\" class=\"wp-block-spacer\"><\/div>\n<\/blockquote>\n\n<p>Si vous manquez de temps, vous pouvez choisir une excursion de deux heures et voir certains des sites les plus importants, mais il est conseill\u00e9 de pr\u00e9voir 4 \u00e0 5 heures pour les diff\u00e9rentes excursions. Bien entendu, des excursions d&rsquo;une journ\u00e9e ou de plusieurs jours peuvent \u00e9galement \u00eatre organis\u00e9es. Vous d\u00e9couvrirez les parties les plus impressionnantes du d\u00e9sert, y compris les sites historiques et culturels (par exemple les gravures rupestres de Nabateus, vieilles de deux mille ans), ainsi que les sites naturels (tours et ponts en gr\u00e8s), etc. Pour changer, vous pouvez essayer de monter \u00e0 dos de chameau. Ne manquez pas la chance de vous perdre dans un magnifique coucher de soleil dans le d\u00e9sert. Votre exp\u00e9rience de la nuit dans le d\u00e9sert commencera par un d\u00eener traditionnel, suivi de chants et de danses b\u00e9douins. Vous passerez la nuit dans des tentes b\u00e9douines ou, en \u00e9t\u00e9, sous le ciel \u00e9toil\u00e9.<\/p>\n\n<div style=\"height:49px\" aria-hidden=\"true\" class=\"wp-block-spacer\"><\/div>\n<div class=\"wp-block-image\">\n<figure class=\"aligncenter size-large is-resized\"><img fetchpriority=\"high\" decoding=\"async\" src=\"https:\/\/wadirumquietvillage.com\/wp-content\/uploads\/2023\/06\/brown-mountain-blue-sky-during-night-time-1-1024x307.jpg\" alt=\"\" class=\"wp-image-852\" width=\"1131\" height=\"339\" srcset=\"https:\/\/wadirumquietvillage.com\/wp-content\/uploads\/2023\/06\/brown-mountain-blue-sky-during-night-time-1-1024x307.jpg 1024w, https:\/\/wadirumquietvillage.com\/wp-content\/uploads\/2023\/06\/brown-mountain-blue-sky-during-night-time-1-300x90.jpg 300w, https:\/\/wadirumquietvillage.com\/wp-content\/uploads\/2023\/06\/brown-mountain-blue-sky-during-night-time-1-768x230.jpg 768w, https:\/\/wadirumquietvillage.com\/wp-content\/uploads\/2023\/06\/brown-mountain-blue-sky-during-night-time-1-700x210.jpg 700w, https:\/\/wadirumquietvillage.com\/wp-content\/uploads\/2023\/06\/brown-mountain-blue-sky-during-night-time-1.jpg 1292w\" sizes=\"(max-width: 1131px) 100vw, 1131px\" \/><\/figure>\n<\/div>\n<div style=\"height:100px\" aria-hidden=\"true\" class=\"wp-block-spacer\"><\/div>\n","protected":false},"excerpt":{"rendered":"<p>\u00c0 propos de Saleem Saleem est un guide du d\u00e9sert tr\u00e8s exp\u00e9riment\u00e9 qui d\u00e9tient la licence de l&rsquo;Autorit\u00e9 de la zone prot\u00e9g\u00e9e de Wadi Rum. B\u00e9douin lui-m\u00eame, ayant grandi dans le d\u00e9sert, il en conna\u00eet les moindres recoins. Si vous manquez de temps, vous pouvez&#8230;<\/p>\n","protected":false},"author":1,"featured_media":0,"parent":0,"menu_order":0,"comment_status":"closed","ping_status":"closed","template":"","meta":{"_sharing_image":[],"_sharing_image_fieldset":[],"footnotes":""},"class_list":["post-2533","page","type-page","status-publish","hentry"],"_links":{"self":[{"href":"https:\/\/wadirumquietvillage.com\/fr\/wp-json\/wp\/v2\/pages\/2533","targetHints":{"allow":["GET"]}}],"collection":[{"href":"https:\/\/wadirumquietvillage.com\/fr\/wp-json\/wp\/v2\/pages"}],"about":[{"href":"https:\/\/wadirumquietvillage.com\/fr\/wp-json\/wp\/v2\/types\/page"}],"author":[{"embeddable":true,"href":"https:\/\/wadirumquietvillage.com\/fr\/wp-json\/wp\/v2\/users\/1"}],"replies":[{"embeddable":true,"href":"https:\/\/wadirumquietvillage.com\/fr\/wp-json\/wp\/v2\/comments?post=2533"}],"version-history":[{"count":1,"href":"https:\/\/wadirumquietvillage.com\/fr\/wp-json\/wp\/v2\/pages\/2533\/revisions"}],"predecessor-version":[{"id":2534,"href":"https:\/\/wadirumquietvillage.com\/fr\/wp-json\/wp\/v2\/pages\/2533\/revisions\/2534"}],"wp:attachment":[{"href":"https:\/\/wadirumquietvillage.com\/fr\/wp-json\/wp\/v2\/media?parent=2533"}],"curies":[{"name":"wp","href":"https:\/\/api.w.org\/{rel}","templated":true}]}}