{"id":2529,"date":"2023-07-04T14:12:17","date_gmt":"2023-07-04T14:12:17","guid":{"rendered":"http:\/\/uzl.drf.mybluehost.me\/conditions-dutilisation\/"},"modified":"2023-07-21T07:06:04","modified_gmt":"2023-07-21T07:06:04","slug":"conditions-dutilisation","status":"publish","type":"page","link":"https:\/\/wadirumquietvillage.com\/fr\/conditions-dutilisation\/","title":{"rendered":"Conditions d&rsquo;utilisation"},"content":{"rendered":"\t\t<div data-elementor-type=\"wp-page\" data-elementor-id=\"2529\" class=\"elementor elementor-2529 elementor-1046\">\n\t\t\t\t\t\t<section class=\"elementor-section elementor-top-section elementor-element elementor-element-b26006b elementor-hidden-desktop elementor-section-boxed elementor-section-height-default elementor-section-height-default parallax_section_no qode_elementor_container_no\" data-id=\"b26006b\" data-element_type=\"section\" data-e-type=\"section\">\n\t\t\t\t\t\t<div class=\"elementor-container elementor-column-gap-default\">\n\t\t\t\t\t<div class=\"elementor-column elementor-col-100 elementor-top-column elementor-element elementor-element-d4bace3\" data-id=\"d4bace3\" data-element_type=\"column\" data-e-type=\"column\">\n\t\t\t<div class=\"elementor-widget-wrap elementor-element-populated\">\n\t\t\t\t\t\t<div class=\"elementor-element elementor-element-46973bc elementor-widget elementor-widget-spacer\" data-id=\"46973bc\" data-element_type=\"widget\" data-e-type=\"widget\" data-widget_type=\"spacer.default\">\n\t\t\t\t<div class=\"elementor-widget-container\">\n\t\t\t\t\t\t\t<div class=\"elementor-spacer\">\n\t\t\t<div class=\"elementor-spacer-inner\"><\/div>\n\t\t<\/div>\n\t\t\t\t\t\t<\/div>\n\t\t\t\t<\/div>\n\t\t\t\t\t<\/div>\n\t\t<\/div>\n\t\t\t\t\t<\/div>\n\t\t<\/section>\n\t\t\t\t<section class=\"elementor-section elementor-top-section elementor-element elementor-element-2d827f44 elementor-section-boxed elementor-section-height-default elementor-section-height-default parallax_section_no qode_elementor_container_no\" data-id=\"2d827f44\" data-element_type=\"section\" data-e-type=\"section\">\n\t\t\t\t\t\t<div class=\"elementor-container elementor-column-gap-default\">\n\t\t\t\t\t<div class=\"elementor-column elementor-col-100 elementor-top-column elementor-element elementor-element-71da1e6a\" data-id=\"71da1e6a\" data-element_type=\"column\" data-e-type=\"column\">\n\t\t\t<div class=\"elementor-widget-wrap elementor-element-populated\">\n\t\t\t\t\t\t<div class=\"elementor-element elementor-element-1a6f15c0 elementor-widget elementor-widget-text-editor\" data-id=\"1a6f15c0\" data-element_type=\"widget\" data-e-type=\"widget\" data-widget_type=\"text-editor.default\">\n\t\t\t\t<div class=\"elementor-widget-container\">\n\t\t\t\t\t\t\t\t\t<p style=\"margin-bottom: 20px; font-family: inherit; font-size: 16px; font-style: inherit;\">Veuillez lire attentivement les pr\u00e9sentes conditions g\u00e9n\u00e9rales (\u00ab\u00a0Conditions\u00a0\u00bb, \u00ab\u00a0Conditions g\u00e9n\u00e9rales\u00a0\u00bb) avant d&rsquo;utiliser le site web https:\/\/wadirumquietvillage.camp\/ (le \u00ab\u00a0Service\u00a0\u00bb) exploit\u00e9 par Wadi Rum Quiet Village (\u00ab\u00a0nous\u00a0\u00bb, \u00ab\u00a0nous\u00a0\u00bb ou \u00ab\u00a0notre\u00a0\u00bb).<\/p>\n<p style=\"margin-bottom: 20px; font-family: inherit; font-size: 16px; font-style: inherit;\">L&rsquo;acc\u00e8s au service et son utilisation sont subordonn\u00e9s \u00e0 l&rsquo;acceptation et au respect des pr\u00e9sentes conditions. Les pr\u00e9sentes conditions s&rsquo;appliquent \u00e0 tous les visiteurs, utilisateurs et autres personnes qui acc\u00e8dent au service ou l&rsquo;utilisent.<\/p>\n<p style=\"margin-bottom: 20px; font-family: inherit; font-size: 16px; font-style: inherit;\">En acc\u00e9dant au service ou en l&rsquo;utilisant, vous acceptez d&rsquo;\u00eatre li\u00e9 par les pr\u00e9sentes conditions. Si vous n&rsquo;\u00eates pas d&rsquo;accord avec une partie des conditions, vous ne pouvez pas acc\u00e9der au service. Cet accord sur les conditions g\u00e9n\u00e9rales pour le Wadi Rum Quiet Village est aliment\u00e9 par Terms Feed.<br style=\"margin: 0px; padding: 0px;\">Liens vers d&rsquo;autres sites web<\/p>\n<p style=\"margin-bottom: 20px; font-family: inherit; font-size: 16px; font-style: inherit;\">Notre service peut contenir des liens vers des sites web ou des services de tiers qui ne sont pas d\u00e9tenus ou contr\u00f4l\u00e9s par Wadi Rum Quiet Village.<\/p>\n<p style=\"margin-bottom: 20px; font-family: inherit; font-size: 16px; font-style: inherit;\">Wadi Rum Quiet Village n&rsquo;a aucun contr\u00f4le sur le contenu, les politiques de confidentialit\u00e9 ou les pratiques des sites web ou services de tiers, et n&rsquo;en assume pas la responsabilit\u00e9. Vous reconnaissez et acceptez en outre que Wadi Rum Quiet Village ne peut \u00eatre tenu responsable, directement ou indirectement, de tout dommage ou perte caus\u00e9 ou suppos\u00e9 caus\u00e9 par ou en relation avec l&rsquo;utilisation ou la confiance accord\u00e9e \u00e0 tout contenu, bien ou service disponible sur ou par l&rsquo;interm\u00e9diaire de ces sites web ou services.<\/p>\n<p style=\"margin-bottom: 20px; font-family: inherit; font-size: 16px; font-style: inherit;\">Nous vous conseillons vivement de lire les conditions g\u00e9n\u00e9rales et les politiques de confidentialit\u00e9 de tout site web ou service tiers que vous visitez.<br style=\"margin: 0px; padding: 0px;\">Loi applicable<\/p>\n<p style=\"margin-bottom: 20px; font-family: inherit; font-size: 16px; font-style: inherit;\">Les pr\u00e9sentes conditions sont r\u00e9gies et interpr\u00e9t\u00e9es conform\u00e9ment au droit jordanien, sans tenir compte des dispositions relatives aux conflits de lois.<\/p>\n<p style=\"margin-bottom: 20px; font-family: inherit; font-size: 16px; font-style: inherit;\">Le fait que nous n&rsquo;appliquions pas un droit ou une disposition des pr\u00e9sentes conditions ne sera pas consid\u00e9r\u00e9 comme une renonciation \u00e0 ces droits. Si une disposition des pr\u00e9sentes conditions est jug\u00e9e invalide ou inapplicable par un tribunal, les autres dispositions des pr\u00e9sentes conditions resteront en vigueur. Les pr\u00e9sentes conditions constituent l&rsquo;int\u00e9gralit\u00e9 de l&rsquo;accord entre nous concernant notre service, et annulent et remplacent tout accord ant\u00e9rieur que nous pourrions avoir entre nous concernant le service.<br style=\"margin: 0px; padding: 0px;\">Changements<\/p>\n<p style=\"margin-bottom: 20px; font-family: inherit; font-size: 16px; font-style: inherit;\">Nous nous r\u00e9servons le droit, \u00e0 notre seule discr\u00e9tion, de modifier ou de remplacer les pr\u00e9sentes conditions \u00e0 tout moment. Si une r\u00e9vision est importante, nous nous efforcerons de donner un pr\u00e9avis d&rsquo;au moins 15 jours avant l&rsquo;entr\u00e9e en vigueur des nouvelles conditions. Ce qui constitue un changement important sera d\u00e9termin\u00e9 \u00e0 notre seule discr\u00e9tion.<\/p>\n<p style=\"margin-bottom: 20px; font-family: inherit; font-size: 16px; font-style: inherit;\">En continuant \u00e0 acc\u00e9der \u00e0 notre service ou \u00e0 l&rsquo;utiliser apr\u00e8s l&rsquo;entr\u00e9e en vigueur de ces r\u00e9visions, vous acceptez d&rsquo;\u00eatre li\u00e9 par les conditions r\u00e9vis\u00e9es. Si vous n&rsquo;acceptez pas les nouvelles conditions, veuillez cesser d&rsquo;utiliser le service.<br style=\"margin: 0px; padding: 0px;\">Nous contacter<\/p>\n<p style=\"margin-bottom: 20px; font-family: inherit; font-size: 16px; font-style: inherit;\">Si vous avez des questions concernant ces conditions, veuillez nous contacter.<\/p>\t\t\t\t\t\t\t\t<\/div>\n\t\t\t\t<\/div>\n\t\t\t\t\t<\/div>\n\t\t<\/div>\n\t\t\t\t\t<\/div>\n\t\t<\/section>\n\t\t\t\t<\/div>\n\t\t","protected":false},"excerpt":{"rendered":"<p>Veuillez lire attentivement les pr\u00e9sentes conditions g\u00e9n\u00e9rales (\u00ab\u00a0Conditions\u00a0\u00bb, \u00ab\u00a0Conditions g\u00e9n\u00e9rales\u00a0\u00bb) avant d&rsquo;utiliser le site web https:\/\/wadirumquietvillage.camp\/ (le \u00ab\u00a0Service\u00a0\u00bb) exploit\u00e9 par Wadi Rum Quiet Village (\u00ab\u00a0nous\u00a0\u00bb, \u00ab\u00a0nous\u00a0\u00bb ou \u00ab\u00a0notre\u00a0\u00bb). L&rsquo;acc\u00e8s au service et son utilisation sont subordonn\u00e9s \u00e0 l&rsquo;acceptation et au respect des pr\u00e9sentes conditions. Les&#8230;<\/p>\n","protected":false},"author":1,"featured_media":0,"parent":0,"menu_order":0,"comment_status":"closed","ping_status":"closed","template":"","meta":{"_sharing_image":[],"_sharing_image_fieldset":[],"footnotes":""},"class_list":["post-2529","page","type-page","status-publish","hentry"],"_links":{"self":[{"href":"https:\/\/wadirumquietvillage.com\/fr\/wp-json\/wp\/v2\/pages\/2529","targetHints":{"allow":["GET"]}}],"collection":[{"href":"https:\/\/wadirumquietvillage.com\/fr\/wp-json\/wp\/v2\/pages"}],"about":[{"href":"https:\/\/wadirumquietvillage.com\/fr\/wp-json\/wp\/v2\/types\/page"}],"author":[{"embeddable":true,"href":"https:\/\/wadirumquietvillage.com\/fr\/wp-json\/wp\/v2\/users\/1"}],"replies":[{"embeddable":true,"href":"https:\/\/wadirumquietvillage.com\/fr\/wp-json\/wp\/v2\/comments?post=2529"}],"version-history":[{"count":10,"href":"https:\/\/wadirumquietvillage.com\/fr\/wp-json\/wp\/v2\/pages\/2529\/revisions"}],"predecessor-version":[{"id":2988,"href":"https:\/\/wadirumquietvillage.com\/fr\/wp-json\/wp\/v2\/pages\/2529\/revisions\/2988"}],"wp:attachment":[{"href":"https:\/\/wadirumquietvillage.com\/fr\/wp-json\/wp\/v2\/media?parent=2529"}],"curies":[{"name":"wp","href":"https:\/\/api.w.org\/{rel}","templated":true}]}}