{"id":2493,"date":"2023-06-20T18:49:12","date_gmt":"2023-06-20T18:49:12","guid":{"rendered":"http:\/\/uzl.drf.mybluehost.me\/politique-de-confidentialite\/"},"modified":"2023-08-10T14:23:44","modified_gmt":"2023-08-10T14:23:44","slug":"politique-de-confidentialite","status":"publish","type":"page","link":"https:\/\/wadirumquietvillage.com\/fr\/politique-de-confidentialite\/","title":{"rendered":"Politique de confidentialit\u00e9"},"content":{"rendered":"\t\t<div data-elementor-type=\"wp-page\" data-elementor-id=\"2493\" class=\"elementor elementor-2493 elementor-3\">\n\t\t\t\t\t\t<section class=\"elementor-section elementor-top-section elementor-element elementor-element-2d827f44 elementor-section-boxed elementor-section-height-default elementor-section-height-default parallax_section_no qode_elementor_container_no\" data-id=\"2d827f44\" data-element_type=\"section\" data-e-type=\"section\">\n\t\t\t\t\t\t<div class=\"elementor-container elementor-column-gap-default\">\n\t\t\t\t\t<div class=\"elementor-column elementor-col-100 elementor-top-column elementor-element elementor-element-71da1e6a\" data-id=\"71da1e6a\" data-element_type=\"column\" data-e-type=\"column\">\n\t\t\t<div class=\"elementor-widget-wrap elementor-element-populated\">\n\t\t\t\t\t\t\t<\/div>\n\t\t<\/div>\n\t\t\t\t\t<\/div>\n\t\t<\/section>\n\t\t\t\t<section class=\"elementor-section elementor-top-section elementor-element elementor-element-0c87c72 elementor-section-full_width elementor-section-height-default elementor-section-height-default parallax_section_no qode_elementor_container_no\" data-id=\"0c87c72\" data-element_type=\"section\" data-e-type=\"section\">\n\t\t\t\t\t\t<div class=\"elementor-container elementor-column-gap-default\">\n\t\t\t\t\t<div class=\"elementor-column elementor-col-100 elementor-top-column elementor-element elementor-element-6966ca7\" data-id=\"6966ca7\" data-element_type=\"column\" data-e-type=\"column\">\n\t\t\t<div class=\"elementor-widget-wrap elementor-element-populated\">\n\t\t\t\t\t\t<div class=\"elementor-element elementor-element-18a244f elementor-widget elementor-widget-heading\" data-id=\"18a244f\" data-element_type=\"widget\" data-e-type=\"widget\" data-widget_type=\"heading.default\">\n\t\t\t\t<div class=\"elementor-widget-container\">\n\t\t\t\t\t<h2 class=\"elementor-heading-title elementor-size-default\">Ajoutez votre texte d'en-t\u00eate ici<\/h2>\t\t\t\t<\/div>\n\t\t\t\t<\/div>\n\t\t\t\t\t<\/div>\n\t\t<\/div>\n\t\t\t\t\t<\/div>\n\t\t<\/section>\n\t\t\t\t<section class=\"elementor-section elementor-top-section elementor-element elementor-element-7e1f688 elementor-section-boxed elementor-section-height-default elementor-section-height-default parallax_section_no qode_elementor_container_no\" data-id=\"7e1f688\" data-element_type=\"section\" data-e-type=\"section\">\n\t\t\t\t\t\t<div class=\"elementor-container elementor-column-gap-default\">\n\t\t\t\t\t<div class=\"elementor-column elementor-col-100 elementor-top-column elementor-element elementor-element-790b66e\" data-id=\"790b66e\" data-element_type=\"column\" data-e-type=\"column\">\n\t\t\t<div class=\"elementor-widget-wrap elementor-element-populated\">\n\t\t\t\t\t\t<div class=\"elementor-element elementor-element-115b73a elementor-hidden-desktop elementor-widget elementor-widget-spacer\" data-id=\"115b73a\" data-element_type=\"widget\" data-e-type=\"widget\" data-widget_type=\"spacer.default\">\n\t\t\t\t<div class=\"elementor-widget-container\">\n\t\t\t\t\t\t\t<div class=\"elementor-spacer\">\n\t\t\t<div class=\"elementor-spacer-inner\"><\/div>\n\t\t<\/div>\n\t\t\t\t\t\t<\/div>\n\t\t\t\t<\/div>\n\t\t\t\t\t<\/div>\n\t\t<\/div>\n\t\t\t\t\t<\/div>\n\t\t<\/section>\n\t\t\t\t<section class=\"elementor-section elementor-top-section elementor-element elementor-element-2ea7473 elementor-section-boxed elementor-section-height-default elementor-section-height-default parallax_section_no qode_elementor_container_no\" data-id=\"2ea7473\" data-element_type=\"section\" data-e-type=\"section\">\n\t\t\t\t\t\t<div class=\"elementor-container elementor-column-gap-default\">\n\t\t\t\t\t<div class=\"elementor-column elementor-col-100 elementor-top-column elementor-element elementor-element-2e70204\" data-id=\"2e70204\" data-element_type=\"column\" data-e-type=\"column\">\n\t\t\t<div class=\"elementor-widget-wrap elementor-element-populated\">\n\t\t\t\t\t\t<div class=\"elementor-element elementor-element-7159e74 elementor-widget elementor-widget-text-editor\" data-id=\"7159e74\" data-element_type=\"widget\" data-e-type=\"widget\" data-widget_type=\"text-editor.default\">\n\t\t\t\t<div class=\"elementor-widget-container\">\n\t\t\t\t\t\t\t\t\t<h2>Qui sommes-nous\u00a0<\/h2><p>Wadi Rum Quiet Village (\u00ab\u00a0nous\u00a0\u00bb, \u00ab\u00a0nous\u00a0\u00bb ou \u00ab\u00a0notre\u00a0\u00bb) exploite le site : <a href=\"https:\/\/wadirumquietvillage.com\">https:\/\/wadirumquietvillage.com<\/a><\/p><p>Cette page vous informe de nos politiques concernant la collecte, l&rsquo;utilisation et la divulgation de donn\u00e9es personnelles lorsque vous utilisez notre service et des choix que vous avez associ\u00e9s \u00e0 ces donn\u00e9es.<\/p><p>Nous utilisons vos donn\u00e9es pour fournir et am\u00e9liorer le service. En utilisant le service, vous acceptez la collecte et l&rsquo;utilisation d&rsquo;informations conform\u00e9ment \u00e0 la pr\u00e9sente politique. Sauf d\u00e9finition contraire dans la pr\u00e9sente politique de confidentialit\u00e9, les termes utilis\u00e9s dans la pr\u00e9sente politique de confidentialit\u00e9 ont la m\u00eame signification que dans nos <a href=\"https:\/\/wadirumquietvillage.camp\/terms-of-use\/\" target=\"_blank\" rel=\"noopener\">conditions d&rsquo;utilisation<\/a>, accessibles \u00e0 l&rsquo;<a href=\"https:\/\/wadirumquietvillage.camp\/terms-of-use\/\">adresse suivante : https:\/\/wadirumquietvillage.camp\/terms-of-use\/<\/a> Collecte et utilisation des informations.<\/p><p>Nous recueillons plusieurs types d&rsquo;informations \u00e0 des fins diverses afin de vous fournir et d&rsquo;am\u00e9liorer notre service. Types de donn\u00e9es collect\u00e9es Donn\u00e9es personnelles Lors de l&rsquo;utilisation de notre service, nous pouvons vous demander de nous fournir certaines informations personnellement identifiables qui peuvent \u00eatre utilis\u00e9es pour vous contacter ou vous identifier (\u00ab\u00a0donn\u00e9es personnelles\u00a0\u00bb). Les informations personnelles identifiables peuvent inclure, mais ne sont pas limit\u00e9es \u00e0 : Adresse \u00e9lectronique Num\u00e9ro de t\u00e9l\u00e9phone Cookies et donn\u00e9es d&rsquo;utilisation<\/p><p>Lors de l&rsquo;utilisation de notre service, nous pouvons vous demander de nous fournir certaines informations personnellement identifiables qui peuvent \u00eatre utilis\u00e9es pour vous contacter ou vous identifier (\u00ab\u00a0donn\u00e9es personnelles\u00a0\u00bb). Les informations personnelles identifiables peuvent inclure, mais ne sont pas limit\u00e9es \u00e0 : Adresse \u00e9lectronique Num\u00e9ro de t\u00e9l\u00e9phone Cookies et donn\u00e9es d&rsquo;utilisation<\/p><h2>Cookies<\/h2><p>Nous utilisons des cookies et des technologies de suivi similaires pour suivre l&rsquo;activit\u00e9 sur notre service et conserver certaines informations. Les cookies sont des fichiers contenant une petite quantit\u00e9 de donn\u00e9es qui peuvent inclure un identifiant unique anonyme.<\/p><p>Les cookies sont envoy\u00e9s \u00e0 votre navigateur par un site web et stock\u00e9s sur votre appareil. Les technologies de suivi \u00e9galement utilis\u00e9es sont des balises, des tags et des scripts pour collecter et suivre les informations et pour am\u00e9liorer et analyser notre service.<\/p><p>Vous pouvez configurer votre navigateur pour qu&rsquo;il refuse tous les cookies ou pour qu&rsquo;il vous indique quand un cookie est envoy\u00e9. Toutefois, si vous n&rsquo;acceptez pas les cookies, il se peut que vous ne puissiez pas utiliser certaines parties de notre service.<\/p><p>Exemples de cookies que nous utilisons :<\/p><p>Cookies de session. Nous utilisons des cookies de session pour faire fonctionner notre service.<\/p><p>Cookies de pr\u00e9f\u00e9rence. Nous utilisons des cookies de pr\u00e9f\u00e9rence pour m\u00e9moriser vos pr\u00e9f\u00e9rences et divers param\u00e8tres.<\/p><p>Cookies de s\u00e9curit\u00e9. Nous utilisons des cookies de s\u00e9curit\u00e9 \u00e0 des fins de s\u00e9curit\u00e9.<\/p><h2>Utilisation des donn\u00e9es<\/h2><p>Le Village tranquille de Wadi Rum utilise les donn\u00e9es collect\u00e9es \u00e0 diverses fins : Fournir et maintenir le service Vous informer des changements apport\u00e9s \u00e0 notre service Vous permettre de participer aux fonctions interactives de notre service lorsque vous choisissez de le faire Fournir un service et une assistance \u00e0 la client\u00e8le Fournir des analyses ou des informations pr\u00e9cieuses afin que nous puissions am\u00e9liorer le service Contr\u00f4ler l&rsquo;utilisation du service D\u00e9tecter, pr\u00e9venir et traiter les probl\u00e8mes techniques<\/p><h2>\u00a0<\/h2><h2>Transfert de donn\u00e9es<\/h2><p>Vos informations, y compris les donn\u00e9es personnelles, peuvent \u00eatre transf\u00e9r\u00e9es et conserv\u00e9es sur des ordinateurs situ\u00e9s en dehors de votre \u00c9tat, province, pays ou autre juridiction gouvernementale o\u00f9 les lois sur la protection des donn\u00e9es peuvent diff\u00e9rer de celles de votre juridiction. Si vous \u00eates situ\u00e9 en dehors de la Jordanie et que vous choisissez de nous fournir des informations, veuillez noter que nous transf\u00e9rons les donn\u00e9es, y compris les donn\u00e9es \u00e0 caract\u00e8re personnel, vers la Jordanie et que nous les traitons dans ce pays. Votre consentement \u00e0 la pr\u00e9sente politique de protection de la vie priv\u00e9e suivi de votre soumission de ces informations repr\u00e9sente votre accord \u00e0 ce transfert. Wadi Rum Quiet Village prendra toutes les mesures raisonnablement n\u00e9cessaires pour s&rsquo;assurer que vos donn\u00e9es sont trait\u00e9es en toute s\u00e9curit\u00e9 et conform\u00e9ment \u00e0 la pr\u00e9sente politique de confidentialit\u00e9 et aucun transfert de vos donn\u00e9es personnelles n&rsquo;aura lieu vers une organisation ou un pays \u00e0 moins qu&rsquo;il n&rsquo;y ait des contr\u00f4les ad\u00e9quats en place, y compris la s\u00e9curit\u00e9 de vos donn\u00e9es et d&rsquo;autres informations personnelles. Divulgation des donn\u00e9es Exigences l\u00e9gales Wadi Rum Quiet Village peut divulguer vos donn\u00e9es personnelles en croyant de bonne foi qu&rsquo;une telle action est n\u00e9cessaire pour : Se conformer \u00e0 une obligation l\u00e9gale Prot\u00e9ger et d\u00e9fendre les droits ou la propri\u00e9t\u00e9 de Wadi Rum Quiet Village Pr\u00e9venir ou enqu\u00eater sur d&rsquo;\u00e9ventuels actes r\u00e9pr\u00e9hensibles en relation avec le Service Prot\u00e9ger la s\u00e9curit\u00e9 personnelle des utilisateurs du Service ou du public Se prot\u00e9ger contre la responsabilit\u00e9 l\u00e9gale<\/p><h2>\u00a0<\/h2><h2>S\u00e9curit\u00e9 des donn\u00e9es<\/h2><p>La s\u00e9curit\u00e9 de vos donn\u00e9es est importante pour nous, mais n&rsquo;oubliez pas qu&rsquo;aucune m\u00e9thode de transmission sur Internet ou de stockage \u00e9lectronique n&rsquo;est s\u00fbre \u00e0 100 %. Bien que nous nous efforcions d&rsquo;utiliser des moyens commercialement acceptables pour prot\u00e9ger vos donn\u00e9es personnelles, nous ne pouvons pas garantir leur s\u00e9curit\u00e9 absolue. Prestataires de services Nous pouvons employer des soci\u00e9t\u00e9s et des personnes tierces pour faciliter notre service (\u00ab\u00a0Prestataires de services\u00a0\u00bb), pour fournir le service en notre nom, pour effectuer des services li\u00e9s au service ou pour nous aider \u00e0 analyser la fa\u00e7on dont notre service est utilis\u00e9. Ces tiers n&rsquo;ont acc\u00e8s \u00e0 vos donn\u00e9es personnelles que pour effectuer ces t\u00e2ches en notre nom et sont tenus de ne pas les divulguer ou les utiliser \u00e0 d&rsquo;autres fins. Liens vers d&rsquo;autres sites Notre service peut contenir des liens vers d&rsquo;autres sites qui ne sont pas exploit\u00e9s par nous. Si vous cliquez sur le lien d&rsquo;un tiers, vous serez dirig\u00e9 vers le site de ce tiers. Nous vous conseillons vivement de consulter la politique de confidentialit\u00e9 de chaque site que vous visitez. Nous n&rsquo;avons aucun contr\u00f4le et n&rsquo;assumons aucune responsabilit\u00e9 quant au contenu, aux politiques de confidentialit\u00e9 ou aux pratiques des sites ou services tiers. Vie priv\u00e9e des enfants Notre service ne s&rsquo;adresse pas aux personnes \u00e2g\u00e9es de moins de 13 ans (\u00ab\u00a0enfants\u00a0\u00bb). Nous ne recueillons pas sciemment d&rsquo;informations personnellement identifiables aupr\u00e8s de personnes \u00e2g\u00e9es de moins de 13 ans. Si vous \u00eates un parent ou un tuteur et que vous savez que votre enfant nous a fourni des donn\u00e9es \u00e0 caract\u00e8re personnel, veuillez nous contacter. Si nous apprenons que nous avons collect\u00e9 des donn\u00e9es \u00e0 caract\u00e8re personnel aupr\u00e8s d&rsquo;enfants sans avoir v\u00e9rifi\u00e9 le consentement des parents, nous prenons des mesures pour supprimer ces informations de nos serveurs.<\/p><h2>Modifications de la pr\u00e9sente politique de confidentialit\u00e9<\/h2><p>Nous pouvons mettre \u00e0 jour notre politique de confidentialit\u00e9 de temps \u00e0 autre. Nous vous informerons de toute modification en publiant la nouvelle politique de confidentialit\u00e9 sur cette page. Nous vous en informerons par courrier \u00e9lectronique et\/ou par un avis bien visible sur notre service, avant que la modification n&rsquo;entre en vigueur et nous mettrons \u00e0 jour la \u00ab\u00a0date d&rsquo;entr\u00e9e en vigueur\u00a0\u00bb en haut de la pr\u00e9sente politique de confidentialit\u00e9. Nous vous conseillons de consulter r\u00e9guli\u00e8rement cette politique de confidentialit\u00e9 pour prendre connaissance des \u00e9ventuelles modifications. Les modifications apport\u00e9es \u00e0 la pr\u00e9sente politique de confidentialit\u00e9 entrent en vigueur lorsqu&rsquo;elles sont publi\u00e9es sur cette page.<\/p>\t\t\t\t\t\t\t\t<\/div>\n\t\t\t\t<\/div>\n\t\t\t\t\t<\/div>\n\t\t<\/div>\n\t\t\t\t\t<\/div>\n\t\t<\/section>\n\t\t\t\t<\/div>\n\t\t","protected":false},"excerpt":{"rendered":"<p>Ajoutez votre texte d&rsquo;en-t\u00eate ici Qui sommes-nous\u00a0 Wadi Rum Quiet Village (\u00ab\u00a0nous\u00a0\u00bb, \u00ab\u00a0nous\u00a0\u00bb ou \u00ab\u00a0notre\u00a0\u00bb) exploite le site : https:\/\/wadirumquietvillage.com Cette page vous informe de nos politiques concernant la collecte, l&rsquo;utilisation et la divulgation de donn\u00e9es personnelles lorsque vous utilisez notre service et des choix&#8230;<\/p>\n","protected":false},"author":1,"featured_media":0,"parent":0,"menu_order":0,"comment_status":"closed","ping_status":"closed","template":"","meta":{"_sharing_image":[],"_sharing_image_fieldset":[],"footnotes":""},"class_list":["post-2493","page","type-page","status-publish","hentry"],"_links":{"self":[{"href":"https:\/\/wadirumquietvillage.com\/fr\/wp-json\/wp\/v2\/pages\/2493","targetHints":{"allow":["GET"]}}],"collection":[{"href":"https:\/\/wadirumquietvillage.com\/fr\/wp-json\/wp\/v2\/pages"}],"about":[{"href":"https:\/\/wadirumquietvillage.com\/fr\/wp-json\/wp\/v2\/types\/page"}],"author":[{"embeddable":true,"href":"https:\/\/wadirumquietvillage.com\/fr\/wp-json\/wp\/v2\/users\/1"}],"replies":[{"embeddable":true,"href":"https:\/\/wadirumquietvillage.com\/fr\/wp-json\/wp\/v2\/comments?post=2493"}],"version-history":[{"count":10,"href":"https:\/\/wadirumquietvillage.com\/fr\/wp-json\/wp\/v2\/pages\/2493\/revisions"}],"predecessor-version":[{"id":3347,"href":"https:\/\/wadirumquietvillage.com\/fr\/wp-json\/wp\/v2\/pages\/2493\/revisions\/3347"}],"wp:attachment":[{"href":"https:\/\/wadirumquietvillage.com\/fr\/wp-json\/wp\/v2\/media?parent=2493"}],"curies":[{"name":"wp","href":"https:\/\/api.w.org\/{rel}","templated":true}]}}