{"id":2484,"date":"2020-06-26T11:33:39","date_gmt":"2020-06-26T11:33:39","guid":{"rendered":"http:\/\/uzl.drf.mybluehost.me\/contact\/"},"modified":"2023-08-10T12:19:47","modified_gmt":"2023-08-10T12:19:47","slug":"contact","status":"publish","type":"page","link":"https:\/\/wadirumquietvillage.com\/fr\/contact\/","title":{"rendered":"Contact"},"content":{"rendered":"\t\t<div data-elementor-type=\"wp-page\" data-elementor-id=\"2484\" class=\"elementor elementor-2484 elementor-479\">\n\t\t\t\t\t\t<section class=\"elementor-section elementor-top-section elementor-element elementor-element-5f0e21e elementor-section-full_width elementor-section-height-default elementor-section-height-default parallax_section_no qode_elementor_container_no\" data-id=\"5f0e21e\" data-element_type=\"section\" data-e-type=\"section\">\n\t\t\t\t\t\t<div class=\"elementor-container elementor-column-gap-no\">\n\t\t\t\t\t<div class=\"elementor-column elementor-col-100 elementor-top-column elementor-element elementor-element-439b58e\" data-id=\"439b58e\" data-element_type=\"column\" data-e-type=\"column\">\n\t\t\t<div class=\"elementor-widget-wrap elementor-element-populated\">\n\t\t\t\t\t\t<div class=\"elementor-element elementor-element-5263d25 elementor-widget elementor-widget-google_maps\" data-id=\"5263d25\" data-element_type=\"widget\" data-e-type=\"widget\" data-widget_type=\"google_maps.default\">\n\t\t\t\t<div class=\"elementor-widget-container\">\n\t\t\t\t\t\t\t<div class=\"elementor-custom-embed\">\n\t\t\t<iframe loading=\"lazy\"\n\t\t\t\t\tsrc=\"https:\/\/maps.google.com\/maps?q=wadi%20rum%20quiet%20village&#038;t=m&#038;z=8&#038;output=embed&#038;iwloc=near\"\n\t\t\t\t\ttitle=\"wadi rum quiet village\"\n\t\t\t\t\taria-label=\"wadi rum quiet village\"\n\t\t\t><\/iframe>\n\t\t<\/div>\n\t\t\t\t\t\t<\/div>\n\t\t\t\t<\/div>\n\t\t\t\t\t<\/div>\n\t\t<\/div>\n\t\t\t\t\t<\/div>\n\t\t<\/section>\n\t\t\t\t<section class=\"elementor-section elementor-top-section elementor-element elementor-element-9bed125 elementor-section-boxed elementor-section-height-default elementor-section-height-default parallax_section_no qode_elementor_container_no\" data-id=\"9bed125\" data-element_type=\"section\" data-e-type=\"section\">\n\t\t\t\t\t\t<div class=\"elementor-container elementor-column-gap-default\">\n\t\t\t\t\t<div class=\"elementor-column elementor-col-100 elementor-top-column elementor-element elementor-element-903b732\" data-id=\"903b732\" data-element_type=\"column\" data-e-type=\"column\">\n\t\t\t<div class=\"elementor-widget-wrap elementor-element-populated\">\n\t\t\t\t\t\t<section class=\"elementor-section elementor-inner-section elementor-element elementor-element-16f7c7a elementor-section-full_width elementor-section-height-default elementor-section-height-default parallax_section_no qode_elementor_container_no\" data-id=\"16f7c7a\" data-element_type=\"section\" data-e-type=\"section\">\n\t\t\t\t\t\t<div class=\"elementor-container elementor-column-gap-no\">\n\t\t\t\t\t<div class=\"elementor-column elementor-col-50 elementor-inner-column elementor-element elementor-element-0be9e3c\" data-id=\"0be9e3c\" data-element_type=\"column\" data-e-type=\"column\">\n\t\t\t<div class=\"elementor-widget-wrap elementor-element-populated\">\n\t\t\t\t\t\t<div class=\"elementor-element elementor-element-48aed00 elementor-widget elementor-widget-text-editor\" data-id=\"48aed00\" data-element_type=\"widget\" data-e-type=\"widget\" data-widget_type=\"text-editor.default\">\n\t\t\t\t<div class=\"elementor-widget-container\">\n\t\t\t\t\t\t\t\t\t<h4>R\u00e9servations<\/h4>\n\t\t\t\t\t\t\t\t<\/div>\n\t\t\t\t<\/div>\n\t\t\t\t<div class=\"elementor-element elementor-element-60c866d elementor-widget elementor-widget-text-editor\" data-id=\"60c866d\" data-element_type=\"widget\" data-e-type=\"widget\" data-widget_type=\"text-editor.default\">\n\t\t\t\t<div class=\"elementor-widget-container\">\n\t\t\t\t\t\t\t\t\t<p style=\"letter-spacing: normal; font-family: 'Google Sans', arial, sans-serif; font-weight: 500; font-size: 24px; line-height: 1.34; caret-color: #202124; color: #202124;\" data-dtype=\"d3ifr\" data-local-attribute=\"d3bn\" data-attrid=\"title\" data-ved=\"2ahUKEwi3pLSRluv_AhW6UqQEHZeyBb8Q3B0oAXoECCMQAg\"><span style=\"color: #1e1e1e; font-family: 'Open Sans', sans-serif; font-size: 15px; background-color: #ffffff;\">T\u00e9l\u00e9phone : +962798679109<a href=\"tel:+962798679109\"> +962798679109 <\/a> <\/span><\/p>\n<div><span style=\"color: #1e1e1e; font-family: 'Open Sans', sans-serif; font-size: 15px; background-color: #ffffff;\"><br \/>\n  <span style=\"color: #1e1e1e; font-family: 'Open Sans', sans-serif; font-size: 15px; background-color: #ffffff;\">Whatsapp : <\/span><br \/>\n<\/span><a href=\"tel:+962798679109\"><br \/>\n  <span style=\"color: #1e1e1e; font-family: 'Open Sans', sans-serif; font-size: 15px; caret-color: #202124;\">+962798679109<\/span><br \/>\n<\/a><\/div>\n<p>Courriel : <a href=\"mailto:saleem.wadirum@gmail.com\">saleem.wadirum@gmail.com<\/a><\/p>\n\t\t\t\t\t\t\t\t<\/div>\n\t\t\t\t<\/div>\n\t\t\t\t\t<\/div>\n\t\t<\/div>\n\t\t\t\t<div class=\"elementor-column elementor-col-50 elementor-inner-column elementor-element elementor-element-3edc393\" data-id=\"3edc393\" data-element_type=\"column\" data-e-type=\"column\">\n\t\t\t<div class=\"elementor-widget-wrap elementor-element-populated\">\n\t\t\t\t\t\t<div class=\"elementor-element elementor-element-e025123 elementor-widget elementor-widget-text-editor\" data-id=\"e025123\" data-element_type=\"widget\" data-e-type=\"widget\" data-widget_type=\"text-editor.default\">\n\t\t\t\t<div class=\"elementor-widget-container\">\n\t\t\t\t\t\t\t\t\t<h4>Adresse<\/h4>\n\t\t\t\t\t\t\t\t<\/div>\n\t\t\t\t<\/div>\n\t\t\t\t<div class=\"elementor-element elementor-element-988c2c8 elementor-widget elementor-widget-text-editor\" data-id=\"988c2c8\" data-element_type=\"widget\" data-e-type=\"widget\" data-widget_type=\"text-editor.default\">\n\t\t\t\t<div class=\"elementor-widget-container\">\n\t\t\t\t\t\t\t\t\t<p data-dtype=\"d3ifr\" data-local-attribute=\"d3bn\" data-attrid=\"title\" data-ved=\"2ahUKEwi3pLSRluv_AhW6UqQEHZeyBb8Q3B0oAXoECCMQAg\">Wadi Rum Quiet Village Camp, <span style=\"font-size: 15px; background-color: #ffffff;\">Aqaba, Jordanie<\/span><\/p>\n<h5 data-dtype=\"d3ifr\" data-local-attribute=\"d3bn\" data-attrid=\"title\" data-ved=\"2ahUKEwi3pLSRluv_AhW6UqQEHZeyBb8Q3B0oAXoECCMQAg\"><span style=\"color: var( --e-global-color-text ); font-family: inherit; font-size: 16px; font-style: inherit; background-color: #ffffff;\">Localisation GPS 29.520849, 35.413101<\/span><\/h5>\n\t\t\t\t\t\t\t\t<\/div>\n\t\t\t\t<\/div>\n\t\t\t\t\t<\/div>\n\t\t<\/div>\n\t\t\t\t\t<\/div>\n\t\t<\/section>\n\t\t\t\t\t<\/div>\n\t\t<\/div>\n\t\t\t\t\t<\/div>\n\t\t<\/section>\n\t\t\t\t<section class=\"elementor-section elementor-top-section elementor-element elementor-element-d652888 elementor-section-boxed elementor-section-height-default elementor-section-height-default parallax_section_no qode_elementor_container_no\" data-id=\"d652888\" data-element_type=\"section\" data-e-type=\"section\" data-settings=\"{&quot;background_background&quot;:&quot;classic&quot;}\">\n\t\t\t\t\t\t\t<div class=\"elementor-background-overlay\"><\/div>\n\t\t\t\t\t\t\t<div class=\"elementor-container elementor-column-gap-default\">\n\t\t\t\t\t<div class=\"elementor-column elementor-col-100 elementor-top-column elementor-element elementor-element-e862372\" data-id=\"e862372\" data-element_type=\"column\" data-e-type=\"column\">\n\t\t\t<div class=\"elementor-widget-wrap elementor-element-populated\">\n\t\t\t\t\t\t<div class=\"elementor-element elementor-element-2f93380 elementor-widget elementor-widget-text-editor\" data-id=\"2f93380\" data-element_type=\"widget\" data-e-type=\"widget\" data-widget_type=\"text-editor.default\">\n\t\t\t\t<div class=\"elementor-widget-container\">\n\t\t\t\t\t\t\t\t\t<h2>Envoyez-nous un message<\/h2>\n\t\t\t\t\t\t\t\t<\/div>\n\t\t\t\t<\/div>\n\t\t\t\t<div class=\"elementor-element elementor-element-4734079 elementor-widget elementor-widget-bridge_cf_7\" data-id=\"4734079\" data-element_type=\"widget\" data-e-type=\"widget\" data-widget_type=\"bridge_cf_7.default\">\n\t\t\t\t<div class=\"elementor-widget-container\">\n\t\t\t\t\t    <div class=\"qode-contact-form-7 qode-contact-form-7-0\">\n    \n<div class=\"wpcf7 no-js\" id=\"wpcf7-f2828-o1\" lang=\"fr-FR\" dir=\"ltr\" data-wpcf7-id=\"2828\">\n<div class=\"screen-reader-response\"><p role=\"status\" aria-live=\"polite\" aria-atomic=\"true\"><\/p> <ul><\/ul><\/div>\n<form action=\"\/fr\/wp-json\/wp\/v2\/pages\/2484#wpcf7-f2828-o1\" method=\"post\" class=\"wpcf7-form init cf7_custom_style_1\" aria-label=\"Formulaire de contact\" novalidate=\"novalidate\" data-status=\"init\">\n<fieldset class=\"hidden-fields-container\"><input type=\"hidden\" name=\"_wpcf7\" value=\"2828\" \/><input type=\"hidden\" name=\"_wpcf7_version\" value=\"6.1.5\" \/><input type=\"hidden\" name=\"_wpcf7_locale\" value=\"fr_FR\" \/><input type=\"hidden\" name=\"_wpcf7_unit_tag\" value=\"wpcf7-f2828-o1\" \/><input type=\"hidden\" name=\"_wpcf7_container_post\" value=\"0\" \/><input type=\"hidden\" name=\"_wpcf7_posted_data_hash\" value=\"\" \/><input type=\"hidden\" name=\"_extcf7_conditional_options\" value=\"{&quot;form_id&quot;:2828,&quot;conditions&quot;:[]}\" \/><input type=\"hidden\" name=\"_extcf7_redirect_options\" value=\"{&quot;form_id&quot;:2828,&quot;redirect_options&quot;:&quot;&quot;}\" \/>\n<\/fieldset>\n<div>\n\t<p><span class=\"wpcf7-form-control-wrap\" data-name=\"your-name\"><input size=\"40\" maxlength=\"400\" class=\"wpcf7-form-control wpcf7-text\" aria-invalid=\"false\" placeholder=\"Nom\" value=\"\" type=\"text\" name=\"your-name\" \/><\/span>\n\t<\/p>\n<\/div>\n<div>\n\t<p><span class=\"wpcf7-form-control-wrap\" data-name=\"your-email\"><input size=\"40\" maxlength=\"400\" class=\"wpcf7-form-control wpcf7-email wpcf7-validates-as-required wpcf7-text wpcf7-validates-as-email\" aria-required=\"true\" aria-invalid=\"false\" placeholder=\"Courriel(*)\" value=\"\" type=\"email\" name=\"your-email\" \/><\/span>\n\t<\/p>\n<\/div>\n<div>\n\t<p><span class=\"wpcf7-form-control-wrap\" data-name=\"your-subject\"><input size=\"40\" maxlength=\"400\" class=\"wpcf7-form-control wpcf7-text\" aria-invalid=\"false\" placeholder=\"Sujet\" value=\"\" type=\"text\" name=\"your-subject\" \/><\/span>\n\t<\/p>\n<\/div>\n<div>\n\t<p><span class=\"wpcf7-form-control-wrap\" data-name=\"your-message\"><textarea cols=\"40\" rows=\"10\" maxlength=\"2000\" class=\"wpcf7-form-control wpcf7-textarea\" aria-invalid=\"false\" placeholder=\"Message\" name=\"your-message\"><\/textarea><\/span>\n\t<\/p>\n<\/div>\n<p><span class=\"wpcf7-form-control-wrap\" data-name=\"acceptance-187\"><span class=\"wpcf7-form-control wpcf7-acceptance\"><span class=\"wpcf7-list-item\"><input type=\"checkbox\" name=\"acceptance-187\" value=\"1\" aria-invalid=\"false\" \/><\/span><\/span><\/span> J'accepte les termes et conditions <a href=\"https:\/\/wadirumquietvillage.com\/privacy-policy\/\">Politique de confidentialit\u00e9<\/a>.\n<\/p>\n<div style=\"padding-top: 10px;\">\n\t<p><input class=\"wpcf7-form-control wpcf7-submit has-spinner\" type=\"submit\" value=\"Submit\" \/>\n\t<\/p>\n<\/div><div class=\"wpcf7-response-output\" aria-hidden=\"true\"><\/div>\n<\/form>\n<\/div>\n    <\/div>\n\t\t\t\t<\/div>\n\t\t\t\t<\/div>\n\t\t\t\t\t<\/div>\n\t\t<\/div>\n\t\t\t\t\t<\/div>\n\t\t<\/section>\n\t\t\t\t<\/div>\n\t\t","protected":false},"excerpt":{"rendered":"<p>R\u00e9servations T\u00e9l\u00e9phone : +962798679109 +962798679109 Whatsapp : +962798679109 Courriel : saleem.wadirum@gmail.com Adresse Wadi Rum Quiet Village Camp, Aqaba, Jordanie Localisation GPS 29.520849, 35.413101 Envoyez-nous un message I accept the terms and conditions Privacy Policy.<\/p>\n","protected":false},"author":1,"featured_media":0,"parent":0,"menu_order":0,"comment_status":"closed","ping_status":"closed","template":"full_width.php","meta":{"_sharing_image":[],"_sharing_image_fieldset":[],"footnotes":""},"class_list":["post-2484","page","type-page","status-publish","hentry"],"_links":{"self":[{"href":"https:\/\/wadirumquietvillage.com\/fr\/wp-json\/wp\/v2\/pages\/2484","targetHints":{"allow":["GET"]}}],"collection":[{"href":"https:\/\/wadirumquietvillage.com\/fr\/wp-json\/wp\/v2\/pages"}],"about":[{"href":"https:\/\/wadirumquietvillage.com\/fr\/wp-json\/wp\/v2\/types\/page"}],"author":[{"embeddable":true,"href":"https:\/\/wadirumquietvillage.com\/fr\/wp-json\/wp\/v2\/users\/1"}],"replies":[{"embeddable":true,"href":"https:\/\/wadirumquietvillage.com\/fr\/wp-json\/wp\/v2\/comments?post=2484"}],"version-history":[{"count":12,"href":"https:\/\/wadirumquietvillage.com\/fr\/wp-json\/wp\/v2\/pages\/2484\/revisions"}],"predecessor-version":[{"id":3308,"href":"https:\/\/wadirumquietvillage.com\/fr\/wp-json\/wp\/v2\/pages\/2484\/revisions\/3308"}],"wp:attachment":[{"href":"https:\/\/wadirumquietvillage.com\/fr\/wp-json\/wp\/v2\/media?parent=2484"}],"curies":[{"name":"wp","href":"https:\/\/api.w.org\/{rel}","templated":true}]}}