{"id":2526,"date":"2023-07-04T14:12:17","date_gmt":"2023-07-04T14:12:17","guid":{"rendered":"http:\/\/uzl.drf.mybluehost.me\/condiciones-de-uso\/"},"modified":"2023-07-18T09:47:58","modified_gmt":"2023-07-18T09:47:58","slug":"condiciones-de-uso","status":"publish","type":"page","link":"https:\/\/wadirumquietvillage.com\/es\/condiciones-de-uso\/","title":{"rendered":"Condiciones de uso"},"content":{"rendered":"\t\t<div data-elementor-type=\"wp-page\" data-elementor-id=\"2526\" class=\"elementor elementor-2526 elementor-1046\">\n\t\t\t\t\t\t<section class=\"elementor-section elementor-top-section elementor-element elementor-element-a144a91 elementor-section-boxed elementor-section-height-default elementor-section-height-default parallax_section_no qode_elementor_container_no\" data-id=\"a144a91\" data-element_type=\"section\" data-e-type=\"section\">\n\t\t\t\t\t\t<div class=\"elementor-container elementor-column-gap-default\">\n\t\t\t\t\t<div class=\"elementor-column elementor-col-100 elementor-top-column elementor-element elementor-element-f968433\" data-id=\"f968433\" data-element_type=\"column\" data-e-type=\"column\">\n\t\t\t<div class=\"elementor-widget-wrap\">\n\t\t\t\t\t\t\t<\/div>\n\t\t<\/div>\n\t\t\t\t\t<\/div>\n\t\t<\/section>\n\t\t\t\t<section class=\"elementor-section elementor-top-section elementor-element elementor-element-b26006b elementor-hidden-desktop elementor-section-boxed elementor-section-height-default elementor-section-height-default parallax_section_no qode_elementor_container_no\" data-id=\"b26006b\" data-element_type=\"section\" data-e-type=\"section\">\n\t\t\t\t\t\t<div class=\"elementor-container elementor-column-gap-default\">\n\t\t\t\t\t<div class=\"elementor-column elementor-col-100 elementor-top-column elementor-element elementor-element-d4bace3\" data-id=\"d4bace3\" data-element_type=\"column\" data-e-type=\"column\">\n\t\t\t<div class=\"elementor-widget-wrap elementor-element-populated\">\n\t\t\t\t\t\t<div class=\"elementor-element elementor-element-46973bc elementor-widget elementor-widget-spacer\" data-id=\"46973bc\" data-element_type=\"widget\" data-e-type=\"widget\" data-widget_type=\"spacer.default\">\n\t\t\t\t<div class=\"elementor-widget-container\">\n\t\t\t\t\t\t\t<div class=\"elementor-spacer\">\n\t\t\t<div class=\"elementor-spacer-inner\"><\/div>\n\t\t<\/div>\n\t\t\t\t\t\t<\/div>\n\t\t\t\t<\/div>\n\t\t\t\t\t<\/div>\n\t\t<\/div>\n\t\t\t\t\t<\/div>\n\t\t<\/section>\n\t\t\t\t<section class=\"elementor-section elementor-top-section elementor-element elementor-element-2d827f44 elementor-section-boxed elementor-section-height-default elementor-section-height-default parallax_section_no qode_elementor_container_no\" data-id=\"2d827f44\" data-element_type=\"section\" data-e-type=\"section\">\n\t\t\t\t\t\t<div class=\"elementor-container elementor-column-gap-default\">\n\t\t\t\t\t<div class=\"elementor-column elementor-col-100 elementor-top-column elementor-element elementor-element-71da1e6a\" data-id=\"71da1e6a\" data-element_type=\"column\" data-e-type=\"column\">\n\t\t\t<div class=\"elementor-widget-wrap elementor-element-populated\">\n\t\t\t\t\t\t<div class=\"elementor-element elementor-element-1a6f15c0 elementor-widget elementor-widget-text-editor\" data-id=\"1a6f15c0\" data-element_type=\"widget\" data-e-type=\"widget\" data-widget_type=\"text-editor.default\">\n\t\t\t\t<div class=\"elementor-widget-container\">\n\t\t\t\t\t\t\t\t\t<p style=\"margin-bottom: 20px; font-family: inherit; font-size: 16px; font-style: inherit;\">Le rogamos que lea atentamente las presentes Condiciones Generales (\u00abCondiciones\u00bb, \u00abT\u00e9rminos y Condiciones\u00bb) antes de utilizar el sitio web https:\/\/wadirumquietvillage.camp\/ (el \u00abServicio\u00bb) operado por Wadi Rum Quiet Village (\u00abnosotros\u00bb, \u00abnos\u00bb o \u00abnuestro\u00bb).<\/p>\n<p style=\"margin-bottom: 20px; font-family: inherit; font-size: 16px; font-style: inherit;\">Su acceso y uso del Servicio est\u00e1n condicionados a la aceptaci\u00f3n y cumplimiento de estas Condiciones. Estas Condiciones se aplican a todos los visitantes, usuarios y dem\u00e1s personas que accedan o utilicen el Servicio.<\/p>\n<p style=\"margin-bottom: 20px; font-family: inherit; font-size: 16px; font-style: inherit;\">Al acceder o utilizar el Servicio, usted acepta quedar vinculado por estas Condiciones. Si no est\u00e1 de acuerdo con alguna parte de las condiciones, no podr\u00e1 acceder al Servicio. Este acuerdo de T\u00e9rminos y Condiciones para Wadi Rum Quiet Village es alimentado por Terms Feed.<br style=\"margin: 0px; padding: 0px;\">Enlaces a otros sitios web<\/p>\n<p style=\"margin-bottom: 20px; font-family: inherit; font-size: 16px; font-style: inherit;\">Nuestro Servicio puede contener enlaces a sitios web o servicios de terceros que no son propiedad ni est\u00e1n bajo el control de Wadi Rum Quiet Village.<\/p>\n<p style=\"margin-bottom: 20px; font-family: inherit; font-size: 16px; font-style: inherit;\">Wadi Rum Quiet Village no tiene control alguno sobre el contenido, las pol\u00edticas de privacidad o las pr\u00e1cticas de sitios web o servicios de terceros, ni asume responsabilidad alguna por los mismos. Adem\u00e1s, usted reconoce y acepta que Wadi Rum Quiet Village no ser\u00e1 responsable, directa o indirectamente, por cualquier da\u00f1o o p\u00e9rdida causada o supuestamente causada por o en conexi\u00f3n con el uso o la confianza en cualquier contenido, bienes o servicios disponibles en o a trav\u00e9s de cualquiera de dichos sitios web o servicios.<\/p>\n<p style=\"margin-bottom: 20px; font-family: inherit; font-size: 16px; font-style: inherit;\">Le recomendamos encarecidamente que lea las condiciones y pol\u00edticas de privacidad de los sitios web o servicios de terceros que visite.<br style=\"margin: 0px; padding: 0px;\">Derecho aplicable<\/p>\n<p style=\"margin-bottom: 20px; font-family: inherit; font-size: 16px; font-style: inherit;\">Las presentes Condiciones se regir\u00e1n e interpretar\u00e1n de conformidad con la legislaci\u00f3n de Jordania, sin tener en cuenta sus disposiciones en materia de conflicto de leyes.<\/p>\n<p style=\"margin-bottom: 20px; font-family: inherit; font-size: 16px; font-style: inherit;\">El hecho de que no hagamos valer cualquier derecho o disposici\u00f3n de estas Condiciones no se considerar\u00e1 una renuncia a dichos derechos. Si alguna disposici\u00f3n de estas Condiciones es declarada inv\u00e1lida o inaplicable por un tribunal, el resto de las disposiciones de estas Condiciones permanecer\u00e1n en vigor. Estas Condiciones constituyen el acuerdo completo entre nosotros en relaci\u00f3n con nuestro Servicio, y sustituyen y reemplazan cualquier acuerdo anterior que pudi\u00e9ramos tener entre nosotros en relaci\u00f3n con el Servicio.<br style=\"margin: 0px; padding: 0px;\">Cambios<\/p>\n<p style=\"margin-bottom: 20px; font-family: inherit; font-size: 16px; font-style: inherit;\">Nos reservamos el derecho, a nuestra entera discreci\u00f3n, de modificar o sustituir estas Condiciones en cualquier momento. Si la revisi\u00f3n es sustancial, intentaremos avisar con al menos 15 d\u00edas de antelaci\u00f3n a la entrada en vigor de las nuevas condiciones. Lo que constituya un cambio sustancial se determinar\u00e1 a nuestra entera discreci\u00f3n.<\/p>\n<p style=\"margin-bottom: 20px; font-family: inherit; font-size: 16px; font-style: inherit;\">Al continuar accediendo o utilizando nuestro Servicio despu\u00e9s de que dichas revisiones entren en vigor, usted acepta quedar vinculado por los t\u00e9rminos revisados. Si no est\u00e1 de acuerdo con las nuevas condiciones, deje de utilizar el Servicio.<br style=\"margin: 0px; padding: 0px;\">Contacto<\/p>\n<p style=\"margin-bottom: 20px; font-family: inherit; font-size: 16px; font-style: inherit;\">Si tiene alguna pregunta sobre estas Condiciones, p\u00f3ngase en contacto con nosotros.<\/p>\t\t\t\t\t\t\t\t<\/div>\n\t\t\t\t<\/div>\n\t\t\t\t\t<\/div>\n\t\t<\/div>\n\t\t\t\t\t<\/div>\n\t\t<\/section>\n\t\t\t\t<\/div>\n\t\t","protected":false},"excerpt":{"rendered":"<p>Le rogamos que lea atentamente las presentes Condiciones Generales (\u00abCondiciones\u00bb, \u00abT\u00e9rminos y Condiciones\u00bb) antes de utilizar el sitio web https:\/\/wadirumquietvillage.camp\/ (el \u00abServicio\u00bb) operado por Wadi Rum Quiet Village (\u00abnosotros\u00bb, \u00abnos\u00bb o \u00abnuestro\u00bb). Su acceso y uso del Servicio est\u00e1n condicionados a la aceptaci\u00f3n y cumplimiento&#8230;<\/p>\n","protected":false},"author":1,"featured_media":0,"parent":0,"menu_order":0,"comment_status":"closed","ping_status":"closed","template":"","meta":{"_sharing_image":[],"_sharing_image_fieldset":[],"footnotes":""},"class_list":["post-2526","page","type-page","status-publish","hentry"],"_links":{"self":[{"href":"https:\/\/wadirumquietvillage.com\/es\/wp-json\/wp\/v2\/pages\/2526","targetHints":{"allow":["GET"]}}],"collection":[{"href":"https:\/\/wadirumquietvillage.com\/es\/wp-json\/wp\/v2\/pages"}],"about":[{"href":"https:\/\/wadirumquietvillage.com\/es\/wp-json\/wp\/v2\/types\/page"}],"author":[{"embeddable":true,"href":"https:\/\/wadirumquietvillage.com\/es\/wp-json\/wp\/v2\/users\/1"}],"replies":[{"embeddable":true,"href":"https:\/\/wadirumquietvillage.com\/es\/wp-json\/wp\/v2\/comments?post=2526"}],"version-history":[{"count":1,"href":"https:\/\/wadirumquietvillage.com\/es\/wp-json\/wp\/v2\/pages\/2526\/revisions"}],"predecessor-version":[{"id":2530,"href":"https:\/\/wadirumquietvillage.com\/es\/wp-json\/wp\/v2\/pages\/2526\/revisions\/2530"}],"wp:attachment":[{"href":"https:\/\/wadirumquietvillage.com\/es\/wp-json\/wp\/v2\/media?parent=2526"}],"curies":[{"name":"wp","href":"https:\/\/api.w.org\/{rel}","templated":true}]}}