{"id":2519,"date":"2023-06-30T14:39:33","date_gmt":"2023-06-30T14:39:33","guid":{"rendered":"http:\/\/uzl.drf.mybluehost.me\/su-guia-autorizado\/"},"modified":"2023-08-10T12:56:53","modified_gmt":"2023-08-10T12:56:53","slug":"su-guia-autorizado","status":"publish","type":"page","link":"https:\/\/wadirumquietvillage.com\/es\/su-guia-autorizado\/","title":{"rendered":"Su gu\u00eda autorizado"},"content":{"rendered":"\n<p><\/p>\n\n<p><\/p>\n\n<h2 class=\"wp-block-heading has-text-align-center\">Sobre Saleem<\/h2>\n\n<div style=\"height:37px\" aria-hidden=\"true\" class=\"wp-block-spacer\"><\/div>\n\n<p>Saleem es un gu\u00eda del desierto muy experimentado que posee la licencia de la Autoridad del \u00c1rea Protegida de Wadi Rum. Como es beduino y ha crecido en el desierto, lo conoce a la perfecci\u00f3n.<\/p>\n\n<div style=\"height:42px\" aria-hidden=\"true\" class=\"wp-block-spacer\"><\/div>\n\n<blockquote class=\"wp-block-quote is-layout-flow wp-block-quote-is-layout-flow\">\n<p>Saleem tiene el campamento de su familia, donde \u00e9sta viv\u00eda hace unas dos d\u00e9cadas. A diferencia de los numerosos campamentos tur\u00edsticos grandes y desarrollados con capacidad para al menos un centenar de personas cada uno, todos situados fuera de la Zona Protegida uno tras otro, este campamento beduino se encuentra dentro de los l\u00edmites de la Zona Protegida, en pleno coraz\u00f3n del desierto, en un remoto refugio de bellas formaciones rocosas de arenisca. El campamento de Saleh ser\u00e1 muy apreciado por quienes deseen vivir una experiencia de primera mano del aut\u00e9ntico mundo del desierto y por quienes se interesen por conocer la verdadera vida y tradiciones del pueblo beduino. En este lugar encantado, el silencio cobrar\u00e1 un nuevo significado para usted. Una noche bajo el cielo estrellado del desierto ser\u00e1 sin duda la cura adecuada para relajar cualquier nervio crispado.<\/p>\n\n\n\n<p><\/p>\n\n\n\n<div style=\"height:40px\" aria-hidden=\"true\" class=\"wp-block-spacer\"><\/div>\n<\/blockquote>\n\n<p>Si dispone de poco tiempo, puede elegir una excursi\u00f3n de dos horas y ver algunos de los monumentos m\u00e1s importantes, aunque se aconseja prever entre 4 y 5 horas para los distintos recorridos. Naturalmente, tambi\u00e9n se pueden organizar excursiones de d\u00eda completo o de varios d\u00edas. Conocer\u00e1 las zonas m\u00e1s impresionantes del desierto, incluidos lugares de inter\u00e9s hist\u00f3rico y cultural (por ejemplo, los grabados rupestres de Nabateus, de dos mil a\u00f1os de antig\u00fcedad), as\u00ed como lugares de inter\u00e9s natural (torres y puentes de arenisca), etc. Para variar, puede probar a montar a lomos de un camello. No pierda la oportunidad de perderse en una maravillosa puesta de sol en el desierto. Su experiencia nocturna en el desierto comenzar\u00e1 con una cena tradicional, seguida de canciones y bailes beduinos. Pasar\u00e1 la noche en tiendas beduinas o, en verano, bajo el cielo estrellado.<\/p>\n\n<div style=\"height:49px\" aria-hidden=\"true\" class=\"wp-block-spacer\"><\/div>\n<div class=\"wp-block-image\">\n<figure class=\"aligncenter size-large is-resized\"><img fetchpriority=\"high\" decoding=\"async\" src=\"https:\/\/wadirumquietvillage.com\/wp-content\/uploads\/2023\/06\/brown-mountain-blue-sky-during-night-time-1-1024x307.jpg\" alt=\"\" class=\"wp-image-852\" width=\"1131\" height=\"339\" srcset=\"https:\/\/wadirumquietvillage.com\/wp-content\/uploads\/2023\/06\/brown-mountain-blue-sky-during-night-time-1-1024x307.jpg 1024w, https:\/\/wadirumquietvillage.com\/wp-content\/uploads\/2023\/06\/brown-mountain-blue-sky-during-night-time-1-300x90.jpg 300w, https:\/\/wadirumquietvillage.com\/wp-content\/uploads\/2023\/06\/brown-mountain-blue-sky-during-night-time-1-768x230.jpg 768w, https:\/\/wadirumquietvillage.com\/wp-content\/uploads\/2023\/06\/brown-mountain-blue-sky-during-night-time-1-700x210.jpg 700w, https:\/\/wadirumquietvillage.com\/wp-content\/uploads\/2023\/06\/brown-mountain-blue-sky-during-night-time-1.jpg 1292w\" sizes=\"(max-width: 1131px) 100vw, 1131px\" \/><\/figure>\n<\/div>\n<div style=\"height:100px\" aria-hidden=\"true\" class=\"wp-block-spacer\"><\/div>\n","protected":false},"excerpt":{"rendered":"<p>Sobre Saleem Saleem es un gu\u00eda del desierto muy experimentado que posee la licencia de la Autoridad del \u00c1rea Protegida de Wadi Rum. Como es beduino y ha crecido en el desierto, lo conoce a la perfecci\u00f3n. Si dispone de poco tiempo, puede elegir una&#8230;<\/p>\n","protected":false},"author":1,"featured_media":0,"parent":0,"menu_order":0,"comment_status":"closed","ping_status":"closed","template":"","meta":{"_sharing_image":[],"_sharing_image_fieldset":[],"footnotes":""},"class_list":["post-2519","page","type-page","status-publish","hentry"],"_links":{"self":[{"href":"https:\/\/wadirumquietvillage.com\/es\/wp-json\/wp\/v2\/pages\/2519","targetHints":{"allow":["GET"]}}],"collection":[{"href":"https:\/\/wadirumquietvillage.com\/es\/wp-json\/wp\/v2\/pages"}],"about":[{"href":"https:\/\/wadirumquietvillage.com\/es\/wp-json\/wp\/v2\/types\/page"}],"author":[{"embeddable":true,"href":"https:\/\/wadirumquietvillage.com\/es\/wp-json\/wp\/v2\/users\/1"}],"replies":[{"embeddable":true,"href":"https:\/\/wadirumquietvillage.com\/es\/wp-json\/wp\/v2\/comments?post=2519"}],"version-history":[{"count":1,"href":"https:\/\/wadirumquietvillage.com\/es\/wp-json\/wp\/v2\/pages\/2519\/revisions"}],"predecessor-version":[{"id":2522,"href":"https:\/\/wadirumquietvillage.com\/es\/wp-json\/wp\/v2\/pages\/2519\/revisions\/2522"}],"wp:attachment":[{"href":"https:\/\/wadirumquietvillage.com\/es\/wp-json\/wp\/v2\/media?parent=2519"}],"curies":[{"name":"wp","href":"https:\/\/api.w.org\/{rel}","templated":true}]}}