{"id":2512,"date":"2023-06-20T18:49:12","date_gmt":"2023-06-20T18:49:12","guid":{"rendered":"http:\/\/uzl.drf.mybluehost.me\/politica-de-privacidad\/"},"modified":"2023-08-10T14:22:38","modified_gmt":"2023-08-10T14:22:38","slug":"politica-de-privacidad","status":"publish","type":"page","link":"https:\/\/wadirumquietvillage.com\/es\/politica-de-privacidad\/","title":{"rendered":"Pol\u00edtica de Privacidad"},"content":{"rendered":"\t\t<div data-elementor-type=\"wp-page\" data-elementor-id=\"2512\" class=\"elementor elementor-2512 elementor-3\">\n\t\t\t\t\t\t<section class=\"elementor-section elementor-top-section elementor-element elementor-element-2d827f44 elementor-section-boxed elementor-section-height-default elementor-section-height-default parallax_section_no qode_elementor_container_no\" data-id=\"2d827f44\" data-element_type=\"section\" data-e-type=\"section\">\n\t\t\t\t\t\t<div class=\"elementor-container elementor-column-gap-default\">\n\t\t\t\t\t<div class=\"elementor-column elementor-col-100 elementor-top-column elementor-element elementor-element-71da1e6a\" data-id=\"71da1e6a\" data-element_type=\"column\" data-e-type=\"column\">\n\t\t\t<div class=\"elementor-widget-wrap elementor-element-populated\">\n\t\t\t\t\t\t\t<\/div>\n\t\t<\/div>\n\t\t\t\t\t<\/div>\n\t\t<\/section>\n\t\t\t\t<section class=\"elementor-section elementor-top-section elementor-element elementor-element-0c87c72 elementor-section-full_width elementor-section-height-default elementor-section-height-default parallax_section_no qode_elementor_container_no\" data-id=\"0c87c72\" data-element_type=\"section\" data-e-type=\"section\">\n\t\t\t\t\t\t<div class=\"elementor-container elementor-column-gap-default\">\n\t\t\t\t\t<div class=\"elementor-column elementor-col-100 elementor-top-column elementor-element elementor-element-6966ca7\" data-id=\"6966ca7\" data-element_type=\"column\" data-e-type=\"column\">\n\t\t\t<div class=\"elementor-widget-wrap elementor-element-populated\">\n\t\t\t\t\t\t<div class=\"elementor-element elementor-element-18a244f elementor-widget elementor-widget-heading\" data-id=\"18a244f\" data-element_type=\"widget\" data-e-type=\"widget\" data-widget_type=\"heading.default\">\n\t\t\t\t<div class=\"elementor-widget-container\">\n\t\t\t\t\t<h2 class=\"elementor-heading-title elementor-size-default\">A\u00f1ada su texto de encabezamiento aqu\u00ed<\/h2>\t\t\t\t<\/div>\n\t\t\t\t<\/div>\n\t\t\t\t\t<\/div>\n\t\t<\/div>\n\t\t\t\t\t<\/div>\n\t\t<\/section>\n\t\t\t\t<section class=\"elementor-section elementor-top-section elementor-element elementor-element-7e1f688 elementor-section-boxed elementor-section-height-default elementor-section-height-default parallax_section_no qode_elementor_container_no\" data-id=\"7e1f688\" data-element_type=\"section\" data-e-type=\"section\">\n\t\t\t\t\t\t<div class=\"elementor-container elementor-column-gap-default\">\n\t\t\t\t\t<div class=\"elementor-column elementor-col-100 elementor-top-column elementor-element elementor-element-790b66e\" data-id=\"790b66e\" data-element_type=\"column\" data-e-type=\"column\">\n\t\t\t<div class=\"elementor-widget-wrap elementor-element-populated\">\n\t\t\t\t\t\t<div class=\"elementor-element elementor-element-115b73a elementor-hidden-desktop elementor-widget elementor-widget-spacer\" data-id=\"115b73a\" data-element_type=\"widget\" data-e-type=\"widget\" data-widget_type=\"spacer.default\">\n\t\t\t\t<div class=\"elementor-widget-container\">\n\t\t\t\t\t\t\t<div class=\"elementor-spacer\">\n\t\t\t<div class=\"elementor-spacer-inner\"><\/div>\n\t\t<\/div>\n\t\t\t\t\t\t<\/div>\n\t\t\t\t<\/div>\n\t\t\t\t\t<\/div>\n\t\t<\/div>\n\t\t\t\t\t<\/div>\n\t\t<\/section>\n\t\t\t\t<section class=\"elementor-section elementor-top-section elementor-element elementor-element-2ea7473 elementor-section-boxed elementor-section-height-default elementor-section-height-default parallax_section_no qode_elementor_container_no\" data-id=\"2ea7473\" data-element_type=\"section\" data-e-type=\"section\">\n\t\t\t\t\t\t<div class=\"elementor-container elementor-column-gap-default\">\n\t\t\t\t\t<div class=\"elementor-column elementor-col-100 elementor-top-column elementor-element elementor-element-2e70204\" data-id=\"2e70204\" data-element_type=\"column\" data-e-type=\"column\">\n\t\t\t<div class=\"elementor-widget-wrap elementor-element-populated\">\n\t\t\t\t\t\t<div class=\"elementor-element elementor-element-7159e74 elementor-widget elementor-widget-text-editor\" data-id=\"7159e74\" data-element_type=\"widget\" data-e-type=\"widget\" data-widget_type=\"text-editor.default\">\n\t\t\t\t<div class=\"elementor-widget-container\">\n\t\t\t\t\t\t\t\t\t<h2>Qui\u00e9nes somos<\/h2><p>Wadi Rum Quiet Village (\u00abnosotros\u00bb, \u00abnos\u00bb, o \u00abnuestro\u00bb) opera el : <a href=\"https:\/\/wadirumquietvillage.com\">https:\/\/wadirumquietvillage.com<\/a><\/p><p>Esta p\u00e1gina le informa de nuestras pol\u00edticas relativas a la recogida, uso y divulgaci\u00f3n de datos personales cuando utiliza nuestro Servicio y de las opciones que tiene asociadas a esos datos.<\/p><p>Utilizamos sus datos para prestar y mejorar el Servicio. Al utilizar el Servicio, usted acepta la recopilaci\u00f3n y el uso de informaci\u00f3n de acuerdo con esta pol\u00edtica. A menos que se defina lo contrario en esta Pol\u00edtica de Privacidad, los t\u00e9rminos utilizados en esta Pol\u00edtica de Privacidad tienen el mismo significado que en nuestras <a href=\"https:\/\/wadirumquietvillage.camp\/terms-of-use\/\" target=\"_blank\" rel=\"noopener\">Condiciones de uso<\/a>, accesibles desde <a href=\"https:\/\/wadirumquietvillage.camp\/terms-of-use\/\">https:\/\/wadirumquietvillage.camp\/terms-of-use\/<\/a> Information Collection And Use<\/p><p>Recopilamos distintos tipos de informaci\u00f3n con diversos fines para prestarle y mejorar nuestro Servicio. Tipos de datos recogidos Datos personales Al utilizar nuestro Servicio, es posible que le pidamos que nos proporcione cierta informaci\u00f3n de identificaci\u00f3n personal que puede utilizarse para ponernos en contacto con usted o identificarle (\u00abDatos personales\u00bb). La informaci\u00f3n personal identificable puede incluir, pero no se limita a: Direcci\u00f3n de correo electr\u00f3nico N\u00famero de tel\u00e9fono Cookies y datos de uso<\/p><p>Al utilizar nuestro Servicio, es posible que le pidamos que nos proporcione cierta informaci\u00f3n de identificaci\u00f3n personal que puede utilizarse para ponernos en contacto con usted o identificarle (\u00abDatos personales\u00bb). La informaci\u00f3n personal identificable puede incluir, pero no se limita a: Direcci\u00f3n de correo electr\u00f3nico N\u00famero de tel\u00e9fono Cookies y datos de uso<\/p><h2>Galletas<\/h2><p>Utilizamos cookies y tecnolog\u00edas de seguimiento similares para rastrear la actividad en nuestro Servicio y conservar cierta informaci\u00f3n. Las cookies son archivos con peque\u00f1as cantidades de datos que pueden incluir un identificador \u00fanico an\u00f3nimo.<\/p><p>Las cookies se env\u00edan a su navegador desde un sitio web y se almacenan en su dispositivo. Las tecnolog\u00edas de rastreo que tambi\u00e9n se utilizan son balizas, etiquetas y scripts para recopilar y rastrear informaci\u00f3n y para mejorar y analizar nuestro Servicio.<\/p><p>Puede indicar a su navegador que rechace todas las cookies o que le indique cu\u00e1ndo se env\u00eda una cookie. Sin embargo, si no acepta las cookies, es posible que no pueda utilizar algunas partes de nuestro Servicio.<\/p><p>Ejemplos de cookies que utilizamos:<\/p><p>Cookies de sesi\u00f3n. Utilizamos Cookies de Sesi\u00f3n para operar nuestro Servicio.<\/p><p>Cookies de preferencias. Utilizamos cookies de preferencias para recordar sus preferencias y diversos ajustes.<\/p><p>Cookies de seguridad. Utilizamos cookies de seguridad por motivos de seguridad.<\/p><h2>Uso de los datos<\/h2><p>Wadi Rum Quiet Village utiliza los datos recogidos para diversos fines: Proporcionar y mantener el Servicio Notificarle cambios en nuestro Servicio Permitirle participar en funciones interactivas de nuestro Servicio cuando decida hacerlo Proporcionar atenci\u00f3n y soporte al cliente Proporcionar an\u00e1lisis o informaci\u00f3n valiosa para que podamos mejorar el Servicio Supervisar el uso del Servicio Detectar, prevenir y solucionar problemas t\u00e9cnicos.<\/p><h2>\u00a0<\/h2><h2>Transferencia de datos<\/h2><p>Su informaci\u00f3n, incluidos los Datos Personales, puede transferirse y mantenerse en ordenadores situados fuera de su estado, provincia, pa\u00eds u otra jurisdicci\u00f3n gubernamental donde las leyes de protecci\u00f3n de datos puedan diferir de las de su jurisdicci\u00f3n. Si se encuentra fuera de Jordania y decide proporcionarnos informaci\u00f3n, tenga en cuenta que transferimos los datos, incluidos los datos personales, a Jordania y los procesamos all\u00ed. Su consentimiento a esta Pol\u00edtica de Privacidad seguido de su env\u00edo de dicha informaci\u00f3n representa su acuerdo a dicha transferencia. Wadi Rum Quiet Village tomar\u00e1 todas las medidas razonablemente necesarias para garantizar que sus datos sean tratados de forma segura y de acuerdo con esta Pol\u00edtica de Privacidad y no se realizar\u00e1 ninguna transferencia de sus Datos Personales a una organizaci\u00f3n o pa\u00eds a menos que existan controles adecuados que incluyan la seguridad de sus datos y otra informaci\u00f3n personal. Divulgaci\u00f3n de datos Requisitos legales Wadi Rum Quiet Village podr\u00e1 divulgar sus Datos Personales en la creencia de buena fe de que dicha acci\u00f3n es necesaria para: Cumplir con una obligaci\u00f3n legal Proteger y defender los derechos o la propiedad de Wadi Rum Quiet Village Prevenir o investigar posibles irregularidades en relaci\u00f3n con el Servicio Proteger la seguridad personal de los usuarios del Servicio o del p\u00fablico Proteger contra la responsabilidad legal.<\/p><h2>\u00a0<\/h2><h2>Seguridad de los datos<\/h2><p>La seguridad de sus datos es importante para nosotros, pero recuerde que ning\u00fan m\u00e9todo de transmisi\u00f3n por Internet o de almacenamiento electr\u00f3nico es seguro al 100%. Aunque nos esforzamos por utilizar medios comercialmente aceptables para proteger sus Datos Personales, no podemos garantizar su seguridad absoluta. Proveedores de servicios Podemos contratar a terceras empresas y particulares para facilitar nuestro Servicio (\u00abProveedores de servicios\u00bb), prestar el Servicio en nuestro nombre, realizar servicios relacionados con el Servicio o ayudarnos a analizar c\u00f3mo se utiliza nuestro Servicio. Estos terceros s\u00f3lo tienen acceso a sus Datos Personales para realizar estas tareas en nuestro nombre y est\u00e1n obligados a no divulgarlos ni utilizarlos para ning\u00fan otro fin. Enlaces a otros sitios Nuestro Servicio puede contener enlaces a otros sitios que no son operados por nosotros. Si hace clic en un enlace de terceros, ser\u00e1 dirigido al sitio web de ese tercero. Le recomendamos encarecidamente que revise la Pol\u00edtica de Privacidad de cada sitio que visite. No tenemos ning\u00fan control ni asumimos ninguna responsabilidad por el contenido, las pol\u00edticas de privacidad o las pr\u00e1cticas de los sitios o servicios de terceros. Privacidad de los ni\u00f1os Nuestro Servicio no se dirige a menores de 13 a\u00f1os (\u00abNi\u00f1os\u00bb). No recopilamos conscientemente informaci\u00f3n personal identificable de menores de 13 a\u00f1os. Si usted es padre o tutor y tiene conocimiento de que sus hijos nos han proporcionado Datos Personales, p\u00f3ngase en contacto con nosotros. Si tenemos conocimiento de que hemos recopilado Datos Personales de ni\u00f1os sin verificar el consentimiento paterno, tomamos medidas para eliminar esa informaci\u00f3n de nuestros servidores.<\/p><h2>Cambios en esta pol\u00edtica de privacidad<\/h2><p>Podemos actualizar nuestra pol\u00edtica de privacidad de vez en cuando. Le notificaremos cualquier cambio publicando la nueva Pol\u00edtica de Privacidad en esta p\u00e1gina. Le informaremos por correo electr\u00f3nico y\/o mediante un aviso destacado en nuestro Servicio, antes de que el cambio entre en vigor y actualizaremos la \u00abfecha de entrada en vigor\u00bb en la parte superior de esta Pol\u00edtica de Privacidad. Le recomendamos que revise peri\u00f3dicamente esta pol\u00edtica de privacidad para comprobar si se han producido cambios. Los cambios en esta pol\u00edtica de privacidad entran en vigor cuando se publican en esta p\u00e1gina.<\/p>\t\t\t\t\t\t\t\t<\/div>\n\t\t\t\t<\/div>\n\t\t\t\t\t<\/div>\n\t\t<\/div>\n\t\t\t\t\t<\/div>\n\t\t<\/section>\n\t\t\t\t<\/div>\n\t\t","protected":false},"excerpt":{"rendered":"<p>A\u00f1ada su texto de encabezamiento aqu\u00ed Qui\u00e9nes somos Wadi Rum Quiet Village (\u00abnosotros\u00bb, \u00abnos\u00bb, o \u00abnuestro\u00bb) opera el : https:\/\/wadirumquietvillage.com Esta p\u00e1gina le informa de nuestras pol\u00edticas relativas a la recogida, uso y divulgaci\u00f3n de datos personales cuando utiliza nuestro Servicio y de las opciones&#8230;<\/p>\n","protected":false},"author":1,"featured_media":0,"parent":0,"menu_order":0,"comment_status":"closed","ping_status":"closed","template":"","meta":{"_sharing_image":[],"_sharing_image_fieldset":[],"footnotes":""},"class_list":["post-2512","page","type-page","status-publish","hentry"],"_links":{"self":[{"href":"https:\/\/wadirumquietvillage.com\/es\/wp-json\/wp\/v2\/pages\/2512","targetHints":{"allow":["GET"]}}],"collection":[{"href":"https:\/\/wadirumquietvillage.com\/es\/wp-json\/wp\/v2\/pages"}],"about":[{"href":"https:\/\/wadirumquietvillage.com\/es\/wp-json\/wp\/v2\/types\/page"}],"author":[{"embeddable":true,"href":"https:\/\/wadirumquietvillage.com\/es\/wp-json\/wp\/v2\/users\/1"}],"replies":[{"embeddable":true,"href":"https:\/\/wadirumquietvillage.com\/es\/wp-json\/wp\/v2\/comments?post=2512"}],"version-history":[{"count":11,"href":"https:\/\/wadirumquietvillage.com\/es\/wp-json\/wp\/v2\/pages\/2512\/revisions"}],"predecessor-version":[{"id":3344,"href":"https:\/\/wadirumquietvillage.com\/es\/wp-json\/wp\/v2\/pages\/2512\/revisions\/3344"}],"wp:attachment":[{"href":"https:\/\/wadirumquietvillage.com\/es\/wp-json\/wp\/v2\/media?parent=2512"}],"curies":[{"name":"wp","href":"https:\/\/api.w.org\/{rel}","templated":true}]}}