{"id":3183,"date":"2023-07-24T18:58:43","date_gmt":"2023-07-24T18:58:43","guid":{"rendered":"https:\/\/wadirumquietvillage.com\/touren-2\/"},"modified":"2023-08-10T12:54:27","modified_gmt":"2023-08-10T12:54:27","slug":"touren-2","status":"publish","type":"page","link":"https:\/\/wadirumquietvillage.com\/de\/touren-2\/","title":{"rendered":"Wander-Abenteuer"},"content":{"rendered":"\t\t<div data-elementor-type=\"wp-page\" data-elementor-id=\"3183\" class=\"elementor elementor-3183 elementor-3177\">\n\t\t\t\t\t\t<section class=\"elementor-section elementor-top-section elementor-element elementor-element-33f8a882 elementor-section-full_width elementor-section-height-default elementor-section-height-default parallax_section_no qode_elementor_container_no\" data-id=\"33f8a882\" data-element_type=\"section\" data-e-type=\"section\">\n\t\t\t\t\t\t<div class=\"elementor-container elementor-column-gap-no\">\n\t\t\t\t\t<div class=\"elementor-column elementor-col-100 elementor-top-column elementor-element elementor-element-4a6757f4\" data-id=\"4a6757f4\" data-element_type=\"column\" data-e-type=\"column\">\n\t\t\t<div class=\"elementor-widget-wrap elementor-element-populated\">\n\t\t\t\t\t\t<div class=\"elementor-element elementor-element-28166d2a elementor-widget elementor-widget-image\" data-id=\"28166d2a\" data-element_type=\"widget\" data-e-type=\"widget\" data-widget_type=\"image.default\">\n\t\t\t\t<div class=\"elementor-widget-container\">\n\t\t\t\t\t\t\t\t\t\t\t\t\t\t\t<img fetchpriority=\"high\" decoding=\"async\" width=\"947\" height=\"244\" src=\"https:\/\/wadirumquietvillage.com\/wp-content\/uploads\/2020\/06\/background-text-1.png\" class=\"attachment-full size-full wp-image-197\" alt=\"m\" srcset=\"https:\/\/wadirumquietvillage.com\/wp-content\/uploads\/2020\/06\/background-text-1.png 947w, https:\/\/wadirumquietvillage.com\/wp-content\/uploads\/2020\/06\/background-text-1-300x77.png 300w, https:\/\/wadirumquietvillage.com\/wp-content\/uploads\/2020\/06\/background-text-1-768x198.png 768w, https:\/\/wadirumquietvillage.com\/wp-content\/uploads\/2020\/06\/background-text-1-700x180.png 700w\" sizes=\"(max-width: 947px) 100vw, 947px\" \/>\t\t\t\t\t\t\t\t\t\t\t\t\t\t\t<\/div>\n\t\t\t\t<\/div>\n\t\t\t\t\t<\/div>\n\t\t<\/div>\n\t\t\t\t\t<\/div>\n\t\t<\/section>\n\t\t\t\t<section class=\"elementor-section elementor-top-section elementor-element elementor-element-36795fa8 elementor-section-full_width qode_elementor_container_inner elementor-section-height-default elementor-section-height-default parallax_section_no\" data-id=\"36795fa8\" data-element_type=\"section\" data-e-type=\"section\">\n\t\t\t\t\t\t<div class=\"elementor-container elementor-column-gap-no\">\n\t\t\t\t\t<div class=\"elementor-column elementor-col-100 elementor-top-column elementor-element elementor-element-8ff9c97\" data-id=\"8ff9c97\" data-element_type=\"column\" data-e-type=\"column\">\n\t\t\t<div class=\"elementor-widget-wrap elementor-element-populated\">\n\t\t\t\t\t\t<div class=\"elementor-element elementor-element-16eb5cc8 elementor-widget elementor-widget-text-editor\" data-id=\"16eb5cc8\" data-element_type=\"widget\" data-e-type=\"widget\" data-widget_type=\"text-editor.default\">\n\t\t\t\t<div class=\"elementor-widget-container\">\n\t\t\t\t\t\t\t\t\t<h1 style=\"text-align: center;\">Wander-Abenteuer<\/h1>\n\t\t\t\t\t\t\t\t<\/div>\n\t\t\t\t<\/div>\n\t\t\t\t<div class=\"elementor-element elementor-element-201c38f7 elementor-widget-divider--view-line elementor-widget elementor-widget-divider\" data-id=\"201c38f7\" data-element_type=\"widget\" data-e-type=\"widget\" data-widget_type=\"divider.default\">\n\t\t\t\t<div class=\"elementor-widget-container\">\n\t\t\t\t\t\t\t<div class=\"elementor-divider\">\n\t\t\t<span class=\"elementor-divider-separator\">\n\t\t\t\t\t\t<\/span>\n\t\t<\/div>\n\t\t\t\t\t\t<\/div>\n\t\t\t\t<\/div>\n\t\t\t\t<div class=\"elementor-element elementor-element-3f86e969 elementor-widget elementor-widget-text-editor\" data-id=\"3f86e969\" data-element_type=\"widget\" data-e-type=\"widget\" data-widget_type=\"text-editor.default\">\n\t\t\t\t<div class=\"elementor-widget-container\">\n\t\t\t\t\t\t\t\t\t<h5 style=\"letter-spacing: normal; text-align: center;\">Erleben Sie dieses magische \u00d6kosystem der jordanischen W\u00fcste mit seinen weitl\u00e4ufigen roten Sandd\u00fcnen und hoch aufragenden Sandsteinb\u00f6gen in Begleitung von qualifizierten F\u00fchrern, die Ihnen ein unvergessliches Erlebnis bereiten werden.<\/h5>\n\t\t\t\t\t\t\t\t<\/div>\n\t\t\t\t<\/div>\n\t\t\t\t\t<\/div>\n\t\t<\/div>\n\t\t\t\t\t<\/div>\n\t\t<\/section>\n\t\t\t\t<section class=\"elementor-section elementor-top-section elementor-element elementor-element-1921b350 elementor-section-full_width qode_elementor_container_inner elementor-section-height-default elementor-section-height-default parallax_section_no\" data-id=\"1921b350\" data-element_type=\"section\" data-e-type=\"section\">\n\t\t\t\t\t\t<div class=\"elementor-container elementor-column-gap-no\">\n\t\t\t\t\t<div class=\"elementor-column elementor-col-100 elementor-top-column elementor-element elementor-element-90ef423\" data-id=\"90ef423\" data-element_type=\"column\" data-e-type=\"column\">\n\t\t\t<div class=\"elementor-widget-wrap elementor-element-populated\">\n\t\t\t\t\t\t<div class=\"elementor-element elementor-element-62f6eabf elementor-widget elementor-widget-qode_tours_list\" data-id=\"62f6eabf\" data-element_type=\"widget\" data-e-type=\"widget\" data-widget_type=\"qode_tours_list.default\">\n\t\t\t\t<div class=\"elementor-widget-container\">\n\t\t\t\t\t<div class=\"qode-tours-list-holder qode-tours-row qode-large-space  qode-tours-columns-3 qode-tours-type-standard\">\n\t\t\t\n\t\t\n        <div class=\"qode-tours-list-holder-inner qode-tours-row-inner-holder qode-outer-space\">\n\t\t\t<div class=\"qode-tours-list-grid-sizer\"><\/div>\n\t\t\t\t\t<div class=\"qode-tours-standard-item qode-tours-row-item qode-item-space post-2676 tour-item type-tour-item status-publish has-post-thumbnail hentry tour-category-wander-abenteuer\">\n\t<div class=\"qode-tour-item-inner\">\n\t\t\t\t\t<div class=\"qode-tours-standard-item-image-holder\">\n\t\t\t\t<a href=\"https:\/\/wadirumquietvillage.com\/de\/tour-item\/jabel-al-hash-wandern-2-tage-2-naechte-wadirum\/\">\n\t\t\t\t\t<img decoding=\"async\" width=\"820\" height=\"1024\" src=\"https:\/\/wadirumquietvillage.com\/wp-content\/uploads\/2020\/06\/Hiking-adventures.jpg\" class=\"attachment-full size-full\" alt=\"\" srcset=\"https:\/\/wadirumquietvillage.com\/wp-content\/uploads\/2020\/06\/Hiking-adventures.jpg 820w, https:\/\/wadirumquietvillage.com\/wp-content\/uploads\/2020\/06\/Hiking-adventures-240x300.jpg 240w, https:\/\/wadirumquietvillage.com\/wp-content\/uploads\/2020\/06\/Hiking-adventures-768x959.jpg 768w, https:\/\/wadirumquietvillage.com\/wp-content\/uploads\/2020\/06\/Hiking-adventures-700x874.jpg 700w\" sizes=\"(max-width: 820px) 100vw, 820px\" \/>\t\t\t\t<\/a>\n\t\t\t\t\t\t\t\t\t<span class=\"qode-tours-standard-item-label-holder\">\n\t\t\t\t\t\t\n\t\t<span class=\"qode-tour-item-label\">\n\t\t\t<span class=\"qode-tour-item-label-inner\">\n\t\t\t\t\t\t\t<\/span>\n\t\t<\/span>\n\n\t\t\t\t\t\t\t<\/span>\n\t\t\t\t\t\t\t<\/div>\n\t\t\n\t\t<div class=\"qode-tours-standard-item-content-holder\">\n\t\t\t<div class=\"qode-tours-standard-item-content-inner\">\n\t\t\t\t<div class=\"qode-tours-standard-item-title-price-holder\">\n\t\t\t\t\t<h4 class=\"qode-tour-title\">\n\t\t\t\t\t\t<a href=\"https:\/\/wadirumquietvillage.com\/de\/tour-item\/jabel-al-hash-wandern-2-tage-2-naechte-wadirum\/\">Jabel Al Hash Wandern 2 Tage &amp; 2 N\u00e4chte<\/a>\n\t\t\t\t\t<\/h4>\n\t\t\t\t\t<span class=\"qode-tours-standard-item-price-holder\">\n\t\t\t\t\t\t\n\t\t<span class=\"qode-tours-price-holder\">\n\t\t\t\t\t\t\t\t<\/span>\n\n\t\t\t\t\t\t\t<\/span>\n\t\t\t\t<\/div>\n\n                            <div class=\"qode-tours-standard-item-bottom-item\">\n                            <div class=\"qode-info-section-part qode-tour-item-reviews\">\n            <span class=\"qode-single-rating-value\">\n                    <\/span>\n        <\/div>\n\n                        <\/div>\n            \n\t\t\t\t\t\t\t\t\t<div class=\"qode-tours-standard-item-excerpt\">\n\t\t\t\t\t\tZwei Tage mit \u00dcbernachtung\t\t\t\t\t<\/div>\n\t\t\t\t\t\t\t<\/div>\n\t\t\t<div class=\"qode-tours-standard-item-bottom-content\">\n\t\t\t\t\t\t\t\t\t<div class=\"qode-tours-standard-item-bottom-item\">\n\t\t\t\t\t\t\n\t\t\n\t\t\t<div class=\"qode-tour-duration-holder\">\n\t\t\t    <span class=\"qode-tour-duration-icon qode-tour-info-icon\">\n\t\t\t\t\t<span class=\"dripicons-clock\"><\/span>\n\t\t\t    <\/span>\n\t\t\t\t<span class=\"qode-tour-info-label\">\n\t\t\t\t\t36 Stunden\t\t\t\t<\/span>\n\t\t\t<\/div>\n\n\t\t\n\t\t\t\t\t\t\t<\/div>\n\t\t\t\t\n\t\t\t\t\t\t\t\t\t\t\t\t\t<div class=\"qode-tours-standard-item-bottom-item\">\n\t\t\t\t\t\t                \t\t\t\t\t<\/div>\n\t\t\t\t\t\t\t<\/div>\n\t\t<\/div>\n\t<\/div>\n<\/div>\t\t<div class=\"qode-tours-standard-item qode-tours-row-item qode-item-space post-2690 tour-item type-tour-item status-publish has-post-thumbnail hentry tour-category-wander-abenteuer\">\n\t<div class=\"qode-tour-item-inner\">\n\t\t\t\t\t<div class=\"qode-tours-standard-item-image-holder\">\n\t\t\t\t<a href=\"https:\/\/wadirumquietvillage.com\/de\/tour-item\/jabel-umm-addamy-wandern-eine-nacht-wadirum\/\">\n\t\t\t\t\t<img decoding=\"async\" width=\"527\" height=\"770\" src=\"https:\/\/wadirumquietvillage.com\/wp-content\/uploads\/2023\/07\/9c5529f5-35f9-4753-9b12-b54cc9b4c8a1-e1688476747641.jpg\" class=\"attachment-full size-full\" alt=\"\" srcset=\"https:\/\/wadirumquietvillage.com\/wp-content\/uploads\/2023\/07\/9c5529f5-35f9-4753-9b12-b54cc9b4c8a1-e1688476747641.jpg 527w, https:\/\/wadirumquietvillage.com\/wp-content\/uploads\/2023\/07\/9c5529f5-35f9-4753-9b12-b54cc9b4c8a1-e1688476747641-205x300.jpg 205w\" sizes=\"(max-width: 527px) 100vw, 527px\" \/>\t\t\t\t<\/a>\n\t\t\t\t\t\t\t\t\t<span class=\"qode-tours-standard-item-label-holder\">\n\t\t\t\t\t\t\n\t\t<span class=\"qode-tour-item-label\">\n\t\t\t<span class=\"qode-tour-item-label-inner\">\n\t\t\t\t\t\t\t<\/span>\n\t\t<\/span>\n\n\t\t\t\t\t\t\t<\/span>\n\t\t\t\t\t\t\t<\/div>\n\t\t\n\t\t<div class=\"qode-tours-standard-item-content-holder\">\n\t\t\t<div class=\"qode-tours-standard-item-content-inner\">\n\t\t\t\t<div class=\"qode-tours-standard-item-title-price-holder\">\n\t\t\t\t\t<h4 class=\"qode-tour-title\">\n\t\t\t\t\t\t<a href=\"https:\/\/wadirumquietvillage.com\/de\/tour-item\/jabel-umm-addamy-wandern-eine-nacht-wadirum\/\">Jabel Umm Addamy Wandern &amp; eine Nacht<\/a>\n\t\t\t\t\t<\/h4>\n\t\t\t\t\t<span class=\"qode-tours-standard-item-price-holder\">\n\t\t\t\t\t\t\n\t\t<span class=\"qode-tours-price-holder\">\n\t\t\t\t\t\t\t\t<\/span>\n\n\t\t\t\t\t\t\t<\/span>\n\t\t\t\t<\/div>\n\n                            <div class=\"qode-tours-standard-item-bottom-item\">\n                            <div class=\"qode-info-section-part qode-tour-item-reviews\">\n            <span class=\"qode-single-rating-value\">\n                    <\/span>\n        <\/div>\n\n                        <\/div>\n            \n\t\t\t\t\t\t\t\t\t<div class=\"qode-tours-standard-item-excerpt\">\n\t\t\t\t\t\tMit \u00dcbernachtung\t\t\t\t\t<\/div>\n\t\t\t\t\t\t\t<\/div>\n\t\t\t<div class=\"qode-tours-standard-item-bottom-content\">\n\t\t\t\t\t\t\t\t\t<div class=\"qode-tours-standard-item-bottom-item\">\n\t\t\t\t\t\t\n\t\t\n\t\t\t<div class=\"qode-tour-duration-holder\">\n\t\t\t    <span class=\"qode-tour-duration-icon qode-tour-info-icon\">\n\t\t\t\t\t<span class=\"dripicons-clock\"><\/span>\n\t\t\t    <\/span>\n\t\t\t\t<span class=\"qode-tour-info-label\">\n\t\t\t\t\t30 Stunden\t\t\t\t<\/span>\n\t\t\t<\/div>\n\n\t\t\n\t\t\t\t\t\t\t<\/div>\n\t\t\t\t\n\t\t\t\t\t\t\t\t\t\t\t\t\t<div class=\"qode-tours-standard-item-bottom-item\">\n\t\t\t\t\t\t                \t\t\t\t\t<\/div>\n\t\t\t\t\t\t\t<\/div>\n\t\t<\/div>\n\t<\/div>\n<\/div>\t\t<div class=\"qode-tours-standard-item qode-tours-row-item qode-item-space post-2693 tour-item type-tour-item status-publish has-post-thumbnail hentry tour-category-wander-abenteuer\">\n\t<div class=\"qode-tour-item-inner\">\n\t\t\t\t\t<div class=\"qode-tours-standard-item-image-holder\">\n\t\t\t\t<a href=\"https:\/\/wadirumquietvillage.com\/de\/tour-item\/burdah-arch-wandern-eine-nacht-wadirum\/\">\n\t\t\t\t\t<img loading=\"lazy\" decoding=\"async\" width=\"768\" height=\"1024\" src=\"https:\/\/wadirumquietvillage.com\/wp-content\/uploads\/2023\/07\/Burdah-Arch.jpg\" class=\"attachment-full size-full\" alt=\"\" srcset=\"https:\/\/wadirumquietvillage.com\/wp-content\/uploads\/2023\/07\/Burdah-Arch.jpg 768w, https:\/\/wadirumquietvillage.com\/wp-content\/uploads\/2023\/07\/Burdah-Arch-225x300.jpg 225w, https:\/\/wadirumquietvillage.com\/wp-content\/uploads\/2023\/07\/Burdah-Arch-600x800.jpg 600w, https:\/\/wadirumquietvillage.com\/wp-content\/uploads\/2023\/07\/Burdah-Arch-700x933.jpg 700w\" sizes=\"(max-width: 768px) 100vw, 768px\" \/>\t\t\t\t<\/a>\n\t\t\t\t\t\t\t\t\t<span class=\"qode-tours-standard-item-label-holder\">\n\t\t\t\t\t\t\n\t\t<span class=\"qode-tour-item-label\">\n\t\t\t<span class=\"qode-tour-item-label-inner\">\n\t\t\t\t\t\t\t<\/span>\n\t\t<\/span>\n\n\t\t\t\t\t\t\t<\/span>\n\t\t\t\t\t\t\t<\/div>\n\t\t\n\t\t<div class=\"qode-tours-standard-item-content-holder\">\n\t\t\t<div class=\"qode-tours-standard-item-content-inner\">\n\t\t\t\t<div class=\"qode-tours-standard-item-title-price-holder\">\n\t\t\t\t\t<h4 class=\"qode-tour-title\">\n\t\t\t\t\t\t<a href=\"https:\/\/wadirumquietvillage.com\/de\/tour-item\/burdah-arch-wandern-eine-nacht-wadirum\/\">Burdah Arch Wandern &amp; eine Nacht<\/a>\n\t\t\t\t\t<\/h4>\n\t\t\t\t\t<span class=\"qode-tours-standard-item-price-holder\">\n\t\t\t\t\t\t\n\t\t<span class=\"qode-tours-price-holder\">\n\t\t\t\t\t\t\t\t<\/span>\n\n\t\t\t\t\t\t\t<\/span>\n\t\t\t\t<\/div>\n\n                            <div class=\"qode-tours-standard-item-bottom-item\">\n                            <div class=\"qode-info-section-part qode-tour-item-reviews\">\n            <span class=\"qode-single-rating-value\">\n                    <\/span>\n        <\/div>\n\n                        <\/div>\n            \n\t\t\t\t\t\t\t\t\t<div class=\"qode-tours-standard-item-excerpt\">\n\t\t\t\t\t\tKlettern und Wandern\t\t\t\t\t<\/div>\n\t\t\t\t\t\t\t<\/div>\n\t\t\t<div class=\"qode-tours-standard-item-bottom-content\">\n\t\t\t\t\t\t\t\t\t<div class=\"qode-tours-standard-item-bottom-item\">\n\t\t\t\t\t\t\n\t\t\n\t\t\t<div class=\"qode-tour-duration-holder\">\n\t\t\t    <span class=\"qode-tour-duration-icon qode-tour-info-icon\">\n\t\t\t\t\t<span class=\"dripicons-clock\"><\/span>\n\t\t\t    <\/span>\n\t\t\t\t<span class=\"qode-tour-info-label\">\n\t\t\t\t\t30 Stunden\t\t\t\t<\/span>\n\t\t\t<\/div>\n\n\t\t\n\t\t\t\t\t\t\t<\/div>\n\t\t\t\t\n\t\t\t\t\t\t\t\t\t\t\t\t\t<div class=\"qode-tours-standard-item-bottom-item\">\n\t\t\t\t\t\t                \t\t\t\t\t<\/div>\n\t\t\t\t\t\t\t<\/div>\n\t\t<\/div>\n\t<\/div>\n<\/div>\t\t<div class=\"qode-tours-standard-item qode-tours-row-item qode-item-space post-2689 tour-item type-tour-item status-publish has-post-thumbnail hentry tour-category-wander-abenteuer\">\n\t<div class=\"qode-tour-item-inner\">\n\t\t\t\t\t<div class=\"qode-tours-standard-item-image-holder\">\n\t\t\t\t<a href=\"https:\/\/wadirumquietvillage.com\/de\/tour-item\/wuestenwanderung-2-naechte-wadirum\/\">\n\t\t\t\t\t<img loading=\"lazy\" decoding=\"async\" width=\"768\" height=\"1024\" src=\"https:\/\/wadirumquietvillage.com\/wp-content\/uploads\/2023\/07\/24da90a0-84a4-4091-b3d5-2a5a4097e185.jpg\" class=\"attachment-full size-full\" alt=\"\" srcset=\"https:\/\/wadirumquietvillage.com\/wp-content\/uploads\/2023\/07\/24da90a0-84a4-4091-b3d5-2a5a4097e185.jpg 768w, https:\/\/wadirumquietvillage.com\/wp-content\/uploads\/2023\/07\/24da90a0-84a4-4091-b3d5-2a5a4097e185-225x300.jpg 225w, https:\/\/wadirumquietvillage.com\/wp-content\/uploads\/2023\/07\/24da90a0-84a4-4091-b3d5-2a5a4097e185-600x800.jpg 600w, https:\/\/wadirumquietvillage.com\/wp-content\/uploads\/2023\/07\/24da90a0-84a4-4091-b3d5-2a5a4097e185-700x933.jpg 700w\" sizes=\"(max-width: 768px) 100vw, 768px\" \/>\t\t\t\t<\/a>\n\t\t\t\t\t\t\t\t\t<span class=\"qode-tours-standard-item-label-holder\">\n\t\t\t\t\t\t\n\t\t<span class=\"qode-tour-item-label\">\n\t\t\t<span class=\"qode-tour-item-label-inner\">\n\t\t\t\t\t\t\t<\/span>\n\t\t<\/span>\n\n\t\t\t\t\t\t\t<\/span>\n\t\t\t\t\t\t\t<\/div>\n\t\t\n\t\t<div class=\"qode-tours-standard-item-content-holder\">\n\t\t\t<div class=\"qode-tours-standard-item-content-inner\">\n\t\t\t\t<div class=\"qode-tours-standard-item-title-price-holder\">\n\t\t\t\t\t<h4 class=\"qode-tour-title\">\n\t\t\t\t\t\t<a href=\"https:\/\/wadirumquietvillage.com\/de\/tour-item\/wuestenwanderung-2-naechte-wadirum\/\">W\u00fcstenwanderung &amp; 2 N\u00e4chte<\/a>\n\t\t\t\t\t<\/h4>\n\t\t\t\t\t<span class=\"qode-tours-standard-item-price-holder\">\n\t\t\t\t\t\t\n\t\t<span class=\"qode-tours-price-holder\">\n\t\t\t\t\t\t\t\t<\/span>\n\n\t\t\t\t\t\t\t<\/span>\n\t\t\t\t<\/div>\n\n                            <div class=\"qode-tours-standard-item-bottom-item\">\n                            <div class=\"qode-info-section-part qode-tour-item-reviews\">\n            <span class=\"qode-single-rating-value\">\n                    <\/span>\n        <\/div>\n\n                        <\/div>\n            \n\t\t\t\t\t\t\t\t\t<div class=\"qode-tours-standard-item-excerpt\">\n\t\t\t\t\t\tZwei Tage Trekking\t\t\t\t\t<\/div>\n\t\t\t\t\t\t\t<\/div>\n\t\t\t<div class=\"qode-tours-standard-item-bottom-content\">\n\t\t\t\t\t\t\t\t\t<div class=\"qode-tours-standard-item-bottom-item\">\n\t\t\t\t\t\t\n\t\t\n\t\t\t<div class=\"qode-tour-duration-holder\">\n\t\t\t    <span class=\"qode-tour-duration-icon qode-tour-info-icon\">\n\t\t\t\t\t<span class=\"dripicons-clock\"><\/span>\n\t\t\t    <\/span>\n\t\t\t\t<span class=\"qode-tour-info-label\">\n\t\t\t\t\t36 Stunden\t\t\t\t<\/span>\n\t\t\t<\/div>\n\n\t\t\n\t\t\t\t\t\t\t<\/div>\n\t\t\t\t\n\t\t\t\t\t\t\t\t\t\t\t\t\t<div class=\"qode-tours-standard-item-bottom-item\">\n\t\t\t\t\t\t                \t\t\t\t\t<\/div>\n\t\t\t\t\t\t\t<\/div>\n\t\t<\/div>\n\t<\/div>\n<\/div>\t\t<\/div>\n\n\t\t\t\t\t<div class=\"qode-tours-pagination-holder qode-tours-pagination-load-more\">\n\t\t\t\t\t\t\t\t\t<a  itemprop=\"url\" href=\"#\" target=\"_self\"  class=\"qbutton  default qode-tours-load-more-button\" style=\"\">Load More<\/a>\t\t\t\t\t\t\t<\/div>\n\n\t\t\n\n\t\t<\/div>\t\t\t\t<\/div>\n\t\t\t\t<\/div>\n\t\t\t\t\t<\/div>\n\t\t<\/div>\n\t\t\t\t\t<\/div>\n\t\t<\/section>\n\t\t\t\t<section class=\"elementor-section elementor-top-section elementor-element elementor-element-32ee1924 elementor-section-full_width elementor-section-height-default elementor-section-height-default parallax_section_no qode_elementor_container_no\" data-id=\"32ee1924\" data-element_type=\"section\" data-e-type=\"section\" data-settings=\"{&quot;background_background&quot;:&quot;classic&quot;}\">\n\t\t\t\t\t\t<div class=\"elementor-container elementor-column-gap-no\">\n\t\t\t\t\t<div class=\"elementor-column elementor-col-100 elementor-top-column elementor-element elementor-element-d8c5ec7\" data-id=\"d8c5ec7\" data-element_type=\"column\" data-e-type=\"column\">\n\t\t\t<div class=\"elementor-widget-wrap\">\n\t\t\t\t\t\t\t<\/div>\n\t\t<\/div>\n\t\t\t\t\t<\/div>\n\t\t<\/section>\n\t\t\t\t<\/div>\n\t\t","protected":false},"excerpt":{"rendered":"<p>Wander-Abenteuer Erleben Sie dieses magische \u00d6kosystem der jordanischen W\u00fcste mit seinen weitl\u00e4ufigen roten Sandd\u00fcnen und hoch aufragenden Sandsteinb\u00f6gen in Begleitung von qualifizierten F\u00fchrern, die Ihnen ein unvergessliches Erlebnis bereiten werden. Jabel Al hash hiking 2 days &#038; 2 nights Two days\u2028 with overnight 36 hours&#8230;<\/p>\n","protected":false},"author":1,"featured_media":0,"parent":0,"menu_order":0,"comment_status":"closed","ping_status":"closed","template":"full_width.php","meta":{"_sharing_image":[],"_sharing_image_fieldset":[],"footnotes":""},"class_list":["post-3183","page","type-page","status-publish","hentry"],"_links":{"self":[{"href":"https:\/\/wadirumquietvillage.com\/de\/wp-json\/wp\/v2\/pages\/3183","targetHints":{"allow":["GET"]}}],"collection":[{"href":"https:\/\/wadirumquietvillage.com\/de\/wp-json\/wp\/v2\/pages"}],"about":[{"href":"https:\/\/wadirumquietvillage.com\/de\/wp-json\/wp\/v2\/types\/page"}],"author":[{"embeddable":true,"href":"https:\/\/wadirumquietvillage.com\/de\/wp-json\/wp\/v2\/users\/1"}],"replies":[{"embeddable":true,"href":"https:\/\/wadirumquietvillage.com\/de\/wp-json\/wp\/v2\/comments?post=3183"}],"version-history":[{"count":3,"href":"https:\/\/wadirumquietvillage.com\/de\/wp-json\/wp\/v2\/pages\/3183\/revisions"}],"predecessor-version":[{"id":3314,"href":"https:\/\/wadirumquietvillage.com\/de\/wp-json\/wp\/v2\/pages\/3183\/revisions\/3314"}],"wp:attachment":[{"href":"https:\/\/wadirumquietvillage.com\/de\/wp-json\/wp\/v2\/media?parent=3183"}],"curies":[{"name":"wp","href":"https:\/\/api.w.org\/{rel}","templated":true}]}}