{"id":3170,"date":"2023-07-24T18:56:42","date_gmt":"2023-07-24T18:56:42","guid":{"rendered":"https:\/\/wadirumquietvillage.com\/kamel-touren\/"},"modified":"2023-08-10T12:56:53","modified_gmt":"2023-08-10T12:56:53","slug":"kamel-touren","status":"publish","type":"page","link":"https:\/\/wadirumquietvillage.com\/de\/kamel-touren\/","title":{"rendered":"Kamel-Touren"},"content":{"rendered":"\t\t<div data-elementor-type=\"wp-page\" data-elementor-id=\"3170\" class=\"elementor elementor-3170 elementor-3163\">\n\t\t\t\t\t\t<section class=\"elementor-section elementor-top-section elementor-element elementor-element-33f8a882 elementor-section-full_width elementor-section-height-default elementor-section-height-default parallax_section_no qode_elementor_container_no\" data-id=\"33f8a882\" data-element_type=\"section\" data-e-type=\"section\">\n\t\t\t\t\t\t<div class=\"elementor-container elementor-column-gap-no\">\n\t\t\t\t\t<div class=\"elementor-column elementor-col-100 elementor-top-column elementor-element elementor-element-4a6757f4\" data-id=\"4a6757f4\" data-element_type=\"column\" data-e-type=\"column\">\n\t\t\t<div class=\"elementor-widget-wrap elementor-element-populated\">\n\t\t\t\t\t\t<div class=\"elementor-element elementor-element-28166d2a elementor-widget elementor-widget-image\" data-id=\"28166d2a\" data-element_type=\"widget\" data-e-type=\"widget\" data-widget_type=\"image.default\">\n\t\t\t\t<div class=\"elementor-widget-container\">\n\t\t\t\t\t\t\t\t\t\t\t\t\t\t\t<img fetchpriority=\"high\" decoding=\"async\" width=\"947\" height=\"244\" src=\"https:\/\/wadirumquietvillage.com\/wp-content\/uploads\/2020\/06\/background-text-1.png\" class=\"attachment-full size-full wp-image-197\" alt=\"m\" srcset=\"https:\/\/wadirumquietvillage.com\/wp-content\/uploads\/2020\/06\/background-text-1.png 947w, https:\/\/wadirumquietvillage.com\/wp-content\/uploads\/2020\/06\/background-text-1-300x77.png 300w, https:\/\/wadirumquietvillage.com\/wp-content\/uploads\/2020\/06\/background-text-1-768x198.png 768w, https:\/\/wadirumquietvillage.com\/wp-content\/uploads\/2020\/06\/background-text-1-700x180.png 700w\" sizes=\"(max-width: 947px) 100vw, 947px\" \/>\t\t\t\t\t\t\t\t\t\t\t\t\t\t\t<\/div>\n\t\t\t\t<\/div>\n\t\t\t\t\t<\/div>\n\t\t<\/div>\n\t\t\t\t\t<\/div>\n\t\t<\/section>\n\t\t\t\t<section class=\"elementor-section elementor-top-section elementor-element elementor-element-36795fa8 elementor-section-full_width qode_elementor_container_inner elementor-section-height-default elementor-section-height-default parallax_section_no\" data-id=\"36795fa8\" data-element_type=\"section\" data-e-type=\"section\">\n\t\t\t\t\t\t<div class=\"elementor-container elementor-column-gap-no\">\n\t\t\t\t\t<div class=\"elementor-column elementor-col-100 elementor-top-column elementor-element elementor-element-8ff9c97\" data-id=\"8ff9c97\" data-element_type=\"column\" data-e-type=\"column\">\n\t\t\t<div class=\"elementor-widget-wrap elementor-element-populated\">\n\t\t\t\t\t\t<div class=\"elementor-element elementor-element-16eb5cc8 elementor-widget elementor-widget-text-editor\" data-id=\"16eb5cc8\" data-element_type=\"widget\" data-e-type=\"widget\" data-widget_type=\"text-editor.default\">\n\t\t\t\t<div class=\"elementor-widget-container\">\n\t\t\t\t\t\t\t\t\t<h1 style=\"text-align: center;\">Kamel reitet<\/h1>\n\t\t\t\t\t\t\t\t<\/div>\n\t\t\t\t<\/div>\n\t\t\t\t<div class=\"elementor-element elementor-element-201c38f7 elementor-widget-divider--view-line elementor-widget elementor-widget-divider\" data-id=\"201c38f7\" data-element_type=\"widget\" data-e-type=\"widget\" data-widget_type=\"divider.default\">\n\t\t\t\t<div class=\"elementor-widget-container\">\n\t\t\t\t\t\t\t<div class=\"elementor-divider\">\n\t\t\t<span class=\"elementor-divider-separator\">\n\t\t\t\t\t\t<\/span>\n\t\t<\/div>\n\t\t\t\t\t\t<\/div>\n\t\t\t\t<\/div>\n\t\t\t\t<div class=\"elementor-element elementor-element-3f86e969 elementor-widget elementor-widget-text-editor\" data-id=\"3f86e969\" data-element_type=\"widget\" data-e-type=\"widget\" data-widget_type=\"text-editor.default\">\n\t\t\t\t<div class=\"elementor-widget-container\">\n\t\t\t\t\t\t\t\t\t<h5 style=\"letter-spacing: normal; text-align: center;\">Erleben Sie dieses magische \u00d6kosystem der jordanischen W\u00fcste mit seinen weitl\u00e4ufigen roten Sandd\u00fcnen und hoch aufragenden Sandsteinb\u00f6gen in Begleitung von qualifizierten F\u00fchrern, die Ihnen ein unvergessliches Erlebnis bereiten werden.<\/h5>\n\t\t\t\t\t\t\t\t<\/div>\n\t\t\t\t<\/div>\n\t\t\t\t\t<\/div>\n\t\t<\/div>\n\t\t\t\t\t<\/div>\n\t\t<\/section>\n\t\t\t\t<section class=\"elementor-section elementor-top-section elementor-element elementor-element-1921b350 elementor-section-full_width qode_elementor_container_inner elementor-section-height-default elementor-section-height-default parallax_section_no\" data-id=\"1921b350\" data-element_type=\"section\" data-e-type=\"section\">\n\t\t\t\t\t\t<div class=\"elementor-container elementor-column-gap-no\">\n\t\t\t\t\t<div class=\"elementor-column elementor-col-100 elementor-top-column elementor-element elementor-element-90ef423\" data-id=\"90ef423\" data-element_type=\"column\" data-e-type=\"column\">\n\t\t\t<div class=\"elementor-widget-wrap elementor-element-populated\">\n\t\t\t\t\t\t<div class=\"elementor-element elementor-element-62f6eabf elementor-widget elementor-widget-qode_tours_list\" data-id=\"62f6eabf\" data-element_type=\"widget\" data-e-type=\"widget\" data-widget_type=\"qode_tours_list.default\">\n\t\t\t\t<div class=\"elementor-widget-container\">\n\t\t\t\t\t<div class=\"qode-tours-list-holder qode-tours-row qode-large-space  qode-tours-columns-3 qode-tours-type-standard\">\n\t\t\t\n\t\t\n        <div class=\"qode-tours-list-holder-inner qode-tours-row-inner-holder qode-outer-space\">\n\t\t\t<div class=\"qode-tours-list-grid-sizer\"><\/div>\n\t\t\t\t\t<div class=\"qode-tours-standard-item qode-tours-row-item qode-item-space post-2631 tour-item type-tour-item status-publish has-post-thumbnail hentry tour-category-kamel-reitet\">\n\t<div class=\"qode-tour-item-inner\">\n\t\t\t\t\t<div class=\"qode-tours-standard-item-image-holder\">\n\t\t\t\t<a href=\"https:\/\/wadirumquietvillage.com\/de\/tour-item\/kamelritt-ein-halber-tag-ueber-nacht-wadirum\/\">\n\t\t\t\t\t<img decoding=\"async\" width=\"442\" height=\"735\" src=\"https:\/\/wadirumquietvillage.com\/wp-content\/uploads\/2023\/07\/Stary-night.png\" class=\"attachment-full size-full\" alt=\"\" srcset=\"https:\/\/wadirumquietvillage.com\/wp-content\/uploads\/2023\/07\/Stary-night.png 442w, https:\/\/wadirumquietvillage.com\/wp-content\/uploads\/2023\/07\/Stary-night-180x300.png 180w\" sizes=\"(max-width: 442px) 100vw, 442px\" \/>\t\t\t\t<\/a>\n\t\t\t\t\t\t\t\t\t<span class=\"qode-tours-standard-item-label-holder\">\n\t\t\t\t\t\t\n\t\t<span class=\"qode-tour-item-label\">\n\t\t\t<span class=\"qode-tour-item-label-inner\">\n\t\t\t\t\t\t\t<\/span>\n\t\t<\/span>\n\n\t\t\t\t\t\t\t<\/span>\n\t\t\t\t\t\t\t<\/div>\n\t\t\n\t\t<div class=\"qode-tours-standard-item-content-holder\">\n\t\t\t<div class=\"qode-tours-standard-item-content-inner\">\n\t\t\t\t<div class=\"qode-tours-standard-item-title-price-holder\">\n\t\t\t\t\t<h4 class=\"qode-tour-title\">\n\t\t\t\t\t\t<a href=\"https:\/\/wadirumquietvillage.com\/de\/tour-item\/kamelritt-ein-halber-tag-ueber-nacht-wadirum\/\">Kamelritt : Ein halber Tag \u00fcber Nacht<\/a>\n\t\t\t\t\t<\/h4>\n\t\t\t\t\t<span class=\"qode-tours-standard-item-price-holder\">\n\t\t\t\t\t\t\n\t\t<span class=\"qode-tours-price-holder\">\n\t\t\t\t\t\t\t\t<\/span>\n\n\t\t\t\t\t\t\t<\/span>\n\t\t\t\t<\/div>\n\n                            <div class=\"qode-tours-standard-item-bottom-item\">\n                            <div class=\"qode-info-section-part qode-tour-item-reviews\">\n            <span class=\"qode-single-rating-value\">\n                    <\/span>\n        <\/div>\n\n                        <\/div>\n            \n\t\t\t\t\t\t\t\t\t<div class=\"qode-tours-standard-item-excerpt\">\n\t\t\t\t\t\tHalbt\u00e4giger Kamelritt \u00fcber Nacht\t\t\t\t\t<\/div>\n\t\t\t\t\t\t\t<\/div>\n\t\t\t<div class=\"qode-tours-standard-item-bottom-content\">\n\t\t\t\t\t\t\t\t\t<div class=\"qode-tours-standard-item-bottom-item\">\n\t\t\t\t\t\t\n\t\t\n\t\t\t<div class=\"qode-tour-duration-holder\">\n\t\t\t    <span class=\"qode-tour-duration-icon qode-tour-info-icon\">\n\t\t\t\t\t<span class=\"dripicons-clock\"><\/span>\n\t\t\t    <\/span>\n\t\t\t\t<span class=\"qode-tour-info-label\">\n\t\t\t\t\t24 Stunden\t\t\t\t<\/span>\n\t\t\t<\/div>\n\n\t\t\n\t\t\t\t\t\t\t<\/div>\n\t\t\t\t\n\t\t\t\t\t\t\t\t\t\t\t\t\t<div class=\"qode-tours-standard-item-bottom-item\">\n\t\t\t\t\t\t                \t\t\t\t\t<\/div>\n\t\t\t\t\t\t\t<\/div>\n\t\t<\/div>\n\t<\/div>\n<\/div>\t\t<div class=\"qode-tours-standard-item qode-tours-row-item qode-item-space post-2656 tour-item type-tour-item status-publish has-post-thumbnail hentry tour-category-kamel-reitet\">\n\t<div class=\"qode-tour-item-inner\">\n\t\t\t\t\t<div class=\"qode-tours-standard-item-image-holder\">\n\t\t\t\t<a href=\"https:\/\/wadirumquietvillage.com\/de\/tour-item\/nacht-kamelritt-wadirum\/\">\n\t\t\t\t\t<img decoding=\"async\" width=\"442\" height=\"735\" src=\"https:\/\/wadirumquietvillage.com\/wp-content\/uploads\/2023\/07\/Stary-night.png\" class=\"attachment-full size-full\" alt=\"\" srcset=\"https:\/\/wadirumquietvillage.com\/wp-content\/uploads\/2023\/07\/Stary-night.png 442w, https:\/\/wadirumquietvillage.com\/wp-content\/uploads\/2023\/07\/Stary-night-180x300.png 180w\" sizes=\"(max-width: 442px) 100vw, 442px\" \/>\t\t\t\t<\/a>\n\t\t\t\t\t\t\t\t\t<span class=\"qode-tours-standard-item-label-holder\">\n\t\t\t\t\t\t\n\t\t<span class=\"qode-tour-item-label\">\n\t\t\t<span class=\"qode-tour-item-label-inner\">\n\t\t\t\t\t\t\t<\/span>\n\t\t<\/span>\n\n\t\t\t\t\t\t\t<\/span>\n\t\t\t\t\t\t\t<\/div>\n\t\t\n\t\t<div class=\"qode-tours-standard-item-content-holder\">\n\t\t\t<div class=\"qode-tours-standard-item-content-inner\">\n\t\t\t\t<div class=\"qode-tours-standard-item-title-price-holder\">\n\t\t\t\t\t<h4 class=\"qode-tour-title\">\n\t\t\t\t\t\t<a href=\"https:\/\/wadirumquietvillage.com\/de\/tour-item\/nacht-kamelritt-wadirum\/\">Nacht Kamelritt<\/a>\n\t\t\t\t\t<\/h4>\n\t\t\t\t\t<span class=\"qode-tours-standard-item-price-holder\">\n\t\t\t\t\t\t\n\t\t<span class=\"qode-tours-price-holder\">\n\t\t\t\t\t\t\t\t<\/span>\n\n\t\t\t\t\t\t\t<\/span>\n\t\t\t\t<\/div>\n\n                            <div class=\"qode-tours-standard-item-bottom-item\">\n                            <div class=\"qode-info-section-part qode-tour-item-reviews\">\n            <span class=\"qode-single-rating-value\">\n                    <\/span>\n        <\/div>\n\n                        <\/div>\n            \n\t\t\t\t\t\t\t\t\t<div class=\"qode-tours-standard-item-excerpt\">\n\t\t\t\t\t\tEin Kamelritt in der Nacht\t\t\t\t\t<\/div>\n\t\t\t\t\t\t\t<\/div>\n\t\t\t<div class=\"qode-tours-standard-item-bottom-content\">\n\t\t\t\t\t\t\t\t\t<div class=\"qode-tours-standard-item-bottom-item\">\n\t\t\t\t\t\t\n\t\t\n\t\t\t<div class=\"qode-tour-duration-holder\">\n\t\t\t    <span class=\"qode-tour-duration-icon qode-tour-info-icon\">\n\t\t\t\t\t<span class=\"dripicons-clock\"><\/span>\n\t\t\t    <\/span>\n\t\t\t\t<span class=\"qode-tour-info-label\">\n\t\t\t\t\t1 Stunde in der Nacht\t\t\t\t<\/span>\n\t\t\t<\/div>\n\n\t\t\n\t\t\t\t\t\t\t<\/div>\n\t\t\t\t\n\t\t\t\t\t\t\t\t\t\t\t\t\t<div class=\"qode-tours-standard-item-bottom-item\">\n\t\t\t\t\t\t                \t\t\t\t\t<\/div>\n\t\t\t\t\t\t\t<\/div>\n\t\t<\/div>\n\t<\/div>\n<\/div>\t\t<div class=\"qode-tours-standard-item qode-tours-row-item qode-item-space post-2650 tour-item type-tour-item status-publish has-post-thumbnail hentry tour-category-kamel-reitet\">\n\t<div class=\"qode-tour-item-inner\">\n\t\t\t\t\t<div class=\"qode-tours-standard-item-image-holder\">\n\t\t\t\t<a href=\"https:\/\/wadirumquietvillage.com\/de\/tour-item\/kamelritt-sonnenaufgang-kamelritt-wadirum\/\">\n\t\t\t\t\t<img decoding=\"async\" width=\"734\" height=\"1104\" src=\"https:\/\/wadirumquietvillage.com\/wp-content\/uploads\/2023\/06\/sand-dunes-sahara-desert-e1688481425807.jpg\" class=\"attachment-full size-full\" alt=\"\" srcset=\"https:\/\/wadirumquietvillage.com\/wp-content\/uploads\/2023\/06\/sand-dunes-sahara-desert-e1688481425807.jpg 734w, https:\/\/wadirumquietvillage.com\/wp-content\/uploads\/2023\/06\/sand-dunes-sahara-desert-e1688481425807-199x300.jpg 199w, https:\/\/wadirumquietvillage.com\/wp-content\/uploads\/2023\/06\/sand-dunes-sahara-desert-e1688481425807-681x1024.jpg 681w, https:\/\/wadirumquietvillage.com\/wp-content\/uploads\/2023\/06\/sand-dunes-sahara-desert-e1688481425807-700x1053.jpg 700w\" sizes=\"(max-width: 734px) 100vw, 734px\" \/>\t\t\t\t<\/a>\n\t\t\t\t\t\t\t\t\t<span class=\"qode-tours-standard-item-label-holder\">\n\t\t\t\t\t\t\n\t\t<span class=\"qode-tour-item-label\">\n\t\t\t<span class=\"qode-tour-item-label-inner\">\n\t\t\t\t\t\t\t<\/span>\n\t\t<\/span>\n\n\t\t\t\t\t\t\t<\/span>\n\t\t\t\t\t\t\t<\/div>\n\t\t\n\t\t<div class=\"qode-tours-standard-item-content-holder\">\n\t\t\t<div class=\"qode-tours-standard-item-content-inner\">\n\t\t\t\t<div class=\"qode-tours-standard-item-title-price-holder\">\n\t\t\t\t\t<h4 class=\"qode-tour-title\">\n\t\t\t\t\t\t<a href=\"https:\/\/wadirumquietvillage.com\/de\/tour-item\/kamelritt-sonnenaufgang-kamelritt-wadirum\/\">Kamelritt : Sonnenaufgang Kamelritt<\/a>\n\t\t\t\t\t<\/h4>\n\t\t\t\t\t<span class=\"qode-tours-standard-item-price-holder\">\n\t\t\t\t\t\t\n\t\t<span class=\"qode-tours-price-holder\">\n\t\t\t\t\t\t\t\t<\/span>\n\n\t\t\t\t\t\t\t<\/span>\n\t\t\t\t<\/div>\n\n                            <div class=\"qode-tours-standard-item-bottom-item\">\n                            <div class=\"qode-info-section-part qode-tour-item-reviews\">\n            <span class=\"qode-single-rating-value\">\n                    <\/span>\n        <\/div>\n\n                        <\/div>\n            \n\t\t\t\t\t\t\t\t\t<div class=\"qode-tours-standard-item-excerpt\">\n\t\t\t\t\t\tReiten Sie auf einem Kamel in Sunrise\t\t\t\t\t<\/div>\n\t\t\t\t\t\t\t<\/div>\n\t\t\t<div class=\"qode-tours-standard-item-bottom-content\">\n\t\t\t\t\t\t\t\t\t<div class=\"qode-tours-standard-item-bottom-item\">\n\t\t\t\t\t\t\n\t\t\n\t\t\t<div class=\"qode-tour-duration-holder\">\n\t\t\t    <span class=\"qode-tour-duration-icon qode-tour-info-icon\">\n\t\t\t\t\t<span class=\"dripicons-clock\"><\/span>\n\t\t\t    <\/span>\n\t\t\t\t<span class=\"qode-tour-info-label\">\n\t\t\t\t\t1h30 Stunden\t\t\t\t<\/span>\n\t\t\t<\/div>\n\n\t\t\n\t\t\t\t\t\t\t<\/div>\n\t\t\t\t\n\t\t\t\t\t\t\t\t\t\t\t\t\t<div class=\"qode-tours-standard-item-bottom-item\">\n\t\t\t\t\t\t                \t\t\t\t\t<\/div>\n\t\t\t\t\t\t\t<\/div>\n\t\t<\/div>\n\t<\/div>\n<\/div>\t\t<div class=\"qode-tours-standard-item qode-tours-row-item qode-item-space post-2632 tour-item type-tour-item status-publish has-post-thumbnail hentry tour-category-kamel-reitet\">\n\t<div class=\"qode-tour-item-inner\">\n\t\t\t\t\t<div class=\"qode-tours-standard-item-image-holder\">\n\t\t\t\t<a href=\"https:\/\/wadirumquietvillage.com\/de\/tour-item\/kamelritt-kamelritt-bei-sonnenuntergang-wadirum\/\">\n\t\t\t\t\t<img loading=\"lazy\" decoding=\"async\" width=\"585\" height=\"531\" src=\"https:\/\/wadirumquietvillage.com\/wp-content\/uploads\/2023\/06\/Desert-Sunset-e1688481492330.jpg\" class=\"attachment-full size-full\" alt=\"\" srcset=\"https:\/\/wadirumquietvillage.com\/wp-content\/uploads\/2023\/06\/Desert-Sunset-e1688481492330.jpg 585w, https:\/\/wadirumquietvillage.com\/wp-content\/uploads\/2023\/06\/Desert-Sunset-e1688481492330-300x272.jpg 300w\" sizes=\"(max-width: 585px) 100vw, 585px\" \/>\t\t\t\t<\/a>\n\t\t\t\t\t\t\t\t\t<span class=\"qode-tours-standard-item-label-holder\">\n\t\t\t\t\t\t\n\t\t<span class=\"qode-tour-item-label\">\n\t\t\t<span class=\"qode-tour-item-label-inner\">\n\t\t\t\t\t\t\t<\/span>\n\t\t<\/span>\n\n\t\t\t\t\t\t\t<\/span>\n\t\t\t\t\t\t\t<\/div>\n\t\t\n\t\t<div class=\"qode-tours-standard-item-content-holder\">\n\t\t\t<div class=\"qode-tours-standard-item-content-inner\">\n\t\t\t\t<div class=\"qode-tours-standard-item-title-price-holder\">\n\t\t\t\t\t<h4 class=\"qode-tour-title\">\n\t\t\t\t\t\t<a href=\"https:\/\/wadirumquietvillage.com\/de\/tour-item\/kamelritt-kamelritt-bei-sonnenuntergang-wadirum\/\">Kamelritt : Kamelritt bei Sonnenuntergang<\/a>\n\t\t\t\t\t<\/h4>\n\t\t\t\t\t<span class=\"qode-tours-standard-item-price-holder\">\n\t\t\t\t\t\t\n\t\t<span class=\"qode-tours-price-holder\">\n\t\t\t\t\t\t\t\t<\/span>\n\n\t\t\t\t\t\t\t<\/span>\n\t\t\t\t<\/div>\n\n                            <div class=\"qode-tours-standard-item-bottom-item\">\n                            <div class=\"qode-info-section-part qode-tour-item-reviews\">\n            <span class=\"qode-single-rating-value\">\n                    <\/span>\n        <\/div>\n\n                        <\/div>\n            \n\t\t\t\t\t\t\t\t\t<div class=\"qode-tours-standard-item-excerpt\">\n\t\t\t\t\t\tReiten auf einem Kamel in Sunset\t\t\t\t\t<\/div>\n\t\t\t\t\t\t\t<\/div>\n\t\t\t<div class=\"qode-tours-standard-item-bottom-content\">\n\t\t\t\t\t\t\t\t\t<div class=\"qode-tours-standard-item-bottom-item\">\n\t\t\t\t\t\t\n\t\t\n\t\t\t<div class=\"qode-tour-duration-holder\">\n\t\t\t    <span class=\"qode-tour-duration-icon qode-tour-info-icon\">\n\t\t\t\t\t<span class=\"dripicons-clock\"><\/span>\n\t\t\t    <\/span>\n\t\t\t\t<span class=\"qode-tour-info-label\">\n\t\t\t\t\t1h30 Stunden\t\t\t\t<\/span>\n\t\t\t<\/div>\n\n\t\t\n\t\t\t\t\t\t\t<\/div>\n\t\t\t\t\n\t\t\t\t\t\t\t\t\t\t\t\t\t<div class=\"qode-tours-standard-item-bottom-item\">\n\t\t\t\t\t\t                \t\t\t\t\t<\/div>\n\t\t\t\t\t\t\t<\/div>\n\t\t<\/div>\n\t<\/div>\n<\/div>\t\t<div class=\"qode-tours-standard-item qode-tours-row-item qode-item-space post-2618 tour-item type-tour-item status-publish has-post-thumbnail hentry tour-category-kamel-reitet\">\n\t<div class=\"qode-tour-item-inner\">\n\t\t\t\t\t<div class=\"qode-tours-standard-item-image-holder\">\n\t\t\t\t<a href=\"https:\/\/wadirumquietvillage.com\/de\/tour-item\/kamelritt-3-stunden-wadirum\/\">\n\t\t\t\t\t<img loading=\"lazy\" decoding=\"async\" width=\"581\" height=\"860\" src=\"https:\/\/wadirumquietvillage.com\/wp-content\/uploads\/2023\/07\/Camels-tour-1.jpg\" class=\"attachment-full size-full\" alt=\"\" srcset=\"https:\/\/wadirumquietvillage.com\/wp-content\/uploads\/2023\/07\/Camels-tour-1.jpg 581w, https:\/\/wadirumquietvillage.com\/wp-content\/uploads\/2023\/07\/Camels-tour-1-203x300.jpg 203w\" sizes=\"(max-width: 581px) 100vw, 581px\" \/>\t\t\t\t<\/a>\n\t\t\t\t\t\t\t\t\t<span class=\"qode-tours-standard-item-label-holder\">\n\t\t\t\t\t\t\n\t\t<span class=\"qode-tour-item-label\">\n\t\t\t<span class=\"qode-tour-item-label-inner\">\n\t\t\t\t\t\t\t<\/span>\n\t\t<\/span>\n\n\t\t\t\t\t\t\t<\/span>\n\t\t\t\t\t\t\t<\/div>\n\t\t\n\t\t<div class=\"qode-tours-standard-item-content-holder\">\n\t\t\t<div class=\"qode-tours-standard-item-content-inner\">\n\t\t\t\t<div class=\"qode-tours-standard-item-title-price-holder\">\n\t\t\t\t\t<h4 class=\"qode-tour-title\">\n\t\t\t\t\t\t<a href=\"https:\/\/wadirumquietvillage.com\/de\/tour-item\/kamelritt-3-stunden-wadirum\/\">Kamelritt : 3 Stunden<\/a>\n\t\t\t\t\t<\/h4>\n\t\t\t\t\t<span class=\"qode-tours-standard-item-price-holder\">\n\t\t\t\t\t\t\n\t\t<span class=\"qode-tours-price-holder\">\n\t\t\t\t\t\t\t\t<\/span>\n\n\t\t\t\t\t\t\t<\/span>\n\t\t\t\t<\/div>\n\n                            <div class=\"qode-tours-standard-item-bottom-item\">\n                            <div class=\"qode-info-section-part qode-tour-item-reviews\">\n            <span class=\"qode-single-rating-value\">\n                    <\/span>\n        <\/div>\n\n                        <\/div>\n            \n\t\t\t\t\t\t\t\t\t<div class=\"qode-tours-standard-item-excerpt\">\n\t\t\t\t\t\t3 Stunden Kamelritt\t\t\t\t\t<\/div>\n\t\t\t\t\t\t\t<\/div>\n\t\t\t<div class=\"qode-tours-standard-item-bottom-content\">\n\t\t\t\t\t\t\t\t\t<div class=\"qode-tours-standard-item-bottom-item\">\n\t\t\t\t\t\t\n\t\t\n\t\t\t<div class=\"qode-tour-duration-holder\">\n\t\t\t    <span class=\"qode-tour-duration-icon qode-tour-info-icon\">\n\t\t\t\t\t<span class=\"dripicons-clock\"><\/span>\n\t\t\t    <\/span>\n\t\t\t\t<span class=\"qode-tour-info-label\">\n\t\t\t\t\t3 Stunden\t\t\t\t<\/span>\n\t\t\t<\/div>\n\n\t\t\n\t\t\t\t\t\t\t<\/div>\n\t\t\t\t\n\t\t\t\t\t\t\t\t\t\t\t\t\t<div class=\"qode-tours-standard-item-bottom-item\">\n\t\t\t\t\t\t                \t\t\t\t\t<\/div>\n\t\t\t\t\t\t\t<\/div>\n\t\t<\/div>\n\t<\/div>\n<\/div>\t\t<div class=\"qode-tours-standard-item qode-tours-row-item qode-item-space post-2613 tour-item type-tour-item status-publish has-post-thumbnail hentry tour-category-kamel-reitet\">\n\t<div class=\"qode-tour-item-inner\">\n\t\t\t\t\t<div class=\"qode-tours-standard-item-image-holder\">\n\t\t\t\t<a href=\"https:\/\/wadirumquietvillage.com\/de\/tour-item\/kamelritt-eine-stunde-wadirum\/\">\n\t\t\t\t\t<img loading=\"lazy\" decoding=\"async\" width=\"495\" height=\"858\" src=\"https:\/\/wadirumquietvillage.com\/wp-content\/uploads\/2023\/07\/Camel-ride-3h.jpg\" class=\"attachment-full size-full\" alt=\"\" srcset=\"https:\/\/wadirumquietvillage.com\/wp-content\/uploads\/2023\/07\/Camel-ride-3h.jpg 495w, https:\/\/wadirumquietvillage.com\/wp-content\/uploads\/2023\/07\/Camel-ride-3h-173x300.jpg 173w\" sizes=\"(max-width: 495px) 100vw, 495px\" \/>\t\t\t\t<\/a>\n\t\t\t\t\t\t\t\t\t<span class=\"qode-tours-standard-item-label-holder\">\n\t\t\t\t\t\t\n\t\t<span class=\"qode-tour-item-label\">\n\t\t\t<span class=\"qode-tour-item-label-inner\">\n\t\t\t\t\t\t\t<\/span>\n\t\t<\/span>\n\n\t\t\t\t\t\t\t<\/span>\n\t\t\t\t\t\t\t<\/div>\n\t\t\n\t\t<div class=\"qode-tours-standard-item-content-holder\">\n\t\t\t<div class=\"qode-tours-standard-item-content-inner\">\n\t\t\t\t<div class=\"qode-tours-standard-item-title-price-holder\">\n\t\t\t\t\t<h4 class=\"qode-tour-title\">\n\t\t\t\t\t\t<a href=\"https:\/\/wadirumquietvillage.com\/de\/tour-item\/kamelritt-eine-stunde-wadirum\/\">Kamelritt : Eine Stunde<\/a>\n\t\t\t\t\t<\/h4>\n\t\t\t\t\t<span class=\"qode-tours-standard-item-price-holder\">\n\t\t\t\t\t\t\n\t\t<span class=\"qode-tours-price-holder\">\n\t\t\t\t\t\t\t\t<\/span>\n\n\t\t\t\t\t\t\t<\/span>\n\t\t\t\t<\/div>\n\n                            <div class=\"qode-tours-standard-item-bottom-item\">\n                            <div class=\"qode-info-section-part qode-tour-item-reviews\">\n            <span class=\"qode-single-rating-value\">\n                    <\/span>\n        <\/div>\n\n                        <\/div>\n            \n\t\t\t\t\t\t\t\t\t<div class=\"qode-tours-standard-item-excerpt\">\n\t\t\t\t\t\tEine Stunde Kamelritt\t\t\t\t\t<\/div>\n\t\t\t\t\t\t\t<\/div>\n\t\t\t<div class=\"qode-tours-standard-item-bottom-content\">\n\t\t\t\t\t\t\t\t\t<div class=\"qode-tours-standard-item-bottom-item\">\n\t\t\t\t\t\t\n\t\t\n\t\t\t<div class=\"qode-tour-duration-holder\">\n\t\t\t    <span class=\"qode-tour-duration-icon qode-tour-info-icon\">\n\t\t\t\t\t<span class=\"dripicons-clock\"><\/span>\n\t\t\t    <\/span>\n\t\t\t\t<span class=\"qode-tour-info-label\">\n\t\t\t\t\t1 Stunde\t\t\t\t<\/span>\n\t\t\t<\/div>\n\n\t\t\n\t\t\t\t\t\t\t<\/div>\n\t\t\t\t\n\t\t\t\t\t\t\t\t\t\t\t\t\t<div class=\"qode-tours-standard-item-bottom-item\">\n\t\t\t\t\t\t                \t\t\t\t\t<\/div>\n\t\t\t\t\t\t\t<\/div>\n\t\t<\/div>\n\t<\/div>\n<\/div>\t\t<\/div>\n\n\t\t\t\t\t<div class=\"qode-tours-pagination-holder qode-tours-pagination-load-more\">\n\t\t\t\t\t\t\t\t\t<a  itemprop=\"url\" href=\"#\" target=\"_self\"  class=\"qbutton  default qode-tours-load-more-button\" style=\"\">Load More<\/a>\t\t\t\t\t\t\t<\/div>\n\n\t\t\n\n\t\t<\/div>\t\t\t\t<\/div>\n\t\t\t\t<\/div>\n\t\t\t\t\t<\/div>\n\t\t<\/div>\n\t\t\t\t\t<\/div>\n\t\t<\/section>\n\t\t\t\t<section class=\"elementor-section elementor-top-section elementor-element elementor-element-32ee1924 elementor-section-full_width elementor-section-height-default elementor-section-height-default parallax_section_no qode_elementor_container_no\" data-id=\"32ee1924\" data-element_type=\"section\" data-e-type=\"section\" data-settings=\"{&quot;background_background&quot;:&quot;classic&quot;}\">\n\t\t\t\t\t\t<div class=\"elementor-container elementor-column-gap-no\">\n\t\t\t\t\t<div class=\"elementor-column elementor-col-100 elementor-top-column elementor-element elementor-element-d8c5ec7\" data-id=\"d8c5ec7\" data-element_type=\"column\" data-e-type=\"column\">\n\t\t\t<div class=\"elementor-widget-wrap\">\n\t\t\t\t\t\t\t<\/div>\n\t\t<\/div>\n\t\t\t\t\t<\/div>\n\t\t<\/section>\n\t\t\t\t<\/div>\n\t\t","protected":false},"excerpt":{"rendered":"<p>Kamel reitet Erleben Sie dieses magische \u00d6kosystem der jordanischen W\u00fcste mit seinen weitl\u00e4ufigen roten Sandd\u00fcnen und hoch aufragenden Sandsteinb\u00f6gen in Begleitung von qualifizierten F\u00fchrern, die Ihnen ein unvergessliches Erlebnis bereiten werden. Camel ride : Half a day overnight Half a day overnight camel ride 24&#8230;<\/p>\n","protected":false},"author":1,"featured_media":0,"parent":0,"menu_order":0,"comment_status":"closed","ping_status":"closed","template":"full_width.php","meta":{"_sharing_image":[],"_sharing_image_fieldset":[],"footnotes":""},"class_list":["post-3170","page","type-page","status-publish","hentry"],"_links":{"self":[{"href":"https:\/\/wadirumquietvillage.com\/de\/wp-json\/wp\/v2\/pages\/3170","targetHints":{"allow":["GET"]}}],"collection":[{"href":"https:\/\/wadirumquietvillage.com\/de\/wp-json\/wp\/v2\/pages"}],"about":[{"href":"https:\/\/wadirumquietvillage.com\/de\/wp-json\/wp\/v2\/types\/page"}],"author":[{"embeddable":true,"href":"https:\/\/wadirumquietvillage.com\/de\/wp-json\/wp\/v2\/users\/1"}],"replies":[{"embeddable":true,"href":"https:\/\/wadirumquietvillage.com\/de\/wp-json\/wp\/v2\/comments?post=3170"}],"version-history":[{"count":3,"href":"https:\/\/wadirumquietvillage.com\/de\/wp-json\/wp\/v2\/pages\/3170\/revisions"}],"predecessor-version":[{"id":3319,"href":"https:\/\/wadirumquietvillage.com\/de\/wp-json\/wp\/v2\/pages\/3170\/revisions\/3319"}],"wp:attachment":[{"href":"https:\/\/wadirumquietvillage.com\/de\/wp-json\/wp\/v2\/media?parent=3170"}],"curies":[{"name":"wp","href":"https:\/\/api.w.org\/{rel}","templated":true}]}}