{"id":2536,"date":"2023-07-04T14:12:17","date_gmt":"2023-07-04T14:12:17","guid":{"rendered":"http:\/\/uzl.drf.mybluehost.me\/bedingungen-fuer-die-nutzung\/"},"modified":"2023-07-18T09:48:02","modified_gmt":"2023-07-18T09:48:02","slug":"bedingungen-fuer-die-nutzung","status":"publish","type":"page","link":"https:\/\/wadirumquietvillage.com\/de\/bedingungen-fuer-die-nutzung\/","title":{"rendered":"Bedingungen f\u00fcr die Nutzung"},"content":{"rendered":"\t\t<div data-elementor-type=\"wp-page\" data-elementor-id=\"2536\" class=\"elementor elementor-2536 elementor-1046\">\n\t\t\t\t\t\t<section class=\"elementor-section elementor-top-section elementor-element elementor-element-a144a91 elementor-section-boxed elementor-section-height-default elementor-section-height-default parallax_section_no qode_elementor_container_no\" data-id=\"a144a91\" data-element_type=\"section\" data-e-type=\"section\">\n\t\t\t\t\t\t<div class=\"elementor-container elementor-column-gap-default\">\n\t\t\t\t\t<div class=\"elementor-column elementor-col-100 elementor-top-column elementor-element elementor-element-f968433\" data-id=\"f968433\" data-element_type=\"column\" data-e-type=\"column\">\n\t\t\t<div class=\"elementor-widget-wrap\">\n\t\t\t\t\t\t\t<\/div>\n\t\t<\/div>\n\t\t\t\t\t<\/div>\n\t\t<\/section>\n\t\t\t\t<section class=\"elementor-section elementor-top-section elementor-element elementor-element-b26006b elementor-hidden-desktop elementor-section-boxed elementor-section-height-default elementor-section-height-default parallax_section_no qode_elementor_container_no\" data-id=\"b26006b\" data-element_type=\"section\" data-e-type=\"section\">\n\t\t\t\t\t\t<div class=\"elementor-container elementor-column-gap-default\">\n\t\t\t\t\t<div class=\"elementor-column elementor-col-100 elementor-top-column elementor-element elementor-element-d4bace3\" data-id=\"d4bace3\" data-element_type=\"column\" data-e-type=\"column\">\n\t\t\t<div class=\"elementor-widget-wrap elementor-element-populated\">\n\t\t\t\t\t\t<div class=\"elementor-element elementor-element-46973bc elementor-widget elementor-widget-spacer\" data-id=\"46973bc\" data-element_type=\"widget\" data-e-type=\"widget\" data-widget_type=\"spacer.default\">\n\t\t\t\t<div class=\"elementor-widget-container\">\n\t\t\t\t\t\t\t<div class=\"elementor-spacer\">\n\t\t\t<div class=\"elementor-spacer-inner\"><\/div>\n\t\t<\/div>\n\t\t\t\t\t\t<\/div>\n\t\t\t\t<\/div>\n\t\t\t\t\t<\/div>\n\t\t<\/div>\n\t\t\t\t\t<\/div>\n\t\t<\/section>\n\t\t\t\t<section class=\"elementor-section elementor-top-section elementor-element elementor-element-2d827f44 elementor-section-boxed elementor-section-height-default elementor-section-height-default parallax_section_no qode_elementor_container_no\" data-id=\"2d827f44\" data-element_type=\"section\" data-e-type=\"section\">\n\t\t\t\t\t\t<div class=\"elementor-container elementor-column-gap-default\">\n\t\t\t\t\t<div class=\"elementor-column elementor-col-100 elementor-top-column elementor-element elementor-element-71da1e6a\" data-id=\"71da1e6a\" data-element_type=\"column\" data-e-type=\"column\">\n\t\t\t<div class=\"elementor-widget-wrap elementor-element-populated\">\n\t\t\t\t\t\t<div class=\"elementor-element elementor-element-1a6f15c0 elementor-widget elementor-widget-text-editor\" data-id=\"1a6f15c0\" data-element_type=\"widget\" data-e-type=\"widget\" data-widget_type=\"text-editor.default\">\n\t\t\t\t<div class=\"elementor-widget-container\">\n\t\t\t\t\t\t\t\t\t<p style=\"margin-bottom: 20px; font-family: inherit; font-size: 16px; font-style: inherit;\">Bitte lesen Sie diese Allgemeinen Gesch\u00e4ftsbedingungen (&#8222;Bedingungen&#8220;) sorgf\u00e4ltig durch, bevor Sie die von Wadi Rum Quiet Village (&#8222;uns&#8220;, &#8222;wir&#8220; oder &#8222;unser&#8220;) betriebene Website https:\/\/wadirumquietvillage.camp\/ (der &#8222;Service&#8220;) nutzen.<\/p>\n<p style=\"margin-bottom: 20px; font-family: inherit; font-size: 16px; font-style: inherit;\">Ihr Zugang zu und Ihre Nutzung des Dienstes setzt voraus, dass Sie die vorliegenden Bedingungen akzeptieren und einhalten. Diese Bedingungen gelten f\u00fcr alle Besucher, Nutzer und andere, die auf den Dienst zugreifen oder ihn nutzen.<\/p>\n<p style=\"margin-bottom: 20px; font-family: inherit; font-size: 16px; font-style: inherit;\">Durch den Zugriff auf den Dienst oder dessen Nutzung erkl\u00e4ren Sie sich mit diesen Bedingungen einverstanden. Wenn Sie mit irgendeinem Teil der Bedingungen nicht einverstanden sind, d\u00fcrfen Sie nicht auf den Dienst zugreifen. Diese Vereinbarung \u00fcber die Allgemeinen Gesch\u00e4ftsbedingungen f\u00fcr Wadi Rum Quiet Village wird von Terms Feed unterst\u00fctzt.<br style=\"margin: 0px; padding: 0px;\">Links zu anderen Websites<\/p>\n<p style=\"margin-bottom: 20px; font-family: inherit; font-size: 16px; font-style: inherit;\">Unser Service kann Links zu Websites oder Dienstleistungen Dritter enthalten, die nicht im Besitz oder unter der Kontrolle von Wadi Rum Quiet Village sind.<\/p>\n<p style=\"margin-bottom: 20px; font-family: inherit; font-size: 16px; font-style: inherit;\">Wadi Rum Quiet Village hat keine Kontrolle \u00fcber und \u00fcbernimmt keine Verantwortung f\u00fcr den Inhalt, die Datenschutzrichtlinien oder die Praktiken von Websites oder Diensten Dritter. Sie erkennen weiterhin an und stimmen zu, dass Wadi Rum Quiet Village weder direkt noch indirekt f\u00fcr Sch\u00e4den oder Verluste verantwortlich oder haftbar ist, die durch oder in Verbindung mit der Nutzung von oder dem Vertrauen auf solche Inhalte, Waren oder Dienstleistungen, die auf oder \u00fcber solche Websites oder Dienstleistungen verf\u00fcgbar sind, verursacht wurden oder angeblich verursacht wurden.<\/p>\n<p style=\"margin-bottom: 20px; font-family: inherit; font-size: 16px; font-style: inherit;\">Wir raten Ihnen dringend, die Gesch\u00e4ftsbedingungen und Datenschutzrichtlinien aller Websites oder Dienste Dritter, die Sie besuchen, zu lesen.<br style=\"margin: 0px; padding: 0px;\">Geltendes Recht<\/p>\n<p style=\"margin-bottom: 20px; font-family: inherit; font-size: 16px; font-style: inherit;\">Diese Bedingungen unterliegen den jordanischen Gesetzen und sind entsprechend auszulegen, ungeachtet der Bestimmungen des Kollisionsrechts.<\/p>\n<p style=\"margin-bottom: 20px; font-family: inherit; font-size: 16px; font-style: inherit;\">Unser Vers\u00e4umnis, ein Recht oder eine Bestimmung dieser Bedingungen durchzusetzen, gilt nicht als Verzicht auf diese Rechte. Falls eine Bestimmung dieser Bedingungen von einem Gericht f\u00fcr ung\u00fcltig oder nicht durchsetzbar erkl\u00e4rt wird, bleiben die \u00fcbrigen Bestimmungen dieser Bedingungen in Kraft. Diese Bedingungen stellen die gesamte Vereinbarung zwischen uns in Bezug auf unseren Service dar und ersetzen alle fr\u00fcheren Vereinbarungen zwischen uns in Bezug auf den Service.<br style=\"margin: 0px; padding: 0px;\">\u00c4nderungen<\/p>\n<p style=\"margin-bottom: 20px; font-family: inherit; font-size: 16px; font-style: inherit;\">Wir behalten uns das Recht vor, diese Bedingungen jederzeit und nach eigenem Ermessen zu \u00e4ndern oder zu ersetzen. Wenn eine \u00c4nderung wesentlich ist, werden wir versuchen, mindestens 15 Tage vor Inkrafttreten der neuen Bedingungen Bescheid zu geben. Was eine wesentliche \u00c4nderung darstellt, wird nach unserem alleinigen Ermessen festgelegt.<\/p>\n<p style=\"margin-bottom: 20px; font-family: inherit; font-size: 16px; font-style: inherit;\">Indem Sie nach Inkrafttreten dieser \u00c4nderungen weiterhin auf unseren Service zugreifen oder ihn nutzen, erkl\u00e4ren Sie sich mit den \u00fcberarbeiteten Bedingungen einverstanden. Wenn Sie mit den neuen Bedingungen nicht einverstanden sind, stellen Sie bitte die Nutzung des Dienstes ein.<br style=\"margin: 0px; padding: 0px;\">Kontakt<\/p>\n<p style=\"margin-bottom: 20px; font-family: inherit; font-size: 16px; font-style: inherit;\">Wenn Sie Fragen zu diesen Bedingungen haben, wenden Sie sich bitte an uns.<\/p>\t\t\t\t\t\t\t\t<\/div>\n\t\t\t\t<\/div>\n\t\t\t\t\t<\/div>\n\t\t<\/div>\n\t\t\t\t\t<\/div>\n\t\t<\/section>\n\t\t\t\t<\/div>\n\t\t","protected":false},"excerpt":{"rendered":"<p>Bitte lesen Sie diese Allgemeinen Gesch\u00e4ftsbedingungen (&#8222;Bedingungen&#8220;) sorgf\u00e4ltig durch, bevor Sie die von Wadi Rum Quiet Village (&#8222;uns&#8220;, &#8222;wir&#8220; oder &#8222;unser&#8220;) betriebene Website https:\/\/wadirumquietvillage.camp\/ (der &#8222;Service&#8220;) nutzen. Ihr Zugang zu und Ihre Nutzung des Dienstes setzt voraus, dass Sie die vorliegenden Bedingungen akzeptieren und einhalten&#8230;.<\/p>\n","protected":false},"author":1,"featured_media":0,"parent":0,"menu_order":0,"comment_status":"closed","ping_status":"closed","template":"","meta":{"_sharing_image":[],"_sharing_image_fieldset":[],"footnotes":""},"class_list":["post-2536","page","type-page","status-publish","hentry"],"_links":{"self":[{"href":"https:\/\/wadirumquietvillage.com\/de\/wp-json\/wp\/v2\/pages\/2536","targetHints":{"allow":["GET"]}}],"collection":[{"href":"https:\/\/wadirumquietvillage.com\/de\/wp-json\/wp\/v2\/pages"}],"about":[{"href":"https:\/\/wadirumquietvillage.com\/de\/wp-json\/wp\/v2\/types\/page"}],"author":[{"embeddable":true,"href":"https:\/\/wadirumquietvillage.com\/de\/wp-json\/wp\/v2\/users\/1"}],"replies":[{"embeddable":true,"href":"https:\/\/wadirumquietvillage.com\/de\/wp-json\/wp\/v2\/comments?post=2536"}],"version-history":[{"count":1,"href":"https:\/\/wadirumquietvillage.com\/de\/wp-json\/wp\/v2\/pages\/2536\/revisions"}],"predecessor-version":[{"id":2537,"href":"https:\/\/wadirumquietvillage.com\/de\/wp-json\/wp\/v2\/pages\/2536\/revisions\/2537"}],"wp:attachment":[{"href":"https:\/\/wadirumquietvillage.com\/de\/wp-json\/wp\/v2\/media?parent=2536"}],"curies":[{"name":"wp","href":"https:\/\/api.w.org\/{rel}","templated":true}]}}