{"id":2511,"date":"2023-06-30T14:39:33","date_gmt":"2023-06-30T14:39:33","guid":{"rendered":"http:\/\/uzl.drf.mybluehost.me\/ihr-lizenzierter-fuehrer\/"},"modified":"2023-08-10T12:56:53","modified_gmt":"2023-08-10T12:56:53","slug":"ihr-lizenzierter-fuehrer","status":"publish","type":"page","link":"https:\/\/wadirumquietvillage.com\/de\/ihr-lizenzierter-fuehrer\/","title":{"rendered":"Ihr lizenzierter F\u00fchrer"},"content":{"rendered":"\n<p><\/p>\n\n<p><\/p>\n\n<h2 class=\"wp-block-heading has-text-align-center\">\u00dcber Saleem<\/h2>\n\n<div style=\"height:37px\" aria-hidden=\"true\" class=\"wp-block-spacer\"><\/div>\n\n<p>Saleem ist ein sehr erfahrener W\u00fcstenf\u00fchrer, der die Lizenz der Wadi Rum Protected Area Authority besitzt. Da er selbst ein Beduine ist und in der W\u00fcste aufgewachsen ist, kennt er jeden Zentimeter der W\u00fcste.<\/p>\n\n<div style=\"height:42px\" aria-hidden=\"true\" class=\"wp-block-spacer\"><\/div>\n\n<blockquote class=\"wp-block-quote is-layout-flow wp-block-quote-is-layout-flow\">\n<p>Saleem hat das Lager seiner Familie, in dem seine Familie vor etwa zwei Jahrzehnten lebte. Im Gegensatz zu den zahlreichen gro\u00dfen und ausgebauten Touristencamps f\u00fcr jeweils mindestens hundert Personen, die sich alle au\u00dferhalb des Schutzgebiets befinden, liegt dieses Beduinencamp innerhalb der Grenzen des Schutzgebiets, mitten im Herzen der W\u00fcste, in einem abgelegenen Schutzgebiet mit wundersch\u00f6nen Sandsteinfelsen. Das Saleh-Camp wird vor allem von denjenigen gesch\u00e4tzt, die die reale Welt der W\u00fcste aus erster Hand erleben wollen, und von denjenigen, die einen Einblick in das wahre Leben und die Traditionen der Beduinen erhalten m\u00f6chten. An diesem verwunschenen Ort wird die Stille f\u00fcr Sie eine neue Bedeutung bekommen. Eine Nacht unter dem sternenklaren W\u00fcstenhimmel ist zweifellos das richtige Mittel, um angespannte Nerven zu entspannen.<\/p>\n\n\n\n<p><\/p>\n\n\n\n<div style=\"height:40px\" aria-hidden=\"true\" class=\"wp-block-spacer\"><\/div>\n<\/blockquote>\n\n<p>Wenn Sie wenig Zeit haben, k\u00f6nnen Sie eine zweist\u00fcndige Tour w\u00e4hlen und einige der wichtigsten Sehensw\u00fcrdigkeiten besichtigen. Es wird jedoch empfohlen, 4-5 Stunden f\u00fcr die verschiedenen Touren einzuplanen. Selbstverst\u00e4ndlich k\u00f6nnen auch ganzt\u00e4gige oder mehrt\u00e4gige Ausfl\u00fcge organisiert werden. Sie lernen die beeindruckendsten Teile der W\u00fcste kennen, darunter historische und kulturelle Sehensw\u00fcrdigkeiten (z. B. zweitausend Jahre alte Nabateus-Felszeichnungen) sowie Sehensw\u00fcrdigkeiten von nat\u00fcrlicher Sch\u00f6nheit (Sandsteint\u00fcrme und -br\u00fccken) usw. Zur Abwechslung k\u00f6nnen Sie das Kamelr\u00fcckenreiten ausprobieren. Verpassen Sie nicht die Gelegenheit, einen wundersch\u00f6nen Sonnenuntergang in der W\u00fcste zu erleben. Ihre W\u00fcstennacht beginnt mit einem traditionellen Abendessen, gefolgt von Beduinengesang und -tanz. Sie verbringen die Nacht in Beduinenzelten oder &#8211; im Sommer &#8211; unter dem Sternenhimmel.<\/p>\n\n<div style=\"height:49px\" aria-hidden=\"true\" class=\"wp-block-spacer\"><\/div>\n<div class=\"wp-block-image\">\n<figure class=\"aligncenter size-large is-resized\"><img fetchpriority=\"high\" decoding=\"async\" src=\"https:\/\/wadirumquietvillage.com\/wp-content\/uploads\/2023\/06\/brown-mountain-blue-sky-during-night-time-1-1024x307.jpg\" alt=\"\" class=\"wp-image-852\" width=\"1131\" height=\"339\" srcset=\"https:\/\/wadirumquietvillage.com\/wp-content\/uploads\/2023\/06\/brown-mountain-blue-sky-during-night-time-1-1024x307.jpg 1024w, https:\/\/wadirumquietvillage.com\/wp-content\/uploads\/2023\/06\/brown-mountain-blue-sky-during-night-time-1-300x90.jpg 300w, https:\/\/wadirumquietvillage.com\/wp-content\/uploads\/2023\/06\/brown-mountain-blue-sky-during-night-time-1-768x230.jpg 768w, https:\/\/wadirumquietvillage.com\/wp-content\/uploads\/2023\/06\/brown-mountain-blue-sky-during-night-time-1-700x210.jpg 700w, https:\/\/wadirumquietvillage.com\/wp-content\/uploads\/2023\/06\/brown-mountain-blue-sky-during-night-time-1.jpg 1292w\" sizes=\"(max-width: 1131px) 100vw, 1131px\" \/><\/figure>\n<\/div>\n<div style=\"height:100px\" aria-hidden=\"true\" class=\"wp-block-spacer\"><\/div>\n","protected":false},"excerpt":{"rendered":"<p>\u00dcber Saleem Saleem ist ein sehr erfahrener W\u00fcstenf\u00fchrer, der die Lizenz der Wadi Rum Protected Area Authority besitzt. Da er selbst ein Beduine ist und in der W\u00fcste aufgewachsen ist, kennt er jeden Zentimeter der W\u00fcste. Wenn Sie wenig Zeit haben, k\u00f6nnen Sie eine zweist\u00fcndige&#8230;<\/p>\n","protected":false},"author":1,"featured_media":0,"parent":0,"menu_order":0,"comment_status":"closed","ping_status":"closed","template":"","meta":{"_sharing_image":[],"_sharing_image_fieldset":[],"footnotes":""},"class_list":["post-2511","page","type-page","status-publish","hentry"],"_links":{"self":[{"href":"https:\/\/wadirumquietvillage.com\/de\/wp-json\/wp\/v2\/pages\/2511","targetHints":{"allow":["GET"]}}],"collection":[{"href":"https:\/\/wadirumquietvillage.com\/de\/wp-json\/wp\/v2\/pages"}],"about":[{"href":"https:\/\/wadirumquietvillage.com\/de\/wp-json\/wp\/v2\/types\/page"}],"author":[{"embeddable":true,"href":"https:\/\/wadirumquietvillage.com\/de\/wp-json\/wp\/v2\/users\/1"}],"replies":[{"embeddable":true,"href":"https:\/\/wadirumquietvillage.com\/de\/wp-json\/wp\/v2\/comments?post=2511"}],"version-history":[{"count":1,"href":"https:\/\/wadirumquietvillage.com\/de\/wp-json\/wp\/v2\/pages\/2511\/revisions"}],"predecessor-version":[{"id":2513,"href":"https:\/\/wadirumquietvillage.com\/de\/wp-json\/wp\/v2\/pages\/2511\/revisions\/2513"}],"wp:attachment":[{"href":"https:\/\/wadirumquietvillage.com\/de\/wp-json\/wp\/v2\/media?parent=2511"}],"curies":[{"name":"wp","href":"https:\/\/api.w.org\/{rel}","templated":true}]}}