{"id":2501,"date":"2023-06-20T18:49:12","date_gmt":"2023-06-20T18:49:12","guid":{"rendered":"http:\/\/uzl.drf.mybluehost.me\/datenschutzbestimmungen\/"},"modified":"2023-08-10T14:24:51","modified_gmt":"2023-08-10T14:24:51","slug":"datenschutzbestimmungen","status":"publish","type":"page","link":"https:\/\/wadirumquietvillage.com\/de\/datenschutzbestimmungen\/","title":{"rendered":"Datenschutzbestimmungen"},"content":{"rendered":"\t\t<div data-elementor-type=\"wp-page\" data-elementor-id=\"2501\" class=\"elementor elementor-2501 elementor-3\">\n\t\t\t\t\t\t<section class=\"elementor-section elementor-top-section elementor-element elementor-element-2d827f44 elementor-section-boxed elementor-section-height-default elementor-section-height-default parallax_section_no qode_elementor_container_no\" data-id=\"2d827f44\" data-element_type=\"section\" data-e-type=\"section\">\n\t\t\t\t\t\t<div class=\"elementor-container elementor-column-gap-default\">\n\t\t\t\t\t<div class=\"elementor-column elementor-col-100 elementor-top-column elementor-element elementor-element-71da1e6a\" data-id=\"71da1e6a\" data-element_type=\"column\" data-e-type=\"column\">\n\t\t\t<div class=\"elementor-widget-wrap elementor-element-populated\">\n\t\t\t\t\t\t\t<\/div>\n\t\t<\/div>\n\t\t\t\t\t<\/div>\n\t\t<\/section>\n\t\t\t\t<section class=\"elementor-section elementor-top-section elementor-element elementor-element-0c87c72 elementor-section-full_width elementor-section-height-default elementor-section-height-default parallax_section_no qode_elementor_container_no\" data-id=\"0c87c72\" data-element_type=\"section\" data-e-type=\"section\">\n\t\t\t\t\t\t<div class=\"elementor-container elementor-column-gap-default\">\n\t\t\t\t\t<div class=\"elementor-column elementor-col-100 elementor-top-column elementor-element elementor-element-6966ca7\" data-id=\"6966ca7\" data-element_type=\"column\" data-e-type=\"column\">\n\t\t\t<div class=\"elementor-widget-wrap elementor-element-populated\">\n\t\t\t\t\t\t<div class=\"elementor-element elementor-element-18a244f elementor-widget elementor-widget-heading\" data-id=\"18a244f\" data-element_type=\"widget\" data-e-type=\"widget\" data-widget_type=\"heading.default\">\n\t\t\t\t<div class=\"elementor-widget-container\">\n\t\t\t\t\t<h2 class=\"elementor-heading-title elementor-size-default\">F\u00fcgen Sie hier Ihren \u00dcberschriftentext ein<\/h2>\t\t\t\t<\/div>\n\t\t\t\t<\/div>\n\t\t\t\t\t<\/div>\n\t\t<\/div>\n\t\t\t\t\t<\/div>\n\t\t<\/section>\n\t\t\t\t<section class=\"elementor-section elementor-top-section elementor-element elementor-element-7e1f688 elementor-section-boxed elementor-section-height-default elementor-section-height-default parallax_section_no qode_elementor_container_no\" data-id=\"7e1f688\" data-element_type=\"section\" data-e-type=\"section\">\n\t\t\t\t\t\t<div class=\"elementor-container elementor-column-gap-default\">\n\t\t\t\t\t<div class=\"elementor-column elementor-col-100 elementor-top-column elementor-element elementor-element-790b66e\" data-id=\"790b66e\" data-element_type=\"column\" data-e-type=\"column\">\n\t\t\t<div class=\"elementor-widget-wrap elementor-element-populated\">\n\t\t\t\t\t\t<div class=\"elementor-element elementor-element-115b73a elementor-hidden-desktop elementor-widget elementor-widget-spacer\" data-id=\"115b73a\" data-element_type=\"widget\" data-e-type=\"widget\" data-widget_type=\"spacer.default\">\n\t\t\t\t<div class=\"elementor-widget-container\">\n\t\t\t\t\t\t\t<div class=\"elementor-spacer\">\n\t\t\t<div class=\"elementor-spacer-inner\"><\/div>\n\t\t<\/div>\n\t\t\t\t\t\t<\/div>\n\t\t\t\t<\/div>\n\t\t\t\t\t<\/div>\n\t\t<\/div>\n\t\t\t\t\t<\/div>\n\t\t<\/section>\n\t\t\t\t<section class=\"elementor-section elementor-top-section elementor-element elementor-element-2ea7473 elementor-section-boxed elementor-section-height-default elementor-section-height-default parallax_section_no qode_elementor_container_no\" data-id=\"2ea7473\" data-element_type=\"section\" data-e-type=\"section\">\n\t\t\t\t\t\t<div class=\"elementor-container elementor-column-gap-default\">\n\t\t\t\t\t<div class=\"elementor-column elementor-col-100 elementor-top-column elementor-element elementor-element-2e70204\" data-id=\"2e70204\" data-element_type=\"column\" data-e-type=\"column\">\n\t\t\t<div class=\"elementor-widget-wrap elementor-element-populated\">\n\t\t\t\t\t\t<div class=\"elementor-element elementor-element-7159e74 elementor-widget elementor-widget-text-editor\" data-id=\"7159e74\" data-element_type=\"widget\" data-e-type=\"widget\" data-widget_type=\"text-editor.default\">\n\t\t\t\t<div class=\"elementor-widget-container\">\n\t\t\t\t\t\t\t\t\t<h2>Wer wir sind<\/h2><p>Wadi Rum Quiet Village (&#8222;wir&#8220;, &#8222;wir&#8220; oder &#8222;unser&#8220;) betreibt die Seite: https: <a href=\"https:\/\/wadirumquietvillage.com\">\/\/wadirumquietvillage.com<\/a><\/p><p>Diese Seite informiert Sie \u00fcber unsere Richtlinien bez\u00fcglich der Erfassung, Verwendung und Weitergabe pers\u00f6nlicher Daten, wenn Sie unseren Service nutzen, sowie \u00fcber die Wahlm\u00f6glichkeiten, die Sie im Zusammenhang mit diesen Daten haben.<\/p><p>Wir verwenden Ihre Daten zur Bereitstellung und Verbesserung des Dienstes. Durch die Nutzung des Dienstes erkl\u00e4ren Sie sich mit der Erfassung und Verwendung von Informationen in \u00dcbereinstimmung mit dieser Richtlinie einverstanden. Sofern in dieser Datenschutzrichtlinie nicht anders definiert, haben die in dieser Datenschutzrichtlinie verwendeten Begriffe dieselbe Bedeutung wie in unseren <a href=\"https:\/\/wadirumquietvillage.camp\/terms-of-use\/\" target=\"_blank\" rel=\"noopener\">Nutzungsbedingungen<\/a>, die Sie unter <a href=\"https:\/\/wadirumquietvillage.camp\/terms-of-use\/\">https:\/\/wadirumquietvillage.camp\/terms-of-use\/<\/a> Sammlung und Verwendung von Informationen finden.<\/p><p>Wir sammeln verschiedene Arten von Informationen zu unterschiedlichen Zwecken, um unseren Service f\u00fcr Sie bereitzustellen und zu verbessern. Erfasste Daten Personenbezogene Daten Bei der Nutzung unseres Dienstes bitten wir Sie m\u00f6glicherweise, uns bestimmte personenbezogene Daten mitzuteilen, die dazu verwendet werden k\u00f6nnen, Sie zu kontaktieren oder zu identifizieren (&#8222;personenbezogene Daten&#8220;). Pers\u00f6nlich identifizierbare Informationen k\u00f6nnen unter anderem sein E-Mail Adresse Telefonnummer Cookies und Nutzungsdaten<\/p><p>Bei der Nutzung unseres Dienstes k\u00f6nnen wir Sie bitten, uns bestimmte personenbezogene Daten mitzuteilen, die dazu verwendet werden k\u00f6nnen, Sie zu kontaktieren oder zu identifizieren (&#8222;personenbezogene Daten&#8220;). Pers\u00f6nlich identifizierbare Informationen k\u00f6nnen unter anderem sein E-Mail Adresse Telefonnummer Cookies und Nutzungsdaten<\/p><h2>Cookies<\/h2><p>Wir verwenden Cookies und \u00e4hnliche Tracking-Technologien, um die Aktivit\u00e4ten in unserem Service zu verfolgen und bestimmte Informationen zu speichern. Cookies sind Dateien mit kleinen Datenmengen, die einen anonymen eindeutigen Identifikator enthalten k\u00f6nnen.<\/p><p>Cookies werden von einer Website an Ihren Browser gesendet und auf Ihrem Ger\u00e4t gespeichert. Als Tracking-Technologien werden auch Beacons, Tags und Skripte verwendet, um Informationen zu sammeln und zu verfolgen und um unseren Service zu verbessern und zu analysieren.<\/p><p>Sie k\u00f6nnen Ihren Browser so einstellen, dass er alle Cookies ablehnt oder anzeigt, wenn ein Cookie gesendet wird. Wenn Sie jedoch keine Cookies akzeptieren, k\u00f6nnen Sie m\u00f6glicherweise einige Teile unseres Dienstes nicht nutzen.<\/p><p>Beispiele f\u00fcr von uns verwendete Cookies:<\/p><p>Sitzungs-Cookies. Wir verwenden Sitzungs-Cookies, um unseren Dienst zu betreiben.<\/p><p>Pr\u00e4ferenz-Cookies. Wir verwenden Pr\u00e4ferenz-Cookies, um Ihre Pr\u00e4ferenzen und verschiedene Einstellungen zu speichern.<\/p><p>Sicherheits-Cookies. Wir verwenden Sicherheits-Cookies f\u00fcr Sicherheitszwecke.<\/p><h2>Verwendung von Daten<\/h2><p>Wadi Rum Quiet Village verwendet die gesammelten Daten f\u00fcr verschiedene Zwecke: Zur Bereitstellung und Aufrechterhaltung des Service Um Sie \u00fcber \u00c4nderungen an unserem Service zu informieren Um Ihnen die Teilnahme an interaktiven Funktionen unseres Service zu erm\u00f6glichen, wenn Sie dies w\u00fcnschen Um Kundenbetreuung und -unterst\u00fctzung bereitzustellen Um Analysen oder wertvolle Informationen bereitzustellen, damit wir den Service verbessern k\u00f6nnen Um die Nutzung des Service zu \u00fcberwachen Um technische Probleme zu erkennen, zu verhindern und zu beheben<\/p><h2>\u00a0<\/h2><h2>\u00dcbermittlung von Daten<\/h2><p>Ihre Informationen, einschlie\u00dflich personenbezogener Daten, k\u00f6nnen an Computer au\u00dferhalb Ihres Staates, Ihrer Provinz, Ihres Landes oder anderer staatlicher Zust\u00e4ndigkeitsbereiche, in denen andere Datenschutzgesetze als in Ihrem Zust\u00e4ndigkeitsbereich gelten, \u00fcbertragen und dort gespeichert werden. Wenn Sie sich au\u00dferhalb Jordaniens befinden und sich daf\u00fcr entscheiden, uns Informationen zukommen zu lassen, beachten Sie bitte, dass wir die Daten, einschlie\u00dflich personenbezogener Daten, nach Jordanien \u00fcbermitteln und sie dort verarbeiten. Mit Ihrer Zustimmung zu dieser Datenschutzrichtlinie und der anschlie\u00dfenden \u00dcbermittlung solcher Informationen erkl\u00e4ren Sie sich mit dieser \u00dcbertragung einverstanden. Wadi Rum Quiet Village wird alle angemessenen Schritte unternehmen, um sicherzustellen, dass Ihre Daten sicher und in \u00dcbereinstimmung mit dieser Datenschutzrichtlinie behandelt werden, und es wird keine \u00dcbertragung Ihrer pers\u00f6nlichen Daten an eine Organisation oder ein Land stattfinden, es sei denn, es sind angemessene Kontrollen vorhanden, die die Sicherheit Ihrer Daten und anderer pers\u00f6nlicher Informationen einschlie\u00dfen. Offenlegung von Daten Gesetzliche Anforderungen Wadi Rum Quiet Village kann Ihre pers\u00f6nlichen Daten offenlegen, wenn wir in gutem Glauben davon ausgehen, dass eine solche Ma\u00dfnahme notwendig ist, um: Um einer gesetzlichen Verpflichtung nachzukommen Um die Rechte oder das Eigentum von Wadi Rum Quiet Village zu sch\u00fctzen und zu verteidigen Um m\u00f6gliches Fehlverhalten im Zusammenhang mit dem Dienst zu verhindern oder zu untersuchen Um die pers\u00f6nliche Sicherheit der Nutzer des Dienstes oder der \u00d6ffentlichkeit zu sch\u00fctzen Um sich vor rechtlicher Haftung zu sch\u00fctzen<\/p><h2>\u00a0<\/h2><h2>Sicherheit der Daten<\/h2><p>Die Sicherheit Ihrer Daten ist uns wichtig, aber bedenken Sie, dass keine Methode der \u00dcbertragung \u00fcber das Internet oder der elektronischen Speicherung 100% sicher ist. Obwohl wir uns bem\u00fchen, Ihre pers\u00f6nlichen Daten mit wirtschaftlich vertretbaren Mitteln zu sch\u00fctzen, k\u00f6nnen wir ihre absolute Sicherheit nicht garantieren. Dienstanbieter Wir k\u00f6nnen Drittunternehmen und Einzelpersonen damit beauftragen, unseren Dienst zu erleichtern (&#8222;Dienstanbieter&#8220;), den Dienst in unserem Namen bereitzustellen, dienstbezogene Dienstleistungen zu erbringen oder uns bei der Analyse der Nutzung unseres Dienstes zu unterst\u00fctzen. Diese Dritten haben nur Zugang zu Ihren pers\u00f6nlichen Daten, um diese Aufgaben in unserem Auftrag zu erf\u00fcllen, und sind verpflichtet, sie nicht weiterzugeben oder f\u00fcr andere Zwecke zu verwenden. Links zu anderen Sites Unser Service kann Links zu anderen Sites enthalten, die nicht von uns betrieben werden. Wenn Sie auf einen Link eines Dritten klicken, werden Sie auf die Website dieses Dritten weitergeleitet. Wir empfehlen Ihnen dringend, die Datenschutzrichtlinien jeder Website, die Sie besuchen, zu lesen. Wir haben keine Kontrolle \u00fcber und \u00fcbernehmen keine Verantwortung f\u00fcr den Inhalt, die Datenschutzrichtlinien oder Praktiken von Websites oder Diensten Dritter. Datenschutz f\u00fcr Kinder Unser Service richtet sich nicht an Personen unter 13 Jahren (&#8222;Kinder&#8220;). Wir sammeln nicht wissentlich pers\u00f6nlich identifizierbare Informationen von Personen unter 13 Jahren. Wenn Sie ein Elternteil oder Erziehungsberechtigter sind und wissen, dass Ihr Kind uns personenbezogene Daten zur Verf\u00fcgung gestellt hat, wenden Sie sich bitte an uns. Wenn wir feststellen, dass wir personenbezogene Daten von Kindern ohne \u00dcberpr\u00fcfung der elterlichen Zustimmung erfasst haben, ergreifen wir Ma\u00dfnahmen, um diese Informationen von unseren Servern zu entfernen.<\/p><h2>\u00c4nderungen an dieser Datenschutzrichtlinie<\/h2><p>Wir k\u00f6nnen unsere Datenschutzrichtlinie von Zeit zu Zeit aktualisieren. Wir werden Sie \u00fcber alle \u00c4nderungen informieren, indem wir die neue Datenschutzrichtlinie auf dieser Seite ver\u00f6ffentlichen. Wir informieren Sie per E-Mail und\/oder durch einen auff\u00e4lligen Hinweis in unserem Service, bevor die \u00c4nderung in Kraft tritt, und aktualisieren das &#8222;Datum des Inkrafttretens&#8220; oben in dieser Datenschutzrichtlinie. Wir empfehlen Ihnen, diese Datenschutzrichtlinie regelm\u00e4\u00dfig auf \u00c4nderungen zu \u00fcberpr\u00fcfen. \u00c4nderungen an dieser Datenschutzrichtlinie treten in Kraft, wenn sie auf dieser Seite ver\u00f6ffentlicht werden.<\/p>\t\t\t\t\t\t\t\t<\/div>\n\t\t\t\t<\/div>\n\t\t\t\t\t<\/div>\n\t\t<\/div>\n\t\t\t\t\t<\/div>\n\t\t<\/section>\n\t\t\t\t<\/div>\n\t\t","protected":false},"excerpt":{"rendered":"<p>F\u00fcgen Sie hier Ihren \u00dcberschriftentext ein Wer wir sind Wadi Rum Quiet Village (&#8222;wir&#8220;, &#8222;wir&#8220; oder &#8222;unser&#8220;) betreibt die Seite: https: \/\/wadirumquietvillage.com Diese Seite informiert Sie \u00fcber unsere Richtlinien bez\u00fcglich der Erfassung, Verwendung und Weitergabe pers\u00f6nlicher Daten, wenn Sie unseren Service nutzen, sowie \u00fcber die&#8230;<\/p>\n","protected":false},"author":1,"featured_media":0,"parent":0,"menu_order":0,"comment_status":"closed","ping_status":"closed","template":"","meta":{"_sharing_image":[],"_sharing_image_fieldset":[],"footnotes":""},"class_list":["post-2501","page","type-page","status-publish","hentry"],"_links":{"self":[{"href":"https:\/\/wadirumquietvillage.com\/de\/wp-json\/wp\/v2\/pages\/2501","targetHints":{"allow":["GET"]}}],"collection":[{"href":"https:\/\/wadirumquietvillage.com\/de\/wp-json\/wp\/v2\/pages"}],"about":[{"href":"https:\/\/wadirumquietvillage.com\/de\/wp-json\/wp\/v2\/types\/page"}],"author":[{"embeddable":true,"href":"https:\/\/wadirumquietvillage.com\/de\/wp-json\/wp\/v2\/users\/1"}],"replies":[{"embeddable":true,"href":"https:\/\/wadirumquietvillage.com\/de\/wp-json\/wp\/v2\/comments?post=2501"}],"version-history":[{"count":7,"href":"https:\/\/wadirumquietvillage.com\/de\/wp-json\/wp\/v2\/pages\/2501\/revisions"}],"predecessor-version":[{"id":3353,"href":"https:\/\/wadirumquietvillage.com\/de\/wp-json\/wp\/v2\/pages\/2501\/revisions\/3353"}],"wp:attachment":[{"href":"https:\/\/wadirumquietvillage.com\/de\/wp-json\/wp\/v2\/media?parent=2501"}],"curies":[{"name":"wp","href":"https:\/\/api.w.org\/{rel}","templated":true}]}}